{"id":320,"date":"2024-08-14T22:10:24","date_gmt":"2024-08-14T22:10:24","guid":{"rendered":"https:\/\/universalinvestmentvisa.com\/?page_id=320"},"modified":"2026-01-20T08:31:58","modified_gmt":"2026-01-20T08:31:58","slug":"kontaktieren-sie-uns","status":"publish","type":"page","link":"https:\/\/investmentvisacn.com\/de\/contact-us\/","title":{"rendered":"Kontakt"},"content":{"rendered":"\t\t<div data-elementor-type=\"wp-page\" data-elementor-id=\"320\" class=\"elementor elementor-320\" data-elementor-post-type=\"page\">\n\t\t\t\t\t\t<section class=\"elementor-section elementor-top-section elementor-element elementor-element-6cea0de elementor-section-stretched elementor-section-full_width elementor-section-height-default elementor-section-height-default\" data-id=\"6cea0de\" data-element_type=\"section\" data-e-type=\"section\" data-settings=\"{&quot;stretch_section&quot;:&quot;section-stretched&quot;}\">\n\t\t\t\t\t\t<div class=\"elementor-container elementor-column-gap-default\">\n\t\t\t\t\t<div class=\"elementor-column elementor-col-50 elementor-top-column elementor-element elementor-element-55eb239\" data-id=\"55eb239\" data-element_type=\"column\" data-e-type=\"column\">\n\t\t\t<div class=\"elementor-widget-wrap elementor-element-populated\">\n\t\t\t\t\t\t<div class=\"elementor-element elementor-element-6c428b4 elementor-widget elementor-widget-html\" data-id=\"6c428b4\" data-element_type=\"widget\" data-e-type=\"widget\" data-widget_type=\"html.default\">\n\t\t\t\t<div class=\"elementor-widget-container\">\n\t\t\t\t\t<section id=\"ivcn-contact-simple\" class=\"ivcn-contact-simple\">\r\n  <div class=\"ivcn-contact-container\">\r\n\r\n    <span class=\"ivcn-contact-badge\">Direct Contact \u2022 Fast Response<\/span>\r\n\r\n    <h2>Contact Investment Visa CN<\/h2>\r\n\r\n    <p class=\"ivcn-contact-text\">\r\n      For confidential inquiries related to investment visas, residency,\r\n      or citizenship programs, contact us directly using the channels below.\r\n      Our team provides clear and professional guidance.\r\n    <\/p>\r\n\r\n    <div class=\"ivcn-contact-items\">\r\n\r\n      <a href=\"https:\/\/wa.me\/15732300371\" target=\"_blank\" class=\"ivcn-contact-card\">\r\n        <span class=\"ivcn-icon\">\ud83d\udcac<\/span>\r\n        <div>\r\n          <strong>WhatsApp<\/strong>\r\n          <span>+1 (573) 230-0371<\/span>\r\n        <\/div>\r\n      <\/a>\r\n\r\n      <a href=\"mailto:info@investmentvisacn.com\" class=\"ivcn-contact-card\">\r\n        <span class=\"ivcn-icon\">\u2709\ufe0f<\/span>\r\n        <div>\r\n          <strong>Email<\/strong>\r\n          <span>info@investmentvisacn.com<\/span>\r\n        <\/div>\r\n      <\/a>\r\n\r\n      <div class=\"ivcn-contact-card\">\r\n        <span class=\"ivcn-icon\">\ud83d\udcde<\/span>\r\n        <div>\r\n          <strong>Phone<\/strong>\r\n          <span>+1 (573) 230-0371<\/span>\r\n        <\/div>\r\n      <\/div>\r\n\r\n    <\/div>\r\n\r\n  <\/div>\r\n<\/section>\r\n\r\n<style>\r\n\/* ===== SIMPLE CONTACT SECTION ===== *\/\r\n.ivcn-contact-simple {\r\n  padding: 90px 20px;\r\n  background: linear-gradient(180deg, #f8fafc, #eef2ff);\r\n  font-family: inherit;\r\n}\r\n\r\n.ivcn-contact-container {\r\n  max-width: 800px;\r\n  margin: auto;\r\n}\r\n\r\n.ivcn-contact-badge {\r\n  display: inline-block;\r\n  background: #0b1c3d;\r\n  color: #ffffff;\r\n  padding: 6px 14px;\r\n  border-radius: 999px;\r\n  font-size: 12px;\r\n  margin-bottom: 14px;\r\n}\r\n\r\n.ivcn-contact-container h2 {\r\n  font-size: 36px;\r\n  color: #020617;\r\n  margin-bottom: 14px;\r\n}\r\n\r\n.ivcn-contact-text {\r\n  font-size: 15px;\r\n  color: #475569;\r\n  line-height: 1.7;\r\n  margin-bottom: 30px;\r\n}\r\n\r\n\/* CONTACT CARDS *\/\r\n.ivcn-contact-items {\r\n  display: grid;\r\n  gap: 16px;\r\n}\r\n\r\n.ivcn-contact-card {\r\n  display: flex;\r\n  align-items: center;\r\n  gap: 16px;\r\n  background: #ffffff;\r\n  padding: 18px 20px;\r\n  border-radius: 16px;\r\n  box-shadow: 0 16px 40px rgba(2,6,23,.08);\r\n  text-decoration: none;\r\n  color: #020617;\r\n  transition: transform .3s ease, box-shadow .3s ease;\r\n}\r\n\r\n.ivcn-contact-card:hover {\r\n  transform: translateY(-4px);\r\n  box-shadow: 0 24px 50px rgba(2,6,23,.14);\r\n}\r\n\r\n.ivcn-icon {\r\n  font-size: 28px;\r\n}\r\n\r\n.ivcn-contact-card strong {\r\n  display: block;\r\n  font-size: 15px;\r\n}\r\n\r\n.ivcn-contact-card span {\r\n  font-size: 13px;\r\n  color: #475569;\r\n}\r\n<\/style>\r\n\t\t\t\t<\/div>\n\t\t\t\t<\/div>\n\t\t\t\t\t<\/div>\n\t\t<\/div>\n\t\t\t\t<div class=\"elementor-column elementor-col-50 elementor-top-column elementor-element elementor-element-9a69433\" data-id=\"9a69433\" data-element_type=\"column\" data-e-type=\"column\">\n\t\t\t<div class=\"elementor-widget-wrap elementor-element-populated\">\n\t\t\t\t\t\t<div class=\"elementor-element elementor-element-f8cdad6 elementor-widget elementor-widget-shortcode\" data-id=\"f8cdad6\" data-element_type=\"widget\" data-e-type=\"widget\" data-widget_type=\"shortcode.default\">\n\t\t\t\t<div class=\"elementor-widget-container\">\n\t\t\t\t\t\t\t<div class=\"elementor-shortcode\"><style id=\"wpforms-css-vars-692\">\n\t\t\t\t#wpforms-692 {\n\t\t\t\t--wpforms-container-padding: 0px;\n--wpforms-container-border-width: 1px;\n--wpforms-container-border-radius: 3px;\n--wpforms-background-color: rgba(0, 0, 0, 0);\n--wpforms-field-size-input-height: 43px;\n--wpforms-field-size-input-spacing: 15px;\n--wpforms-field-size-font-size: 16px;\n--wpforms-field-size-line-height: 19px;\n--wpforms-field-size-padding-h: 14px;\n--wpforms-field-size-checkbox-size: 16px;\n--wpforms-field-size-sublabel-spacing: 5px;\n--wpforms-field-size-icon-size: 1;\n--wpforms-label-size-font-size: 16px;\n--wpforms-label-size-line-height: 19px;\n--wpforms-label-size-sublabel-font-size: 14px;\n--wpforms-label-size-sublabel-line-height: 17px;\n--wpforms-button-size-font-size: 17px;\n--wpforms-button-size-height: 41px;\n--wpforms-button-size-padding-h: 15px;\n--wpforms-button-size-margin-top: 10px;\n--wpforms-container-shadow-size-box-shadow: none;\n\t\t\t}\n\t\t\t<\/style><div class=\"wpforms-container wpforms-container-full wpforms-render-modern\" id=\"wpforms-692\"><form id=\"wpforms-form-692\" class=\"wpforms-validate wpforms-form wpforms-ajax-form\" data-formid=\"692\" method=\"post\" enctype=\"multipart\/form-data\" action=\"\/de\/wp-json\/wp\/v2\/pages\/320\" data-token=\"38aa0dfc7e5543960c0271f3db11d301\" data-token-time=\"1775313227\"><noscript class=\"wpforms-error-noscript\">Bitte aktiviere JavaScript in deinem Browser, um dieses Formular fertigzustellen.<\/noscript><div id=\"wpforms-error-noscript\" style=\"display: none;\">Bitte aktiviere JavaScript in deinem Browser, um dieses Formular fertigzustellen.<\/div><div class=\"wpforms-field-container\"><div id=\"wpforms-692-field_1-container\" class=\"wpforms-field wpforms-field-name\" data-field-id=\"1\"><label class=\"wpforms-field-label\" for=\"wpforms-692-field_1\">Full Name <span class=\"wpforms-required-label\" aria-hidden=\"true\">*<\/span><\/label><input type=\"text\" id=\"wpforms-692-field_1\" class=\"wpforms-field-medium wpforms-field-required\" name=\"wpforms[fields][1]\" aria-errormessage=\"wpforms-692-field_1-error\" required><\/div><div id=\"wpforms-692-field_2-container\" class=\"wpforms-field wpforms-field-email\" data-field-id=\"2\"><label class=\"wpforms-field-label\" for=\"wpforms-692-field_2\">Email <span class=\"wpforms-required-label\" aria-hidden=\"true\">*<\/span><\/label><input type=\"email\" id=\"wpforms-692-field_2\" class=\"wpforms-field-medium wpforms-field-required\" name=\"wpforms[fields][2]\" spellcheck=\"false\" aria-errormessage=\"wpforms-692-field_2-error\" required><\/div>\t\t<div id=\"wpforms-692-field_4-container\"\n\t\t\tclass=\"wpforms-field wpforms-field-text\"\n\t\t\tdata-field-type=\"text\"\n\t\t\tdata-field-id=\"4\"\n\t\t\t>\n\t\t\t<label class=\"wpforms-field-label\" for=\"wpforms-692-field_4\" >Your WhatsApp\/Telegram Email<\/label>\n\t\t\t<input type=\"text\" id=\"wpforms-692-field_4\" class=\"wpforms-field-medium\" name=\"wpforms[fields][4]\" >\n\t\t<\/div>\n\t\t<div id=\"wpforms-692-field_5-container\" class=\"wpforms-field wpforms-field-text\" data-field-id=\"5\"><label class=\"wpforms-field-label\" for=\"wpforms-692-field_5\">WhatsApp\/Telegram <span class=\"wpforms-required-label\" aria-hidden=\"true\">*<\/span><\/label><input type=\"text\" id=\"wpforms-692-field_5\" class=\"wpforms-field-medium wpforms-field-required\" name=\"wpforms[fields][5]\" aria-errormessage=\"wpforms-692-field_5-error\" required><\/div><div id=\"wpforms-692-field_3-container\" class=\"wpforms-field wpforms-field-textarea\" data-field-id=\"3\"><label class=\"wpforms-field-label\" for=\"wpforms-692-field_3\">Your Message<\/label><textarea id=\"wpforms-692-field_3\" class=\"wpforms-field-medium\" name=\"wpforms[fields][3]\" aria-errormessage=\"wpforms-692-field_3-error\" ><\/textarea><\/div><script>\n\t\t\t\t( function() {\n\t\t\t\t\tconst style = document.createElement( 'style' );\n\t\t\t\t\tstyle.appendChild( document.createTextNode( '#wpforms-692-field_4-container { position: absolute !important; overflow: hidden !important; display: inline !important; height: 1px !important; width: 1px !important; z-index: -1000 !important; padding: 0 !important; } #wpforms-692-field_4-container input { visibility: hidden; } #wpforms-conversational-form-page #wpforms-692-field_4-container label { counter-increment: none; }' ) );\n\t\t\t\t\tdocument.head.appendChild( style );\n\t\t\t\t\tdocument.currentScript?.remove();\n\t\t\t\t} )();\n\t\t\t<\/script><\/div><!-- .wpforms-field-container --><div class=\"wpforms-submit-container\" ><input type=\"hidden\" name=\"wpforms[id]\" value=\"692\"><input type=\"hidden\" name=\"page_title\" value=\"\"><input type=\"hidden\" name=\"page_url\" value=\"https:\/\/investmentvisacn.com\/de\/wp-json\/wp\/v2\/pages\/320\"><input type=\"hidden\" name=\"url_referer\" value=\"\"><button type=\"submit\" name=\"wpforms[submit]\" id=\"wpforms-submit-692\" class=\"wpforms-submit\" data-alt-text=\"Sending...\" data-submit-text=\"Submit\" aria-live=\"assertive\" value=\"wpforms-submit\">Submit<\/button><img decoding=\"async\" src=\"https:\/\/investmentvisacn.com\/wp-content\/plugins\/wpforms-lite\/assets\/images\/submit-spin.svg\" class=\"wpforms-submit-spinner\" style=\"display: none;\" width=\"26\" height=\"26\" alt=\"Wird geladen\"><\/div><\/form><\/div>  <!-- .wpforms-container --><\/div>\n\t\t\t\t\t\t<\/div>\n\t\t\t\t<\/div>\n\t\t\t\t\t<\/div>\n\t\t<\/div>\n\t\t\t\t\t<\/div>\n\t\t<\/section>\n\t\t\t\t<\/div>\n\t\t","protected":false},"excerpt":{"rendered":"<p>Direkter Kontakt - schnelle Reaktion Kontakt Investitionsvisum CN F\u00fcr vertrauliche Anfragen zu Investitionsvisa, Aufenthaltsgenehmigungen oder Staatsb\u00fcrgerschaftsprogrammen k\u00f6nnen Sie uns direkt \u00fcber die unten aufgef\u00fchrten Kan\u00e4le kontaktieren. Unser Team bietet klare und professionelle Beratung. \ud83d\udcac WhatsApp +1 (573) 230-0371 \u2709\ufe0f E-Mail info@investmentvisacn.com \ud83d\udcde Telefon +1 (573) 230-0371<\/p>","protected":false},"author":1,"featured_media":0,"parent":0,"menu_order":0,"comment_status":"closed","ping_status":"closed","template":"","meta":{"footnotes":""},"class_list":["post-320","page","type-page","status-publish","hentry"],"yoast_head":"<!-- This site is optimized with the Yoast SEO plugin v27.3 - https:\/\/yoast.com\/product\/yoast-seo-wordpress\/ -->\n<title>Contact us - Investment Visa CN<\/title>\n<meta name=\"robots\" content=\"index, follow, max-snippet:-1, max-image-preview:large, max-video-preview:-1\" \/>\n<link rel=\"canonical\" href=\"https:\/\/investmentvisacn.com\/de\/kontaktieren-sie-uns\/\" \/>\n<meta property=\"og:locale\" content=\"de_DE\" \/>\n<meta property=\"og:type\" content=\"article\" \/>\n<meta property=\"og:title\" content=\"Contact us - Investment Visa CN\" \/>\n<meta property=\"og:description\" content=\"Direct Contact \u2022 Fast Response Contact Investment Visa CN For confidential inquiries related to investment visas, residency, or citizenship programs, contact us directly using the channels below. Our team provides clear and professional guidance. \ud83d\udcac WhatsApp +1 (573) 230-0371 \u2709\ufe0f Email info@investmentvisacn.com \ud83d\udcde Phone +1 (573) 230-0371\" \/>\n<meta property=\"og:url\" content=\"https:\/\/investmentvisacn.com\/de\/kontaktieren-sie-uns\/\" \/>\n<meta property=\"og:site_name\" content=\"Investment Visa CN\" \/>\n<meta property=\"article:modified_time\" content=\"2026-01-20T08:31:58+00:00\" \/>\n<meta name=\"twitter:card\" content=\"summary_large_image\" \/>\n<meta name=\"twitter:label1\" content=\"Gesch\u00e4tzte Lesezeit\" \/>\n\t<meta name=\"twitter:data1\" content=\"1\u00a0Minute\" \/>\n<script type=\"application\/ld+json\" class=\"yoast-schema-graph\">{\"@context\":\"https:\\\/\\\/schema.org\",\"@graph\":[{\"@type\":\"WebPage\",\"@id\":\"https:\\\/\\\/investmentvisacn.com\\\/contact-us\\\/\",\"url\":\"https:\\\/\\\/investmentvisacn.com\\\/contact-us\\\/\",\"name\":\"Contact us - Investment Visa CN\",\"isPartOf\":{\"@id\":\"https:\\\/\\\/investmentvisacn.com\\\/#website\"},\"datePublished\":\"2024-08-14T22:10:24+00:00\",\"dateModified\":\"2026-01-20T08:31:58+00:00\",\"breadcrumb\":{\"@id\":\"https:\\\/\\\/investmentvisacn.com\\\/contact-us\\\/#breadcrumb\"},\"inLanguage\":\"de\",\"potentialAction\":[{\"@type\":\"ReadAction\",\"target\":[\"https:\\\/\\\/investmentvisacn.com\\\/contact-us\\\/\"]}]},{\"@type\":\"BreadcrumbList\",\"@id\":\"https:\\\/\\\/investmentvisacn.com\\\/contact-us\\\/#breadcrumb\",\"itemListElement\":[{\"@type\":\"ListItem\",\"position\":1,\"name\":\"Home\",\"item\":\"https:\\\/\\\/investmentvisacn.com\\\/\"},{\"@type\":\"ListItem\",\"position\":2,\"name\":\"Contact us\"}]},{\"@type\":\"WebSite\",\"@id\":\"https:\\\/\\\/investmentvisacn.com\\\/#website\",\"url\":\"https:\\\/\\\/investmentvisacn.com\\\/\",\"name\":\"Investment Visa CN\",\"description\":\"Global Investment &amp; Visa Solutions You Can Trust\",\"publisher\":{\"@id\":\"https:\\\/\\\/investmentvisacn.com\\\/#organization\"},\"potentialAction\":[{\"@type\":\"SearchAction\",\"target\":{\"@type\":\"EntryPoint\",\"urlTemplate\":\"https:\\\/\\\/investmentvisacn.com\\\/?s={search_term_string}\"},\"query-input\":{\"@type\":\"PropertyValueSpecification\",\"valueRequired\":true,\"valueName\":\"search_term_string\"}}],\"inLanguage\":\"de\"},{\"@type\":\"Organization\",\"@id\":\"https:\\\/\\\/investmentvisacn.com\\\/#organization\",\"name\":\"Investment Visa CN\",\"url\":\"https:\\\/\\\/investmentvisacn.com\\\/\",\"logo\":{\"@type\":\"ImageObject\",\"inLanguage\":\"de\",\"@id\":\"https:\\\/\\\/investmentvisacn.com\\\/#\\\/schema\\\/logo\\\/image\\\/\",\"url\":\"https:\\\/\\\/investmentvisacn.com\\\/wp-content\\\/uploads\\\/2024\\\/08\\\/universalinvestmentvisa.png\",\"contentUrl\":\"https:\\\/\\\/investmentvisacn.com\\\/wp-content\\\/uploads\\\/2024\\\/08\\\/universalinvestmentvisa.png\",\"width\":180,\"height\":60,\"caption\":\"Investment Visa CN\"},\"image\":{\"@id\":\"https:\\\/\\\/investmentvisacn.com\\\/#\\\/schema\\\/logo\\\/image\\\/\"}}]}<\/script>\n<!-- \/ Yoast SEO plugin. -->","yoast_head_json":{"title":"Kontakt - Investitionsvisum CN","robots":{"index":"index","follow":"follow","max-snippet":"max-snippet:-1","max-image-preview":"max-image-preview:large","max-video-preview":"max-video-preview:-1"},"canonical":"https:\/\/investmentvisacn.com\/de\/kontaktieren-sie-uns\/","og_locale":"de_DE","og_type":"article","og_title":"Contact us - Investment Visa CN","og_description":"Direct Contact \u2022 Fast Response Contact Investment Visa CN For confidential inquiries related to investment visas, residency, or citizenship programs, contact us directly using the channels below. Our team provides clear and professional guidance. \ud83d\udcac WhatsApp +1 (573) 230-0371 \u2709\ufe0f Email info@investmentvisacn.com \ud83d\udcde Phone +1 (573) 230-0371","og_url":"https:\/\/investmentvisacn.com\/de\/kontaktieren-sie-uns\/","og_site_name":"Investment Visa CN","article_modified_time":"2026-01-20T08:31:58+00:00","twitter_card":"summary_large_image","twitter_misc":{"Gesch\u00e4tzte Lesezeit":"1\u00a0Minute"},"schema":{"@context":"https:\/\/schema.org","@graph":[{"@type":"WebPage","@id":"https:\/\/investmentvisacn.com\/contact-us\/","url":"https:\/\/investmentvisacn.com\/contact-us\/","name":"Kontakt - Investitionsvisum CN","isPartOf":{"@id":"https:\/\/investmentvisacn.com\/#website"},"datePublished":"2024-08-14T22:10:24+00:00","dateModified":"2026-01-20T08:31:58+00:00","breadcrumb":{"@id":"https:\/\/investmentvisacn.com\/contact-us\/#breadcrumb"},"inLanguage":"de","potentialAction":[{"@type":"ReadAction","target":["https:\/\/investmentvisacn.com\/contact-us\/"]}]},{"@type":"BreadcrumbList","@id":"https:\/\/investmentvisacn.com\/contact-us\/#breadcrumb","itemListElement":[{"@type":"ListItem","position":1,"name":"Home","item":"https:\/\/investmentvisacn.com\/"},{"@type":"ListItem","position":2,"name":"Contact us"}]},{"@type":"WebSite","@id":"https:\/\/investmentvisacn.com\/#website","url":"https:\/\/investmentvisacn.com\/","name":"Investitionsvisum CN","description":"Globale Investment- und Visa-L\u00f6sungen, denen Sie vertrauen k\u00f6nnen","publisher":{"@id":"https:\/\/investmentvisacn.com\/#organization"},"potentialAction":[{"@type":"SearchAction","target":{"@type":"EntryPoint","urlTemplate":"https:\/\/investmentvisacn.com\/?s={search_term_string}"},"query-input":{"@type":"PropertyValueSpecification","valueRequired":true,"valueName":"search_term_string"}}],"inLanguage":"de"},{"@type":"Organization","@id":"https:\/\/investmentvisacn.com\/#organization","name":"Investitionsvisum CN","url":"https:\/\/investmentvisacn.com\/","logo":{"@type":"ImageObject","inLanguage":"de","@id":"https:\/\/investmentvisacn.com\/#\/schema\/logo\/image\/","url":"https:\/\/investmentvisacn.com\/wp-content\/uploads\/2024\/08\/universalinvestmentvisa.png","contentUrl":"https:\/\/investmentvisacn.com\/wp-content\/uploads\/2024\/08\/universalinvestmentvisa.png","width":180,"height":60,"caption":"Investment Visa CN"},"image":{"@id":"https:\/\/investmentvisacn.com\/#\/schema\/logo\/image\/"}}]}},"_links":{"self":[{"href":"https:\/\/investmentvisacn.com\/de\/wp-json\/wp\/v2\/pages\/320","targetHints":{"allow":["GET"]}}],"collection":[{"href":"https:\/\/investmentvisacn.com\/de\/wp-json\/wp\/v2\/pages"}],"about":[{"href":"https:\/\/investmentvisacn.com\/de\/wp-json\/wp\/v2\/types\/page"}],"author":[{"embeddable":true,"href":"https:\/\/investmentvisacn.com\/de\/wp-json\/wp\/v2\/users\/1"}],"replies":[{"embeddable":true,"href":"https:\/\/investmentvisacn.com\/de\/wp-json\/wp\/v2\/comments?post=320"}],"version-history":[{"count":22,"href":"https:\/\/investmentvisacn.com\/de\/wp-json\/wp\/v2\/pages\/320\/revisions"}],"predecessor-version":[{"id":708,"href":"https:\/\/investmentvisacn.com\/de\/wp-json\/wp\/v2\/pages\/320\/revisions\/708"}],"wp:attachment":[{"href":"https:\/\/investmentvisacn.com\/de\/wp-json\/wp\/v2\/media?parent=320"}],"curies":[{"name":"wp","href":"https:\/\/api.w.org\/{rel}","templated":true}]}}