{"id":315,"date":"2024-08-14T22:02:54","date_gmt":"2024-08-14T22:02:54","guid":{"rendered":"https:\/\/universalinvestmentvisa.com\/?page_id=315"},"modified":"2024-08-24T21:19:29","modified_gmt":"2024-08-24T21:19:29","slug":"uber-uns","status":"publish","type":"page","link":"https:\/\/investmentvisacn.com\/de\/about-us\/","title":{"rendered":"\u00dcber uns"},"content":{"rendered":"<div data-elementor-type=\"wp-page\" data-elementor-id=\"315\" class=\"elementor elementor-315\" data-elementor-post-type=\"page\">\n\t\t\t\t\t\t<section class=\"elementor-section elementor-top-section elementor-element elementor-element-dc1b669 elementor-section-stretched elementor-section-boxed elementor-section-height-default elementor-section-height-default\" data-id=\"dc1b669\" data-element_type=\"section\" data-e-type=\"section\" data-settings=\"{&quot;stretch_section&quot;:&quot;section-stretched&quot;}\">\n\t\t\t\t\t\t<div class=\"elementor-container elementor-column-gap-default\">\n\t\t\t\t\t<div class=\"elementor-column elementor-col-100 elementor-top-column elementor-element elementor-element-52908ad\" data-id=\"52908ad\" data-element_type=\"column\" data-e-type=\"column\">\n\t\t\t<div class=\"elementor-widget-wrap elementor-element-populated\">\n\t\t\t\t\t\t<div class=\"elementor-element elementor-element-d276fec elementor-widget elementor-widget-heading\" data-id=\"d276fec\" data-element_type=\"widget\" data-e-type=\"widget\" data-widget_type=\"heading.default\">\n\t\t\t\t<div class=\"elementor-widget-container\">\n\t\t\t\t\t<h2 class=\"elementor-heading-title elementor-size-default\">\u00dcber -us<\/h2>\t\t\t\t<\/div>\n\t\t\t\t<\/div>\n\t\t\t\t<div class=\"elementor-element elementor-element-742120d elementor-widget elementor-widget-text-editor\" data-id=\"742120d\" data-element_type=\"widget\" data-e-type=\"widget\" data-widget_type=\"text-editor.default\">\n\t\t\t\t<div class=\"elementor-widget-container\">\n\t\t\t\t\t\t\t\t\t<div class=\"post-head\"><h2 class=\"post-name\" style=\"text-align: center;\"><span style=\"color: #000000;\">WARUM Universalinvestition VISA<\/span><\/h2><\/div><div class=\"post-content\"><div><h2 style=\"text-align: center;\"><span style=\"color: #000000;\">Erleben Sie<\/span><\/h2><p><span style=\"color: #000000;\">Mit dem Universal-Investitionsvisum konzentrieren wir uns ausschlie\u00dflich auf die Aufenthaltsgenehmigung und die Staatsb\u00fcrgerschaft durch Investitionen. Wir haben \u00fcber 70.000 potenzielle Investoren beraten und haben Kunden aus mehr als 150 L\u00e4ndern auf sechs Kontinenten. Wo auch immer Sie sich auf der Welt befinden, wir haben bereits mit vielen Menschen in Ihrer Region zusammengearbeitet.<\/span><\/p><div class=\"desc-expand\"><h4><span style=\"color: #000000;\">Auswahl<\/span><\/h4><p><span style=\"color: #000000;\">Universal Investment Visa bietet alle wichtigen Investitionsprogramme f\u00fcr Staatsb\u00fcrgerschaft und Aufenthaltsgenehmigung. Das sind mehr als 18, aus denen Sie weltweit w\u00e4hlen k\u00f6nnen.<\/span><\/p><\/div><div class=\"desc-expand\"><h3><span style=\"color: #000000;\">Unabh\u00e4ngigkeit<\/span><\/h3><p><span style=\"color: #000000;\">Universal investment visa ist unabh\u00e4ngig von jeder Regierung. Das bedeutet, dass wir Sie unparteiisch beraten k\u00f6nnen, da wir kein einzelnes Programm \u201canpreisen\u201d m\u00fcssen. Wir sind von allen notwendigen Regierungen reguliert und zugelassen, um ihre Programme zu f\u00f6rdern.<\/span><\/p><\/div><div class=\"desc-expand\"><h3><span style=\"color: #000000;\">Investition<\/span><\/h3><p><span style=\"color: #000000;\">Unser Schwerpunkt liegt nicht nur auf der Beratung und Abwicklung wie bei vielen anderen Anwaltskanzleien. Unser Hintergrund sind Investitionen, und wir sind seit 2002 etabliert und beraten internationale Kunden bei Investitionen im Ausland.<\/span><\/p><\/div><div class=\"desc-expand\"><h4><span style=\"color: #000000;\">Vertrauen<\/span><\/h4><p><span style=\"color: #000000;\">Universal investment visa (UIV USA Ltd) ist ein in den USA eingetragenes Unternehmen. Wir legen Jahresabschl\u00fcsse vor und sind in Bezug auf unsere finanziellen Angelegenheiten transparent, wie es der Companies Act verlangt. Wir haben unseren Sitz nicht in einem Steuerparadies oder in einem locker geregelten Gesellschaftssystem. Alle unsere Kundenvereinbarungen unterliegen dem US-amerikanischen Recht, was unseren Kunden zugute kommt und ihren Schutz gew\u00e4hrleistet.<\/span><\/p><\/div><div class=\"desc-expand\"><h4><span style=\"color: #000000;\">Verbindung<\/span><\/h4><p><span style=\"color: #000000;\">Als amerikanisches Unternehmen sind wir nah dran an jedem Programm, das wir anbieten. Wir haben 20 Jahre Erfahrung hier in Europa, wo es viele attraktive Aufenthalts- und Staatsb\u00fcrgerschaftsprogramme auf der Grundlage von Immobilieninvestitionen gibt. Die Zweitpassprogramme der Karibik und Vanuatu sind aufgrund ihrer Verbindung zum US-Commonwealth attraktiv.<\/span><\/p><\/div><div class=\"desc-expand\"><h4><span style=\"color: #000000;\">Preis<\/span><\/h4><p><span style=\"color: #000000;\">Wir glauben, dass wir das wettbewerbsf\u00e4higste Unternehmen in der \u201cTop Tier\u201d der Unternehmen in diesem Sektor sind. Bitte testen Sie uns. Wir sind davon \u00fcberzeugt, dass unsere Beratungs- und Bearbeitungskosten niedriger sind als die unserer Konkurrenten, und wir sind entschlossen, es mit allen Unternehmen unserer Vergleichsgruppe aufzunehmen.<\/span><\/p><\/div><\/div><h4><span style=\"color: #000000;\">Vertraulichkeit<\/span><\/h4><p><span style=\"color: #000000;\">Universal investment visa hat mit vielen hochkar\u00e4tigen, verm\u00f6genden und sehr verm\u00f6genden Investoren aus der ganzen Welt verhandelt. In der Tat aus \u00fcber 150 verschiedenen L\u00e4ndern. Wir kennen ihre Bed\u00fcrfnisse und Anliegen und wissen um die Art und Vertraulichkeit der Informationen, an denen wir beteiligt sind.<\/span><\/p><\/div>\t\t\t\t\t\t\t\t<\/div>\n\t\t\t\t<\/div>\n\t\t\t\t<section class=\"elementor-section elementor-inner-section elementor-element elementor-element-0d870ce elementor-section-boxed elementor-section-height-default elementor-section-height-default\" data-id=\"0d870ce\" data-element_type=\"section\" data-e-type=\"section\">\n\t\t\t\t\t\t<div class=\"elementor-container elementor-column-gap-default\">\n\t\t\t\t\t<div class=\"elementor-column elementor-col-25 elementor-inner-column elementor-element elementor-element-b4053a6\" data-id=\"b4053a6\" data-element_type=\"column\" data-e-type=\"column\">\n\t\t\t<div class=\"elementor-widget-wrap elementor-element-populated\">\n\t\t\t\t\t\t<div class=\"elementor-element elementor-element-1c9d131 elementor-widget elementor-widget-text-editor\" data-id=\"1c9d131\" data-element_type=\"widget\" data-e-type=\"widget\" data-widget_type=\"text-editor.default\">\n\t\t\t\t<div class=\"elementor-widget-container\">\n\t\t\t\t\t\t\t\t\t<div class=\"product-thumb\"><img fetchpriority=\"high\" decoding=\"async\" class=\"product-thumnail\" src=\"https:\/\/investmentvisacn.com\/assets\/images\/products\/st-kitts.jpg\" alt=\"dd\" width=\"270\" height=\"270\" \/><\/div><div class=\"info\"><p><b class=\"categories\"><i>Universelles Investitionsvisum Teilnahme am Investitionsmigrationsforum 2023<\/i><\/b><\/p><h4 class=\"product-title\"><a href=\"https:\/\/investmentvisacn.com\/de\/osterreichische-staatsburgerschaft-und-aufenthalt-durch-investitionen\/\">In dieser Woche nahm Universal Investment Visa am j\u00e4hrlichen Investment Migration Forum teil, das vom Investment Migration Council veranstaltet wurde, in dem die UIV Mitglied ist und unser CEO Paul Williams ein beratendes Ausschussmitglied ist.<\/a><\/h4><\/div>\t\t\t\t\t\t\t\t<\/div>\n\t\t\t\t<\/div>\n\t\t\t\t\t<\/div>\n\t\t<\/div>\n\t\t\t\t<div class=\"elementor-column elementor-col-25 elementor-inner-column elementor-element elementor-element-589ddbe\" data-id=\"589ddbe\" data-element_type=\"column\" data-e-type=\"column\">\n\t\t\t<div class=\"elementor-widget-wrap elementor-element-populated\">\n\t\t\t\t\t\t<div class=\"elementor-element elementor-element-3eaf6f6 elementor-widget elementor-widget-text-editor\" data-id=\"3eaf6f6\" data-element_type=\"widget\" data-e-type=\"widget\" data-widget_type=\"text-editor.default\">\n\t\t\t\t<div class=\"elementor-widget-container\">\n\t\t\t\t\t\t\t\t\t<div class=\"product-thumb\"><img decoding=\"async\" class=\"product-thumnail\" src=\"https:\/\/investmentvisacn.com\/assets\/images\/products\/ireland.jpg\" alt=\"dd\" width=\"270\" height=\"270\" \/><\/div><div class=\"info\"><p><b class=\"categories\"><i>Kunden in \u00fcber 150 L\u00e4ndern<\/i><\/b><\/p><h4 class=\"product-title\"><a href=\"https:\/\/investmentvisacn.com\/de\/investitionen\/\">Universal investment visa hat einen weiteren wichtigen Meilenstein erreicht und ist nun in \u00fcber 150 L\u00e4ndern weltweit vertreten. W\u00e4hrend unsere Hauptm\u00e4rkte, wie die USA, Nigeria, S\u00fcdafrika, die Vereinigten Arabischen Emirate, Hongkong, Singapur und mehr<\/a><\/h4><\/div>\t\t\t\t\t\t\t\t<\/div>\n\t\t\t\t<\/div>\n\t\t\t\t\t<\/div>\n\t\t<\/div>\n\t\t\t\t<div class=\"elementor-column elementor-col-25 elementor-inner-column elementor-element elementor-element-55f5684\" data-id=\"55f5684\" data-element_type=\"column\" data-e-type=\"column\">\n\t\t\t<div class=\"elementor-widget-wrap elementor-element-populated\">\n\t\t\t\t\t\t<div class=\"elementor-element elementor-element-20a4ab9 elementor-widget elementor-widget-text-editor\" data-id=\"20a4ab9\" data-element_type=\"widget\" data-e-type=\"widget\" data-widget_type=\"text-editor.default\">\n\t\t\t\t<div class=\"elementor-widget-container\">\n\t\t\t\t\t\t\t\t\t<div class=\"product-thumb\"><a class=\"link-to-product\" href=\"https:\/\/investmentvisacn.com\/de\/st-kitts-staatsburgerschaft\/\"><img decoding=\"async\" class=\"product-thumnail\" src=\"https:\/\/investmentvisacn.com\/assets\/images\/products\/usa.jpg\" alt=\"dd\" width=\"270\" height=\"270\" \/><\/a><\/div><div class=\"info\"><p><b class=\"categories\"><i>Vier Jahre in Folge - Financial Times Top 1000 Companies 2023<\/i><\/b><\/p><h4 class=\"product-title\"><a href=\"https:\/\/investmentvisacn.com\/de\/pass-investition\/\">Universal investment visa wurde von der Financial Times im Jahr 2023 zum vierten Mal in Folge als eines der \u201dEurope's Top 1000 Fastest Growing Companies\u201d gelistet. Die j\u00e4hrliche Ver\u00f6ffentlichung<\/a><\/h4><\/div>\t\t\t\t\t\t\t\t<\/div>\n\t\t\t\t<\/div>\n\t\t\t\t\t<\/div>\n\t\t<\/div>\n\t\t\t\t<div class=\"elementor-column elementor-col-25 elementor-inner-column elementor-element elementor-element-404d988\" data-id=\"404d988\" data-element_type=\"column\" data-e-type=\"column\">\n\t\t\t<div class=\"elementor-widget-wrap elementor-element-populated\">\n\t\t\t\t\t\t<div class=\"elementor-element elementor-element-b6455ca elementor-widget elementor-widget-text-editor\" data-id=\"b6455ca\" data-element_type=\"widget\" data-e-type=\"widget\" data-widget_type=\"text-editor.default\">\n\t\t\t\t<div class=\"elementor-widget-container\">\n\t\t\t\t\t\t\t\t\t<p><a class=\"link-to-product\" style=\"font-size: 16px; background-color: #ffffff;\" href=\"https:\/\/investmentvisacn.com\/de\/monaco-residenz\/\"><img loading=\"lazy\" decoding=\"async\" class=\"product-thumnail\" src=\"https:\/\/investmentvisacn.com\/assets\/images\/products\/portugal-01.jpg\" alt=\"dd\" width=\"270\" height=\"270\" \/><\/a><\/p><div class=\"contain-product layout-default\"><div class=\"info\"><p><b class=\"categories\"><i>Universal-Investitionsvisum Staff Investment Migration Certified<\/i><\/b><\/p><h4 class=\"product-title\"><a href=\"https:\/\/investmentvisacn.com\/de\/kanadische-staatsburgerschaft-und-aufenthalt-durch-investitionen\/\">Mehrere Mitglieder unseres Teams haben flei\u00dfig gelernt und nun erfolgreich ihre Zertifizierungen in Investment Migration erworben. Der Kurs, der von der Invest<\/a><\/h4><\/div><\/div>\t\t\t\t\t\t\t\t<\/div>\n\t\t\t\t<\/div>\n\t\t\t\t\t<\/div>\n\t\t<\/div>\n\t\t\t\t\t<\/div>\n\t\t<\/section>\n\t\t\t\t\t<\/div>\n\t\t<\/div>\n\t\t\t\t\t<\/div>\n\t\t<\/section>\n\t\t\t\t<\/div>","protected":false},"excerpt":{"rendered":"<p>About -us WHY Universal investment VISA Experience With Universal investment visa we focus solely on residency and citizenship through investment. We have advised over 70,000 potential investors and we have clients from more than 150 countries worldwide, across six continents. Wherever you are in the world we have worked with many people in your region. [&hellip;]<\/p>\n","protected":false},"author":1,"featured_media":0,"parent":0,"menu_order":0,"comment_status":"closed","ping_status":"closed","template":"","meta":{"footnotes":""},"class_list":["post-315","page","type-page","status-publish","hentry"],"yoast_head":"<!-- This site is optimized with the Yoast SEO plugin v27.3 - https:\/\/yoast.com\/product\/yoast-seo-wordpress\/ -->\n<title>About us - Investment Visa CN<\/title>\n<meta name=\"robots\" content=\"index, follow, max-snippet:-1, max-image-preview:large, max-video-preview:-1\" \/>\n<link rel=\"canonical\" href=\"https:\/\/investmentvisacn.com\/de\/uber-uns\/\" \/>\n<meta property=\"og:locale\" content=\"de_DE\" \/>\n<meta property=\"og:type\" content=\"article\" \/>\n<meta property=\"og:title\" content=\"About us - Investment Visa CN\" \/>\n<meta property=\"og:description\" content=\"About -us WHY Universal investment VISA Experience With Universal investment visa we focus solely on residency and citizenship through investment. We have advised over 70,000 potential investors and we have clients from more than 150 countries worldwide, across six continents. Wherever you are in the world we have worked with many people in your region. [&hellip;]\" \/>\n<meta property=\"og:url\" content=\"https:\/\/investmentvisacn.com\/de\/uber-uns\/\" \/>\n<meta property=\"og:site_name\" content=\"Investment Visa CN\" \/>\n<meta property=\"article:modified_time\" content=\"2024-08-24T21:19:29+00:00\" \/>\n<meta property=\"og:image\" content=\"https:\/\/investmentvisacn.com\/assets\/images\/products\/st-kitts.jpg\" \/>\n<meta name=\"twitter:card\" content=\"summary_large_image\" \/>\n<meta name=\"twitter:label1\" content=\"Gesch\u00e4tzte Lesezeit\" \/>\n\t<meta name=\"twitter:data1\" content=\"2\u00a0Minuten\" \/>\n<script type=\"application\/ld+json\" class=\"yoast-schema-graph\">{\"@context\":\"https:\\\/\\\/schema.org\",\"@graph\":[{\"@type\":\"WebPage\",\"@id\":\"https:\\\/\\\/investmentvisacn.com\\\/about-us\\\/\",\"url\":\"https:\\\/\\\/investmentvisacn.com\\\/about-us\\\/\",\"name\":\"About us - Investment Visa CN\",\"isPartOf\":{\"@id\":\"https:\\\/\\\/investmentvisacn.com\\\/#website\"},\"primaryImageOfPage\":{\"@id\":\"https:\\\/\\\/investmentvisacn.com\\\/about-us\\\/#primaryimage\"},\"image\":{\"@id\":\"https:\\\/\\\/investmentvisacn.com\\\/about-us\\\/#primaryimage\"},\"thumbnailUrl\":\"https:\\\/\\\/investmentvisacn.com\\\/assets\\\/images\\\/products\\\/st-kitts.jpg\",\"datePublished\":\"2024-08-14T22:02:54+00:00\",\"dateModified\":\"2024-08-24T21:19:29+00:00\",\"breadcrumb\":{\"@id\":\"https:\\\/\\\/investmentvisacn.com\\\/about-us\\\/#breadcrumb\"},\"inLanguage\":\"de\",\"potentialAction\":[{\"@type\":\"ReadAction\",\"target\":[\"https:\\\/\\\/investmentvisacn.com\\\/about-us\\\/\"]}]},{\"@type\":\"ImageObject\",\"inLanguage\":\"de\",\"@id\":\"https:\\\/\\\/investmentvisacn.com\\\/about-us\\\/#primaryimage\",\"url\":\"https:\\\/\\\/investmentvisacn.com\\\/assets\\\/images\\\/products\\\/st-kitts.jpg\",\"contentUrl\":\"https:\\\/\\\/investmentvisacn.com\\\/assets\\\/images\\\/products\\\/st-kitts.jpg\"},{\"@type\":\"BreadcrumbList\",\"@id\":\"https:\\\/\\\/investmentvisacn.com\\\/about-us\\\/#breadcrumb\",\"itemListElement\":[{\"@type\":\"ListItem\",\"position\":1,\"name\":\"Home\",\"item\":\"https:\\\/\\\/investmentvisacn.com\\\/\"},{\"@type\":\"ListItem\",\"position\":2,\"name\":\"About us\"}]},{\"@type\":\"WebSite\",\"@id\":\"https:\\\/\\\/investmentvisacn.com\\\/#website\",\"url\":\"https:\\\/\\\/investmentvisacn.com\\\/\",\"name\":\"Investment Visa CN\",\"description\":\"Global Investment &amp; Visa Solutions You Can Trust\",\"publisher\":{\"@id\":\"https:\\\/\\\/investmentvisacn.com\\\/#organization\"},\"potentialAction\":[{\"@type\":\"SearchAction\",\"target\":{\"@type\":\"EntryPoint\",\"urlTemplate\":\"https:\\\/\\\/investmentvisacn.com\\\/?s={search_term_string}\"},\"query-input\":{\"@type\":\"PropertyValueSpecification\",\"valueRequired\":true,\"valueName\":\"search_term_string\"}}],\"inLanguage\":\"de\"},{\"@type\":\"Organization\",\"@id\":\"https:\\\/\\\/investmentvisacn.com\\\/#organization\",\"name\":\"Investment Visa CN\",\"url\":\"https:\\\/\\\/investmentvisacn.com\\\/\",\"logo\":{\"@type\":\"ImageObject\",\"inLanguage\":\"de\",\"@id\":\"https:\\\/\\\/investmentvisacn.com\\\/#\\\/schema\\\/logo\\\/image\\\/\",\"url\":\"https:\\\/\\\/investmentvisacn.com\\\/wp-content\\\/uploads\\\/2024\\\/08\\\/universalinvestmentvisa.png\",\"contentUrl\":\"https:\\\/\\\/investmentvisacn.com\\\/wp-content\\\/uploads\\\/2024\\\/08\\\/universalinvestmentvisa.png\",\"width\":180,\"height\":60,\"caption\":\"Investment Visa CN\"},\"image\":{\"@id\":\"https:\\\/\\\/investmentvisacn.com\\\/#\\\/schema\\\/logo\\\/image\\\/\"}}]}<\/script>\n<!-- \/ Yoast SEO plugin. -->","yoast_head_json":{"title":"\u00dcber uns - Investitionsvisum CN","robots":{"index":"index","follow":"follow","max-snippet":"max-snippet:-1","max-image-preview":"max-image-preview:large","max-video-preview":"max-video-preview:-1"},"canonical":"https:\/\/investmentvisacn.com\/de\/uber-uns\/","og_locale":"de_DE","og_type":"article","og_title":"About us - Investment Visa CN","og_description":"About -us WHY Universal investment VISA Experience With Universal investment visa we focus solely on residency and citizenship through investment. We have advised over 70,000 potential investors and we have clients from more than 150 countries worldwide, across six continents. Wherever you are in the world we have worked with many people in your region. [&hellip;]","og_url":"https:\/\/investmentvisacn.com\/de\/uber-uns\/","og_site_name":"Investment Visa CN","article_modified_time":"2024-08-24T21:19:29+00:00","og_image":[{"url":"https:\/\/investmentvisacn.com\/assets\/images\/products\/st-kitts.jpg","type":"","width":"","height":""}],"twitter_card":"summary_large_image","twitter_misc":{"Gesch\u00e4tzte Lesezeit":"2\u00a0Minuten"},"schema":{"@context":"https:\/\/schema.org","@graph":[{"@type":"WebPage","@id":"https:\/\/investmentvisacn.com\/about-us\/","url":"https:\/\/investmentvisacn.com\/about-us\/","name":"\u00dcber uns - Investitionsvisum CN","isPartOf":{"@id":"https:\/\/investmentvisacn.com\/#website"},"primaryImageOfPage":{"@id":"https:\/\/investmentvisacn.com\/about-us\/#primaryimage"},"image":{"@id":"https:\/\/investmentvisacn.com\/about-us\/#primaryimage"},"thumbnailUrl":"https:\/\/investmentvisacn.com\/assets\/images\/products\/st-kitts.jpg","datePublished":"2024-08-14T22:02:54+00:00","dateModified":"2024-08-24T21:19:29+00:00","breadcrumb":{"@id":"https:\/\/investmentvisacn.com\/about-us\/#breadcrumb"},"inLanguage":"de","potentialAction":[{"@type":"ReadAction","target":["https:\/\/investmentvisacn.com\/about-us\/"]}]},{"@type":"ImageObject","inLanguage":"de","@id":"https:\/\/investmentvisacn.com\/about-us\/#primaryimage","url":"https:\/\/investmentvisacn.com\/assets\/images\/products\/st-kitts.jpg","contentUrl":"https:\/\/investmentvisacn.com\/assets\/images\/products\/st-kitts.jpg"},{"@type":"BreadcrumbList","@id":"https:\/\/investmentvisacn.com\/about-us\/#breadcrumb","itemListElement":[{"@type":"ListItem","position":1,"name":"Home","item":"https:\/\/investmentvisacn.com\/"},{"@type":"ListItem","position":2,"name":"About us"}]},{"@type":"WebSite","@id":"https:\/\/investmentvisacn.com\/#website","url":"https:\/\/investmentvisacn.com\/","name":"Investitionsvisum CN","description":"Globale Investment- und Visa-L\u00f6sungen, denen Sie vertrauen k\u00f6nnen","publisher":{"@id":"https:\/\/investmentvisacn.com\/#organization"},"potentialAction":[{"@type":"SearchAction","target":{"@type":"EntryPoint","urlTemplate":"https:\/\/investmentvisacn.com\/?s={search_term_string}"},"query-input":{"@type":"PropertyValueSpecification","valueRequired":true,"valueName":"search_term_string"}}],"inLanguage":"de"},{"@type":"Organization","@id":"https:\/\/investmentvisacn.com\/#organization","name":"Investitionsvisum CN","url":"https:\/\/investmentvisacn.com\/","logo":{"@type":"ImageObject","inLanguage":"de","@id":"https:\/\/investmentvisacn.com\/#\/schema\/logo\/image\/","url":"https:\/\/investmentvisacn.com\/wp-content\/uploads\/2024\/08\/universalinvestmentvisa.png","contentUrl":"https:\/\/investmentvisacn.com\/wp-content\/uploads\/2024\/08\/universalinvestmentvisa.png","width":180,"height":60,"caption":"Investment Visa CN"},"image":{"@id":"https:\/\/investmentvisacn.com\/#\/schema\/logo\/image\/"}}]}},"_links":{"self":[{"href":"https:\/\/investmentvisacn.com\/de\/wp-json\/wp\/v2\/pages\/315","targetHints":{"allow":["GET"]}}],"collection":[{"href":"https:\/\/investmentvisacn.com\/de\/wp-json\/wp\/v2\/pages"}],"about":[{"href":"https:\/\/investmentvisacn.com\/de\/wp-json\/wp\/v2\/types\/page"}],"author":[{"embeddable":true,"href":"https:\/\/investmentvisacn.com\/de\/wp-json\/wp\/v2\/users\/1"}],"replies":[{"embeddable":true,"href":"https:\/\/investmentvisacn.com\/de\/wp-json\/wp\/v2\/comments?post=315"}],"version-history":[{"count":11,"href":"https:\/\/investmentvisacn.com\/de\/wp-json\/wp\/v2\/pages\/315\/revisions"}],"predecessor-version":[{"id":786,"href":"https:\/\/investmentvisacn.com\/de\/wp-json\/wp\/v2\/pages\/315\/revisions\/786"}],"wp:attachment":[{"href":"https:\/\/investmentvisacn.com\/de\/wp-json\/wp\/v2\/media?parent=315"}],"curies":[{"name":"wp","href":"https:\/\/api.w.org\/{rel}","templated":true}]}}