{"id":284,"date":"2024-08-13T21:49:40","date_gmt":"2024-08-13T21:49:40","guid":{"rendered":"https:\/\/universalinvestmentvisa.com\/?page_id=284"},"modified":"2024-08-13T21:49:40","modified_gmt":"2024-08-13T21:49:40","slug":"wohnsitznahme-durch-investition","status":"publish","type":"page","link":"https:\/\/investmentvisacn.com\/de\/residency-by-investment\/","title":{"rendered":"Wohnsitznahme durch Investition"},"content":{"rendered":"<h2 class=\"wp-block-heading\"><strong>Wohnsitznahme durch Investition<\/strong><\/h2>\n\n\n\n<p>In Europa gibt es mehrere Residency-by-Investment-Programme, die eine Aufenthaltsgenehmigung gew\u00e4hren, oft durch Immobilieninvestitionen, aber ohne die Verpflichtung, einen Wohnsitz zu haben. Diese Programme, die gemeinhin als Universal Investment Visa oder Visa bezeichnet werden, sind besonders bei Investoren beliebt, die nicht auswandern und ihre Familie umsiedeln m\u00f6chten, aber Flexibilit\u00e4t ben\u00f6tigen, falls sie jemals einen Wohnsitz ben\u00f6tigen. Sie gehen oft mit einer Reisefreiheit innerhalb des Schengen-Raums der EU einher. Wenn sich der Investor und seine Familie dauerhaft niederlassen, kann in der Regel auch die Staatsb\u00fcrgerschaft des Landes beantragt werden.<\/p>\n\n\n\n<p><strong>Hier sind die Programme f\u00fcr die Bewerbungsstr\u00f6me, die das australische Innenministerium ver\u00f6ffentlicht hat:<\/strong><\/p>\n\n\n\n<p><strong>Bitte beachten Sie, dass unsere Website nur ein Leitfaden ist. Wenden Sie sich an unsere Berater bei Universalinvestment visa, um aktuelle Informationen und eine Einsch\u00e4tzung Ihrer pers\u00f6nlichen Situation zu erhalten.<\/strong><\/p>\n\n\n\n<h2 class=\"wp-block-heading\"><strong>AUFENTHALT DURCH INVESTMENT \u00dcBERBLICK<\/strong><\/h2>\n\n\n\n<p>In mehreren europ\u00e4ischen L\u00e4ndern ist es m\u00f6glich, durch Investitionen ein Aufenthaltsvisum zu erhalten. Portugal, Spanien und Griechenland bieten Residenzprogramme mit goldenen Visa an, die Antragstellern und ihren Familien nach einer qualifizierten Immobilieninvestition eine Aufenthaltsgenehmigung erteilen. Andere L\u00e4nder wie Malta und Irland verlangen als Gegenleistung f\u00fcr die Aufenthaltsgenehmigung staatliche Spenden und Fondsinvestitionen.<\/p>\n\n\n\n<p>Abgesehen von der Hauptinvestition hat jedes Land seine eigenen Antragsvoraussetzungen, die Investoren erf\u00fcllen m\u00fcssen. Unser erfahrenes Expertenteam kann Sie durch das Verfahren leiten und Sie dar\u00fcber beraten, welche Dokumente erforderlich sind.<\/p>\n\n\n\n<h2 class=\"wp-block-heading\"><strong>WARUM ein Goldenes Visum Aufenthaltsgenehmigung erhalten?<\/strong><\/h2>\n\n\n\n<p>Durch die Investition in ein Zweitwohnsitzprogramm k\u00f6nnen Investoren ihre Reisem\u00f6glichkeiten erweitern und ihre wirtschaftlichen und gesch\u00e4ftlichen Chancen ausbauen. F\u00fcr viele bietet eine zweite Aufenthaltsgenehmigung auch die Sicherheit eines \"Plan B\", falls sie ihr Land jemals verlassen m\u00fcssen.<\/p>\n\n\n\n<h3 class=\"wp-block-heading\"><strong>Zweitwohnsitz durch Investitionsvorteile<\/strong><\/h3>\n\n\n\n<ul class=\"wp-block-list\">\n<li>Ein Zweitwohnsitz bietet Ihnen mehr Sicherheit f\u00fcr Sie und Ihre Familienangeh\u00f6rigen, politische Freiheit und einen \"Plan B\" f\u00fcr den Aufenthalt in einem anderen Land, falls Sie dies ben\u00f6tigen.<\/li>\n\n\n\n<li>Eine Wohnsitznahme kann Ihnen bestimmte steuerliche Vorteile und zus\u00e4tzliche wirtschaftliche Freiheiten verschaffen.<\/li>\n\n\n\n<li>Je nach Land, f\u00fcr das Sie sich entscheiden, k\u00f6nnte eine zweite Aufenthaltsgenehmigung die M\u00f6glichkeit er\u00f6ffnen, im Ausland zu arbeiten und zu leben.<\/li>\n\n\n\n<li>Ein zweiter Wohnsitz kann auch die Bildungschancen Ihrer Kinder erweitern und ihnen Zugang zu einigen der besten Universit\u00e4ten und Schulen der Welt verschaffen. In einigen F\u00e4llen k\u00f6nnen die Studiengeb\u00fchren niedriger sein, wenn Sie sich als Ortsans\u00e4ssiger und nicht als internationaler Student bewerben.<\/li>\n\n\n\n<li>Wohnsitznahme durch Investition erm\u00f6glicht neue Gesch\u00e4ftsm\u00f6glichkeiten und Entwicklung.<\/li>\n\n\n\n<li>Ein zweiter Aufenthalt erm\u00f6glicht Ihnen den Zugang zu einer neuen Region der Welt, so dass Sie in andere Kulturen und Umgebungen eintauchen k\u00f6nnen.<\/li>\n\n\n\n<li>Einige Aufenthaltsprogramme bieten einen klaren und flexiblen Weg zur sp\u00e4teren Beantragung der Staatsb\u00fcrgerschaft, sofern Sie bestimmte Voraussetzungen erf\u00fcllen.<\/li>\n<\/ul>\n\n\n\n<h2 class=\"wp-block-heading\"><strong>Wohnsitz durch Immobilieninvestitionen<\/strong><\/h2>\n\n\n\n<p>Einige L\u00e4nder wie Portugal und Griechenland erlauben Investitionen in qualifizierte Immobilienprojekte als Gegenleistung f\u00fcr eine Aufenthaltsgenehmigung. Nachfolgend finden Sie eine Auswahl der besten Optionen, die angeboten werden.<\/p>\n\n\n\n<h3 class=\"wp-block-heading\"><strong>Universal-Investitionsvisum<\/strong><\/h3>\n\n\n\n<p>Eine Auswahl von Immobilien, die sich f\u00fcr Investitionen in das Visum f\u00fcr Investitionen in Gold eignen.<\/p>","protected":false},"excerpt":{"rendered":"<p>Residency by Investment There are several Residency by Investment programmes in Europe that grant residency, often through real estate investment but without the requirement to reside. Commonly refered to as Universal investment visa or visas, these programmes are especially popular with investors not wishing to emigrate and move their family, but require flexibility should they [&hellip;]<\/p>\n","protected":false},"author":1,"featured_media":0,"parent":0,"menu_order":0,"comment_status":"closed","ping_status":"closed","template":"","meta":{"footnotes":""},"class_list":["post-284","page","type-page","status-publish","hentry"],"yoast_head":"<!-- This site is optimized with the Yoast SEO plugin v27.3 - https:\/\/yoast.com\/product\/yoast-seo-wordpress\/ -->\n<title>Residency by Investment - Investment Visa CN<\/title>\n<meta name=\"robots\" content=\"index, follow, max-snippet:-1, max-image-preview:large, max-video-preview:-1\" \/>\n<link rel=\"canonical\" href=\"https:\/\/investmentvisacn.com\/de\/wohnsitznahme-durch-investition\/\" \/>\n<meta property=\"og:locale\" content=\"de_DE\" \/>\n<meta property=\"og:type\" content=\"article\" \/>\n<meta property=\"og:title\" content=\"Residency by Investment - Investment Visa CN\" \/>\n<meta property=\"og:description\" content=\"Residency by Investment There are several Residency by Investment programmes in Europe that grant residency, often through real estate investment but without the requirement to reside. Commonly refered to as Universal investment visa or visas, these programmes are especially popular with investors not wishing to emigrate and move their family, but require flexibility should they [&hellip;]\" \/>\n<meta property=\"og:url\" content=\"https:\/\/investmentvisacn.com\/de\/wohnsitznahme-durch-investition\/\" \/>\n<meta property=\"og:site_name\" content=\"Investment Visa CN\" \/>\n<meta name=\"twitter:card\" content=\"summary_large_image\" \/>\n<meta name=\"twitter:label1\" content=\"Gesch\u00e4tzte Lesezeit\" \/>\n\t<meta name=\"twitter:data1\" content=\"2\u00a0Minuten\" \/>\n<script type=\"application\/ld+json\" class=\"yoast-schema-graph\">{\"@context\":\"https:\\\/\\\/schema.org\",\"@graph\":[{\"@type\":\"WebPage\",\"@id\":\"https:\\\/\\\/investmentvisacn.com\\\/residency-by-investment\\\/\",\"url\":\"https:\\\/\\\/investmentvisacn.com\\\/residency-by-investment\\\/\",\"name\":\"Residency by Investment - Investment Visa CN\",\"isPartOf\":{\"@id\":\"https:\\\/\\\/investmentvisacn.com\\\/#website\"},\"datePublished\":\"2024-08-13T21:49:40+00:00\",\"breadcrumb\":{\"@id\":\"https:\\\/\\\/investmentvisacn.com\\\/residency-by-investment\\\/#breadcrumb\"},\"inLanguage\":\"de\",\"potentialAction\":[{\"@type\":\"ReadAction\",\"target\":[\"https:\\\/\\\/investmentvisacn.com\\\/residency-by-investment\\\/\"]}]},{\"@type\":\"BreadcrumbList\",\"@id\":\"https:\\\/\\\/investmentvisacn.com\\\/residency-by-investment\\\/#breadcrumb\",\"itemListElement\":[{\"@type\":\"ListItem\",\"position\":1,\"name\":\"Home\",\"item\":\"https:\\\/\\\/investmentvisacn.com\\\/\"},{\"@type\":\"ListItem\",\"position\":2,\"name\":\"Residency by Investment\"}]},{\"@type\":\"WebSite\",\"@id\":\"https:\\\/\\\/investmentvisacn.com\\\/#website\",\"url\":\"https:\\\/\\\/investmentvisacn.com\\\/\",\"name\":\"Investment Visa CN\",\"description\":\"Global Investment &amp; Visa Solutions You Can Trust\",\"publisher\":{\"@id\":\"https:\\\/\\\/investmentvisacn.com\\\/#organization\"},\"potentialAction\":[{\"@type\":\"SearchAction\",\"target\":{\"@type\":\"EntryPoint\",\"urlTemplate\":\"https:\\\/\\\/investmentvisacn.com\\\/?s={search_term_string}\"},\"query-input\":{\"@type\":\"PropertyValueSpecification\",\"valueRequired\":true,\"valueName\":\"search_term_string\"}}],\"inLanguage\":\"de\"},{\"@type\":\"Organization\",\"@id\":\"https:\\\/\\\/investmentvisacn.com\\\/#organization\",\"name\":\"Investment Visa CN\",\"url\":\"https:\\\/\\\/investmentvisacn.com\\\/\",\"logo\":{\"@type\":\"ImageObject\",\"inLanguage\":\"de\",\"@id\":\"https:\\\/\\\/investmentvisacn.com\\\/#\\\/schema\\\/logo\\\/image\\\/\",\"url\":\"https:\\\/\\\/investmentvisacn.com\\\/wp-content\\\/uploads\\\/2024\\\/08\\\/universalinvestmentvisa.png\",\"contentUrl\":\"https:\\\/\\\/investmentvisacn.com\\\/wp-content\\\/uploads\\\/2024\\\/08\\\/universalinvestmentvisa.png\",\"width\":180,\"height\":60,\"caption\":\"Investment Visa CN\"},\"image\":{\"@id\":\"https:\\\/\\\/investmentvisacn.com\\\/#\\\/schema\\\/logo\\\/image\\\/\"}}]}<\/script>\n<!-- \/ Yoast SEO plugin. -->","yoast_head_json":{"title":"Aufenthalt durch Investition - Investitionsvisum CN","robots":{"index":"index","follow":"follow","max-snippet":"max-snippet:-1","max-image-preview":"max-image-preview:large","max-video-preview":"max-video-preview:-1"},"canonical":"https:\/\/investmentvisacn.com\/de\/wohnsitznahme-durch-investition\/","og_locale":"de_DE","og_type":"article","og_title":"Residency by Investment - Investment Visa CN","og_description":"Residency by Investment There are several Residency by Investment programmes in Europe that grant residency, often through real estate investment but without the requirement to reside. Commonly refered to as Universal investment visa or visas, these programmes are especially popular with investors not wishing to emigrate and move their family, but require flexibility should they [&hellip;]","og_url":"https:\/\/investmentvisacn.com\/de\/wohnsitznahme-durch-investition\/","og_site_name":"Investment Visa CN","twitter_card":"summary_large_image","twitter_misc":{"Gesch\u00e4tzte Lesezeit":"2\u00a0Minuten"},"schema":{"@context":"https:\/\/schema.org","@graph":[{"@type":"WebPage","@id":"https:\/\/investmentvisacn.com\/residency-by-investment\/","url":"https:\/\/investmentvisacn.com\/residency-by-investment\/","name":"Aufenthalt durch Investition - Investitionsvisum CN","isPartOf":{"@id":"https:\/\/investmentvisacn.com\/#website"},"datePublished":"2024-08-13T21:49:40+00:00","breadcrumb":{"@id":"https:\/\/investmentvisacn.com\/residency-by-investment\/#breadcrumb"},"inLanguage":"de","potentialAction":[{"@type":"ReadAction","target":["https:\/\/investmentvisacn.com\/residency-by-investment\/"]}]},{"@type":"BreadcrumbList","@id":"https:\/\/investmentvisacn.com\/residency-by-investment\/#breadcrumb","itemListElement":[{"@type":"ListItem","position":1,"name":"Home","item":"https:\/\/investmentvisacn.com\/"},{"@type":"ListItem","position":2,"name":"Residency by Investment"}]},{"@type":"WebSite","@id":"https:\/\/investmentvisacn.com\/#website","url":"https:\/\/investmentvisacn.com\/","name":"Investitionsvisum CN","description":"Globale Investment- und Visa-L\u00f6sungen, denen Sie vertrauen k\u00f6nnen","publisher":{"@id":"https:\/\/investmentvisacn.com\/#organization"},"potentialAction":[{"@type":"SearchAction","target":{"@type":"EntryPoint","urlTemplate":"https:\/\/investmentvisacn.com\/?s={search_term_string}"},"query-input":{"@type":"PropertyValueSpecification","valueRequired":true,"valueName":"search_term_string"}}],"inLanguage":"de"},{"@type":"Organization","@id":"https:\/\/investmentvisacn.com\/#organization","name":"Investitionsvisum CN","url":"https:\/\/investmentvisacn.com\/","logo":{"@type":"ImageObject","inLanguage":"de","@id":"https:\/\/investmentvisacn.com\/#\/schema\/logo\/image\/","url":"https:\/\/investmentvisacn.com\/wp-content\/uploads\/2024\/08\/universalinvestmentvisa.png","contentUrl":"https:\/\/investmentvisacn.com\/wp-content\/uploads\/2024\/08\/universalinvestmentvisa.png","width":180,"height":60,"caption":"Investment Visa CN"},"image":{"@id":"https:\/\/investmentvisacn.com\/#\/schema\/logo\/image\/"}}]}},"_links":{"self":[{"href":"https:\/\/investmentvisacn.com\/de\/wp-json\/wp\/v2\/pages\/284","targetHints":{"allow":["GET"]}}],"collection":[{"href":"https:\/\/investmentvisacn.com\/de\/wp-json\/wp\/v2\/pages"}],"about":[{"href":"https:\/\/investmentvisacn.com\/de\/wp-json\/wp\/v2\/types\/page"}],"author":[{"embeddable":true,"href":"https:\/\/investmentvisacn.com\/de\/wp-json\/wp\/v2\/users\/1"}],"replies":[{"embeddable":true,"href":"https:\/\/investmentvisacn.com\/de\/wp-json\/wp\/v2\/comments?post=284"}],"version-history":[{"count":1,"href":"https:\/\/investmentvisacn.com\/de\/wp-json\/wp\/v2\/pages\/284\/revisions"}],"predecessor-version":[{"id":285,"href":"https:\/\/investmentvisacn.com\/de\/wp-json\/wp\/v2\/pages\/284\/revisions\/285"}],"wp:attachment":[{"href":"https:\/\/investmentvisacn.com\/de\/wp-json\/wp\/v2\/media?parent=284"}],"curies":[{"name":"wp","href":"https:\/\/api.w.org\/{rel}","templated":true}]}}