{"id":282,"date":"2024-08-13T21:46:39","date_gmt":"2024-08-13T21:46:39","guid":{"rendered":"https:\/\/universalinvestmentvisa.com\/?page_id=282"},"modified":"2024-08-21T16:11:00","modified_gmt":"2024-08-21T16:11:00","slug":"kanadische-staatsburgerschaft-und-aufenthalt-durch-investitionen","status":"publish","type":"page","link":"https:\/\/investmentvisacn.com\/de\/canada-citizenship-and-residency-by-investment\/","title":{"rendered":"Kanadische Staatsb\u00fcrgerschaft und Aufenthaltsgenehmigung durch Investition"},"content":{"rendered":"<h2 class=\"wp-block-heading\">KANADISCHER WOHNSITZ DURCH INVESTITIONEN<\/h2>\n\n\n\n<p>In Kanada gibt es sowohl auf Bundes- als auch auf Provinzebene eine Reihe von Programmen zur Aufenthaltsgenehmigung durch Investitionen. Das Quebec Investor Program, das seit 2021 ausgesetzt ist und derzeit keine neuen Antr\u00e4ge mehr annimmt, war ein beliebtes Programm, das es verm\u00f6genden Privatpersonen erm\u00f6glichte, gegen eine Mindestinvestition von 1,2 Mio. CAD f\u00fcr einen Zeitraum von f\u00fcnf Jahren einen st\u00e4ndigen Wohnsitz in der Provinz Quebec zu erhalten. Andere Provinzen wie Britisch-Kolumbien und Ontario haben ihre eigenen Provincial Nominee Programs (PNP), die es Ausl\u00e4ndern erm\u00f6glichen, eine Daueraufenthaltsgenehmigung f\u00fcr Kanada zu erhalten, indem sie in Unternehmen investieren oder Arbeitspl\u00e4tze in diesen Provinzen schaffen. Das derzeit attraktivste Programm mit den niedrigsten Investitionskriterien ist der kanadische SUV.<\/p>\n\n\n\n<h2 class=\"wp-block-heading\">Kanada Staatsb\u00fcrgerschaft durch Investition<\/h2>\n\n\n\n<p>Die Staatsb\u00fcrgerschaft durch Investitionen ist in Kanada m\u00f6glich, aber die Bewerber m\u00fcssen zun\u00e4chst eine gewisse Zeit in Kanada wohnen, bevor sie einen Antrag stellen k\u00f6nnen. Es gibt kein direktes kanadisches Programm f\u00fcr Staatsb\u00fcrgerschaft durch Investitionen.<\/p>\n\n\n\n<p>Von $350k + Kosten<\/p>\n\n\n\n<p>Gesch\u00e4ftliche Investitionen<\/p>\n\n\n\n<p>Daueraufenthalt f\u00fcr die ganze Familie<\/p>\n\n\n\n<p>Leben, arbeiten, studieren<\/p>\n\n\n\n<p>Staatsb\u00fcrgerschaft ab 5 Jahren<\/p>\n\n\n\n<h2 class=\"wp-block-heading\">KANADISCHES VISUMPROGRAMM F\u00dcR EXISTENZGR\u00dcNDER<\/h2>\n\n\n\n<p>Das kanadische Start-Up-Visumsprogramm (SUV) richtet sich an zugewanderte Unternehmer, die \u00fcber die F\u00e4higkeiten und das Potenzial verf\u00fcgen, in Kanada innovative Unternehmen aufzubauen, die Arbeitspl\u00e4tze f\u00fcr Kanadier schaffen und auf universeller Ebene wettbewerbsf\u00e4hig sein k\u00f6nnen. F\u00f6rderungsw\u00fcrdige Antragsteller m\u00fcssen in der Regel $350.000 CAD in eine kanadische \u201czugelassene benannte Organisation\u201d investieren. Zugelassene Investoren m\u00fcssen au\u00dferdem ihr Nettoverm\u00f6gen mit einem Einkommen von mindestens $200.000 oder einem Finanzverm\u00f6gen von $1.000.000 nachweisen.<\/p>\n\n\n\n<p>Das SUV-Programm bietet einen schnellen und kosteng\u00fcnstigen Einwanderungsweg nach Kanada, der zu einer dauerhaften Aufenthaltsgenehmigung (PR) f\u00fchrt. Im Gegensatz zu anderen Einwanderungswegen f\u00fcr Unternehmen ist der PR-Status nicht an den Erfolg des Unternehmens gebunden.<\/p>\n\n\n\n<p>Investoren k\u00f6nnen ihren Ehepartner und ihre Kinder im Alter von 21 Jahren und j\u00fcnger mit einbeziehen. Erfolgreiche Antragsteller k\u00f6nnen \u00fcberall in Kanada leben, au\u00dfer in der Provinz Quebec. Dieses Programm dauert nur 12 bis 18 Monate.<\/p>\n\n\n\n<h2 class=\"wp-block-heading\">KANADISCHER DAUERAUFENTHALT UND STAATSB\u00dcRGERSCHAFT<\/h2>\n\n\n\n<p>Nach einem erfolgreichen Antrag erhalten Investoren und ihre Familien vom ersten Tag an den Status einer Daueraufenthaltsgenehmigung. Die Investoren m\u00fcssen sich innerhalb von f\u00fcnf Jahren 730 Tage (zwei Jahre) in Kanada aufhalten, um den PR-Status zu erhalten. Wenn die Investoren drei der f\u00fcnf Jahre (1.095 Tage) in Kanada leben, ist es m\u00f6glich, die kanadische Staatsb\u00fcrgerschaft zu beantragen. Bewerber um die Staatsb\u00fcrgerschaft m\u00fcssen ausreichende Kenntnisse der englischen und\/oder franz\u00f6sischen Sprache nachweisen und d\u00fcrfen nicht vorbestraft sein.<\/p>\n\n\n\n<p><a href=\"https:\/\/investmentvisacn.com\/de\/kontaktieren-sie-uns\/\">Kontakt-Berater<\/a><\/p>\n\n\n\n<h2 class=\"wp-block-heading\">Ihr kostenloses Angebot<\/h2>\n\n\n\n<p>Kanada Goldenes Visum FAQ's<\/p>\n\n\n\n<hr class=\"wp-block-separator has-alpha-channel-opacity\"\/>\n\n\n\n<hr class=\"wp-block-separator has-alpha-channel-opacity\"\/>\n\n\n\n<hr class=\"wp-block-separator has-alpha-channel-opacity\"\/>\n\n\n\n<hr class=\"wp-block-separator has-alpha-channel-opacity\"\/>\n\n\n\n<hr class=\"wp-block-separator has-alpha-channel-opacity\"\/>\n\n\n\n<ul class=\"wp-block-list\">\n<li>Ist es m\u00f6glich, die kanadische Staatsb\u00fcrgerschaft durch Investitionen zu erwerben?<\/li>\n\n\n\n<li>Wie viel muss man in Kanada investieren, um die Staatsb\u00fcrgerschaft zu erhalten?<\/li>\n\n\n\n<li>Welche Programme f\u00fcr Investorenvisa gibt es f\u00fcr Kanada?<\/li>\n\n\n\n<li>Kann ich durch Investitionen in Immobilien eine Aufenthaltsgenehmigung in Kanada erhalten?<\/li>\n<\/ul>","protected":false},"excerpt":{"rendered":"<p>CANADA RESIDENCY BY INVESTMENT Canada has a history of residency by investment programs at both the federal and provincial levels. The Quebec Investor Program, which has been suspended as of 2021 and is not currently accepting new applications, was a popular program that allowed high net worth individuals to obtain permanent residency in the province [&hellip;]<\/p>\n","protected":false},"author":1,"featured_media":0,"parent":0,"menu_order":0,"comment_status":"closed","ping_status":"closed","template":"","meta":{"footnotes":""},"class_list":["post-282","page","type-page","status-publish","hentry"],"yoast_head":"<!-- This site is optimized with the Yoast SEO plugin v27.3 - https:\/\/yoast.com\/product\/yoast-seo-wordpress\/ -->\n<title>Canada Citizenship and Residency by Investment - Investment Visa CN<\/title>\n<meta name=\"robots\" content=\"index, follow, max-snippet:-1, max-image-preview:large, max-video-preview:-1\" \/>\n<link rel=\"canonical\" href=\"https:\/\/investmentvisacn.com\/de\/kanadische-staatsburgerschaft-und-aufenthalt-durch-investitionen\/\" \/>\n<meta property=\"og:locale\" content=\"de_DE\" \/>\n<meta property=\"og:type\" content=\"article\" \/>\n<meta property=\"og:title\" content=\"Canada Citizenship and Residency by Investment - Investment Visa CN\" \/>\n<meta property=\"og:description\" content=\"CANADA RESIDENCY BY INVESTMENT Canada has a history of residency by investment programs at both the federal and provincial levels. The Quebec Investor Program, which has been suspended as of 2021 and is not currently accepting new applications, was a popular program that allowed high net worth individuals to obtain permanent residency in the province [&hellip;]\" \/>\n<meta property=\"og:url\" content=\"https:\/\/investmentvisacn.com\/de\/kanadische-staatsburgerschaft-und-aufenthalt-durch-investitionen\/\" \/>\n<meta property=\"og:site_name\" content=\"Investment Visa CN\" \/>\n<meta property=\"article:modified_time\" content=\"2024-08-21T16:11:00+00:00\" \/>\n<meta name=\"twitter:card\" content=\"summary_large_image\" \/>\n<meta name=\"twitter:label1\" content=\"Gesch\u00e4tzte Lesezeit\" \/>\n\t<meta name=\"twitter:data1\" content=\"2\u00a0Minuten\" \/>\n<script type=\"application\/ld+json\" class=\"yoast-schema-graph\">{\"@context\":\"https:\\\/\\\/schema.org\",\"@graph\":[{\"@type\":\"WebPage\",\"@id\":\"https:\\\/\\\/investmentvisacn.com\\\/canada-citizenship-and-residency-by-investment\\\/\",\"url\":\"https:\\\/\\\/investmentvisacn.com\\\/canada-citizenship-and-residency-by-investment\\\/\",\"name\":\"Canada Citizenship and Residency by Investment - Investment Visa CN\",\"isPartOf\":{\"@id\":\"https:\\\/\\\/investmentvisacn.com\\\/#website\"},\"datePublished\":\"2024-08-13T21:46:39+00:00\",\"dateModified\":\"2024-08-21T16:11:00+00:00\",\"breadcrumb\":{\"@id\":\"https:\\\/\\\/investmentvisacn.com\\\/canada-citizenship-and-residency-by-investment\\\/#breadcrumb\"},\"inLanguage\":\"de\",\"potentialAction\":[{\"@type\":\"ReadAction\",\"target\":[\"https:\\\/\\\/investmentvisacn.com\\\/canada-citizenship-and-residency-by-investment\\\/\"]}]},{\"@type\":\"BreadcrumbList\",\"@id\":\"https:\\\/\\\/investmentvisacn.com\\\/canada-citizenship-and-residency-by-investment\\\/#breadcrumb\",\"itemListElement\":[{\"@type\":\"ListItem\",\"position\":1,\"name\":\"Home\",\"item\":\"https:\\\/\\\/investmentvisacn.com\\\/\"},{\"@type\":\"ListItem\",\"position\":2,\"name\":\"Canada Citizenship and Residency by Investment\"}]},{\"@type\":\"WebSite\",\"@id\":\"https:\\\/\\\/investmentvisacn.com\\\/#website\",\"url\":\"https:\\\/\\\/investmentvisacn.com\\\/\",\"name\":\"Investment Visa CN\",\"description\":\"Global Investment &amp; Visa Solutions You Can Trust\",\"publisher\":{\"@id\":\"https:\\\/\\\/investmentvisacn.com\\\/#organization\"},\"potentialAction\":[{\"@type\":\"SearchAction\",\"target\":{\"@type\":\"EntryPoint\",\"urlTemplate\":\"https:\\\/\\\/investmentvisacn.com\\\/?s={search_term_string}\"},\"query-input\":{\"@type\":\"PropertyValueSpecification\",\"valueRequired\":true,\"valueName\":\"search_term_string\"}}],\"inLanguage\":\"de\"},{\"@type\":\"Organization\",\"@id\":\"https:\\\/\\\/investmentvisacn.com\\\/#organization\",\"name\":\"Investment Visa CN\",\"url\":\"https:\\\/\\\/investmentvisacn.com\\\/\",\"logo\":{\"@type\":\"ImageObject\",\"inLanguage\":\"de\",\"@id\":\"https:\\\/\\\/investmentvisacn.com\\\/#\\\/schema\\\/logo\\\/image\\\/\",\"url\":\"https:\\\/\\\/investmentvisacn.com\\\/wp-content\\\/uploads\\\/2024\\\/08\\\/universalinvestmentvisa.png\",\"contentUrl\":\"https:\\\/\\\/investmentvisacn.com\\\/wp-content\\\/uploads\\\/2024\\\/08\\\/universalinvestmentvisa.png\",\"width\":180,\"height\":60,\"caption\":\"Investment Visa CN\"},\"image\":{\"@id\":\"https:\\\/\\\/investmentvisacn.com\\\/#\\\/schema\\\/logo\\\/image\\\/\"}}]}<\/script>\n<!-- \/ Yoast SEO plugin. -->","yoast_head_json":{"title":"Kanadische Staatsb\u00fcrgerschaft und Aufenthaltsgenehmigung durch Investition - Investitionsvisum CN","robots":{"index":"index","follow":"follow","max-snippet":"max-snippet:-1","max-image-preview":"max-image-preview:large","max-video-preview":"max-video-preview:-1"},"canonical":"https:\/\/investmentvisacn.com\/de\/kanadische-staatsburgerschaft-und-aufenthalt-durch-investitionen\/","og_locale":"de_DE","og_type":"article","og_title":"Canada Citizenship and Residency by Investment - Investment Visa CN","og_description":"CANADA RESIDENCY BY INVESTMENT Canada has a history of residency by investment programs at both the federal and provincial levels. The Quebec Investor Program, which has been suspended as of 2021 and is not currently accepting new applications, was a popular program that allowed high net worth individuals to obtain permanent residency in the province [&hellip;]","og_url":"https:\/\/investmentvisacn.com\/de\/kanadische-staatsburgerschaft-und-aufenthalt-durch-investitionen\/","og_site_name":"Investment Visa CN","article_modified_time":"2024-08-21T16:11:00+00:00","twitter_card":"summary_large_image","twitter_misc":{"Gesch\u00e4tzte Lesezeit":"2\u00a0Minuten"},"schema":{"@context":"https:\/\/schema.org","@graph":[{"@type":"WebPage","@id":"https:\/\/investmentvisacn.com\/canada-citizenship-and-residency-by-investment\/","url":"https:\/\/investmentvisacn.com\/canada-citizenship-and-residency-by-investment\/","name":"Kanadische Staatsb\u00fcrgerschaft und Aufenthaltsgenehmigung durch Investition - Investitionsvisum CN","isPartOf":{"@id":"https:\/\/investmentvisacn.com\/#website"},"datePublished":"2024-08-13T21:46:39+00:00","dateModified":"2024-08-21T16:11:00+00:00","breadcrumb":{"@id":"https:\/\/investmentvisacn.com\/canada-citizenship-and-residency-by-investment\/#breadcrumb"},"inLanguage":"de","potentialAction":[{"@type":"ReadAction","target":["https:\/\/investmentvisacn.com\/canada-citizenship-and-residency-by-investment\/"]}]},{"@type":"BreadcrumbList","@id":"https:\/\/investmentvisacn.com\/canada-citizenship-and-residency-by-investment\/#breadcrumb","itemListElement":[{"@type":"ListItem","position":1,"name":"Home","item":"https:\/\/investmentvisacn.com\/"},{"@type":"ListItem","position":2,"name":"Canada Citizenship and Residency by Investment"}]},{"@type":"WebSite","@id":"https:\/\/investmentvisacn.com\/#website","url":"https:\/\/investmentvisacn.com\/","name":"Investitionsvisum CN","description":"Globale Investment- und Visa-L\u00f6sungen, denen Sie vertrauen k\u00f6nnen","publisher":{"@id":"https:\/\/investmentvisacn.com\/#organization"},"potentialAction":[{"@type":"SearchAction","target":{"@type":"EntryPoint","urlTemplate":"https:\/\/investmentvisacn.com\/?s={search_term_string}"},"query-input":{"@type":"PropertyValueSpecification","valueRequired":true,"valueName":"search_term_string"}}],"inLanguage":"de"},{"@type":"Organization","@id":"https:\/\/investmentvisacn.com\/#organization","name":"Investitionsvisum CN","url":"https:\/\/investmentvisacn.com\/","logo":{"@type":"ImageObject","inLanguage":"de","@id":"https:\/\/investmentvisacn.com\/#\/schema\/logo\/image\/","url":"https:\/\/investmentvisacn.com\/wp-content\/uploads\/2024\/08\/universalinvestmentvisa.png","contentUrl":"https:\/\/investmentvisacn.com\/wp-content\/uploads\/2024\/08\/universalinvestmentvisa.png","width":180,"height":60,"caption":"Investment Visa CN"},"image":{"@id":"https:\/\/investmentvisacn.com\/#\/schema\/logo\/image\/"}}]}},"_links":{"self":[{"href":"https:\/\/investmentvisacn.com\/de\/wp-json\/wp\/v2\/pages\/282","targetHints":{"allow":["GET"]}}],"collection":[{"href":"https:\/\/investmentvisacn.com\/de\/wp-json\/wp\/v2\/pages"}],"about":[{"href":"https:\/\/investmentvisacn.com\/de\/wp-json\/wp\/v2\/types\/page"}],"author":[{"embeddable":true,"href":"https:\/\/investmentvisacn.com\/de\/wp-json\/wp\/v2\/users\/1"}],"replies":[{"embeddable":true,"href":"https:\/\/investmentvisacn.com\/de\/wp-json\/wp\/v2\/comments?post=282"}],"version-history":[{"count":2,"href":"https:\/\/investmentvisacn.com\/de\/wp-json\/wp\/v2\/pages\/282\/revisions"}],"predecessor-version":[{"id":435,"href":"https:\/\/investmentvisacn.com\/de\/wp-json\/wp\/v2\/pages\/282\/revisions\/435"}],"wp:attachment":[{"href":"https:\/\/investmentvisacn.com\/de\/wp-json\/wp\/v2\/media?parent=282"}],"curies":[{"name":"wp","href":"https:\/\/api.w.org\/{rel}","templated":true}]}}