{"id":280,"date":"2024-08-13T21:45:01","date_gmt":"2024-08-13T21:45:01","guid":{"rendered":"https:\/\/universalinvestmentvisa.com\/?page_id=280"},"modified":"2024-08-24T16:41:57","modified_gmt":"2024-08-24T16:41:57","slug":"monaco-residenz","status":"publish","type":"page","link":"https:\/\/investmentvisacn.com\/de\/monaco-residence\/","title":{"rendered":"Residenz Monaco"},"content":{"rendered":"<h2 class=\"wp-block-heading\">Aufenthaltsprogramm Monaco<\/h2>\n\n\n\n<p>Monaco ist ein attraktiver Wohnsitz f\u00fcr verm\u00f6gende Privatpersonen. Das F\u00fcrstentum ist ein unabh\u00e4ngiger souver\u00e4ner Staat und Vollmitglied der UNO. Franz\u00f6sisch ist die offizielle Sprache, w\u00e4hrend Italienisch und Englisch weit verbreitet sind. Es besteht eine Zoll- und W\u00e4hrungsunion mit Frankreich und es gilt die franz\u00f6sische Mehrwertsteuer. Eine der Hauptattraktionen ist die Tatsache, dass es keine Einkommenssteuer f\u00fcr Inl\u00e4nder und ausl\u00e4ndische Einwohner gibt.<\/p>\n\n\n\n<h2 class=\"wp-block-heading\">Monaco Wohnsitz<\/h2>\n\n\n\n<p>Von den Antragstellern wird erwartet, dass sie mindestens 500.000 \u20ac auf ein Bankkonto einzahlen, um in Monaco wohnen zu k\u00f6nnen. Ein Antrag auf ein Aufenthaltsvisum dauert in der Regel etwa drei Monate. Es gibt verschiedene Compliance- und Due-Diligence-Pr\u00fcfungen. Die Antragsteller m\u00fcssen eine Unterkunft in Form eines Miet- oder Kaufvertrags nachweisen und belegen, dass sie \u00fcber ausreichende finanzielle Mittel verf\u00fcgen, um in Monaco zu leben (dies kann ein Schreiben einer Bank in Monaco, der Nachweis einer Besch\u00e4ftigung in Monaco oder die Gr\u00fcndung eines Unternehmens im Land sein).<\/p>\n\n\n\n<p class=\"has-text-align-center\"><a href=\"https:\/\/investmentvisacn.com\/de\/kontaktieren-sie-uns\/\"><strong>Kontakt-Berater<\/strong><\/a><\/p>\n\n\n\n<h2 class=\"wp-block-heading\">Monaco Staatsb\u00fcrgerschaft<\/h2>\n\n\n\n<p>Der Erwerb der Staatsb\u00fcrgerschaft ist in Monaco \u00e4u\u00dferst schwierig, da man als Erwachsener \u00fcber 21 Jahre mindestens zehn Jahre lang ununterbrochen im Land gelebt haben muss, bevor man die Voraussetzungen erf\u00fcllt. Dar\u00fcber hinaus muss dem F\u00fcrsten ein offizielles Schreiben vorgelegt werden, in dem er auf jede souver\u00e4ne Staatsangeh\u00f6rigkeit verzichtet, und der Antragsteller darf keinen Wehrdienst im Ausland ableisten.<\/p>\n\n\n\n<h3 class=\"wp-block-heading\">Vorteile der Residenz in Monaco:<\/h3>\n\n\n\n<ul class=\"wp-block-list\">\n<li>Monaco ist ein \u00e4u\u00dferst attraktiver Gerichtsstand f\u00fcr einkommensstarke Privatpersonen und Unternehmen, da es als ein \u00e4u\u00dferst leistungsf\u00e4higes Instrument zur internationalen Steuer- und Verm\u00f6gensoptimierung gilt.<\/li>\n\n\n\n<li>Es gibt keine Einkommenssteuer f\u00fcr Staatsangeh\u00f6rige und ausl\u00e4ndische Einwohner. Dar\u00fcber hinaus sind lokal registrierte Unternehmen von der Steuer befreit, es sei denn, mehr als 25% ihrer Einnahmen stammen aus dem Ausland.<\/li>\n\n\n\n<li>F\u00fcr die Beantragung eines Wohnsitzes in Monaco m\u00fcssen die Antragsteller nachweisen, dass sie eine Unterkunft haben, \u00fcber ausreichende Mittel f\u00fcr ihren Lebensunterhalt und den ihrer Familie verf\u00fcgen und einen guten Leumund besitzen.<\/li>\n\n\n\n<li>Die Daueraufenthaltsgenehmigung gew\u00e4hrt EU-B\u00fcrgern und Nicht-EU-B\u00fcrgern und ihren Familienangeh\u00f6rigen das Recht auf st\u00e4ndigen Aufenthalt in Monaco, sobald sie vorgelegt wird.<\/li>\n\n\n\n<li>Auch f\u00fcr die Familie des Hauptantragstellers m\u00fcssen bestimmte Kriterien erf\u00fcllt sein, z. B. muss die Immobilie \u00fcber gen\u00fcgend Schlafzimmer verf\u00fcgen, um die Gesamtzahl der Antragsteller zu beherbergen.<\/li>\n<\/ul>\n\n\n\n<h2 class=\"wp-block-heading\">Anforderungen an den Wohnsitz<\/h2>\n\n\n\n<p>Die 3-Grundlagen-Anforderungen m\u00fcssen von den Antragstellern bei der Bewerbung um einen Wohnsitz nachgewiesen werden:<\/p>\n\n\n\n<ul class=\"wp-block-list\">\n<li>erstens - Nachweis der Unterkunft<\/li>\n\n\n\n<li>Zweitens - Nachweis der Selbstversorgung<\/li>\n\n\n\n<li>Drittens - Nachweis eines guten Charakters.<\/li>\n<\/ul>\n\n\n\n<p>Die Mindestinvestitionen f\u00fcr die Beantragung eines Wohnsitzes in Monaco sind jedoch nicht in Stein gemei\u00dfelt. Das liegt daran, dass die Kosten davon abh\u00e4ngen, ob sich ein Antragsteller f\u00fcr die Miete oder den Kauf einer Immobilie entscheidet, eine Bankeinlage t\u00e4tigt oder auf andere Weise ausreichende finanzielle Mittel nachweisen kann. Die Mindestinvestitionen liegen in der Regel bei 1.000.000 \u20ac, davon 500.000 \u20ac f\u00fcr Bankeinlagen und mindestens 500.000 \u20ac f\u00fcr Immobilieninvestitionen. Was den Zuverl\u00e4ssigkeitsnachweis betrifft, so sollten die Antragsteller ein sauberes Strafregister aus den letzten beiden L\u00e4ndern, in denen sie sich aufgehalten haben, \u00fcber einen Zeitraum der letzten 5 Jahre vorlegen. Au\u00dferdem sollten sie sich mehr als 90 Tage im Jahr vor ihrer Ankunft in Monaco aufgehalten haben. In der nachstehenden Tabelle sind alternative M\u00f6glichkeiten aufgef\u00fchrt, wie Antragsteller die Unterkunfts- und Finanzanforderungen erf\u00fcllen k\u00f6nnen:<\/p>\n\n\n\n<h2 class=\"wp-block-heading\">Verfahren zum Erwerb der Residenz in Monaco<\/h2>\n\n\n\n<p>Universal Investment Visa bietet Ihnen einen problemlosen und nahtlosen Service und unterst\u00fctzt Sie bei jedem Schritt Ihres Antrags auf Aufenthaltsgenehmigung. Wir f\u00fchren Sie mit Sorgfalt und Umsicht durch das Verfahren zur Beantragung einer Aufenthaltsgenehmigung in Monaco und stellen sicher, dass Ihr Antrag korrekt eingereicht wird. Wir wickeln alle Verfahren in Ihrem Namen effizient ab, basierend auf professionellem Fachwissen und jahrelanger Erfahrung.<\/p>\n\n\n\n<h2 class=\"wp-block-heading\">Erstberatung mit Universal-Investitionsvisum Einwanderungsberatern<\/h2>\n\n\n\n<p>Die Einwanderungsberater von Universal Investment Visa werden Ihre pers\u00f6nlichen Umst\u00e4nde bewerten und Ihnen bei der Auswahl der am besten geeigneten Investitionsoption helfen. Die Aufenthaltsgenehmigung kann der gesamten Familie erteilt werden, einschlie\u00dflich Ehegatten\/Partnern, Kindern und Eltern, vorausgesetzt, die Immobilie verf\u00fcgt \u00fcber gen\u00fcgend Schlafzimmer, um die Anzahl der beantragenden Familienmitglieder unterzubringen.<\/p>\n\n\n\n<h2 class=\"wp-block-heading\">Vorbereitung der Dokumente<\/h2>\n\n\n\n<p>Sie erhalten eine detaillierte Checkliste und werden durch die Phase der Dokumentensammlung gef\u00fchrt. Erfahrene Einwanderungsberater pr\u00fcfen alle Dokumente auf ihre \u00dcbereinstimmung, um sicherzustellen, dass alle Anforderungen erf\u00fcllt sind, einschlie\u00dflich des Nachweises der Unterkunft und der Unterlagen zur finanziellen Selbstversorgung.<\/p>\n\n\n\n<h2 class=\"wp-block-heading\">Einreichung der Bewerbung<\/h2>\n\n\n\n<p>Der vollst\u00e4ndige Antrag auf Erteilung einer Aufenthaltsgenehmigung wird zusammen mit allen Belegen, die den Nachweis der Unterkunft, die finanziellen Mittel des Antragstellers und den Nachweis des guten Leumunds best\u00e4tigen, bei den monegassischen Beh\u00f6rden eingereicht.<\/p>\n\n\n\n<h2 class=\"wp-block-heading\">Vorstellungsgespr\u00e4ch f\u00fcr den Wohnsitz in Monaco.<\/h2>\n\n\n\n<p>Nach Einreichung des Antrags wird ein offizielles Gespr\u00e4ch mit der Abteilung f\u00fcr Einwohner der Direktion f\u00fcr \u00f6ffentliche Sicherheit anberaumt.<\/p>\n\n\n\n<h2 class=\"wp-block-heading\">Konformit\u00e4tskontrollen und Genehmigungen<\/h2>\n\n\n\n<p>Jeder Antrag wird von der Regierung durch eine gr\u00fcndliche Due-Diligence-Pr\u00fcfung auf seinen Hintergrund hin untersucht, bei der die eingereichten Informationen gepr\u00fcft und verifiziert werden.<\/p>\n\n\n\n<h2 class=\"wp-block-heading\">Anwendung Genehmigung<\/h2>\n\n\n\n<p>Sobald der Antrag gepr\u00fcft und genehmigt wurde, erhalten Sie eine Aufenthaltsgenehmigung, und die Regierung teilt Ihnen ihre Entscheidung in einem Schreiben mit.<\/p>\n\n\n\n<h2 class=\"wp-block-heading\">Wohnsitzkarte.<\/h2>\n\n\n\n<p>Inhaber eines EU-Passes k\u00f6nnen damit rechnen, dass ihre Karte innerhalb von acht Wochen nach der Genehmigung bewilligt wird; die Bearbeitungszeit f\u00fcr Nicht-EU-B\u00fcrger schwankt zwischen sechzehn und zwanzig Wochen. Um einen steuerlichen Wohnsitz zu haben, muss der Antragsteller mindestens ein halbes Jahr im Land bleiben.<\/p>\n\n\n\n<ul class=\"wp-block-list\">\n<li>Schritt 1<\/li>\n\n\n\n<li>Schritt 2<\/li>\n\n\n\n<li>Schritt 3<\/li>\n\n\n\n<li>Schritt 4<\/li>\n\n\n\n<li>Schritt 5<\/li>\n\n\n\n<li>Schritt 6<\/li>\n\n\n\n<li>Schritt 7<\/li>\n<\/ul>","protected":false},"excerpt":{"rendered":"<p>Monaco Residence Program Monaco is an attractive place of residence for high-net-worth individuals. The principality is an independent sovereign state and a full member of the UN. French is the official language, while Italian and English are widely spoken. There is a customs and monetary union with France and French VAT applies. One of the [&hellip;]<\/p>\n","protected":false},"author":1,"featured_media":0,"parent":0,"menu_order":0,"comment_status":"closed","ping_status":"closed","template":"","meta":{"footnotes":""},"class_list":["post-280","page","type-page","status-publish","hentry"],"yoast_head":"<!-- This site is optimized with the Yoast SEO plugin v27.3 - https:\/\/yoast.com\/product\/yoast-seo-wordpress\/ -->\n<title>Monaco Residence - Investment Visa CN<\/title>\n<meta name=\"robots\" content=\"index, follow, max-snippet:-1, max-image-preview:large, max-video-preview:-1\" \/>\n<link rel=\"canonical\" href=\"https:\/\/investmentvisacn.com\/de\/monaco-residenz\/\" \/>\n<meta property=\"og:locale\" content=\"de_DE\" \/>\n<meta property=\"og:type\" content=\"article\" \/>\n<meta property=\"og:title\" content=\"Monaco Residence - Investment Visa CN\" \/>\n<meta property=\"og:description\" content=\"Monaco Residence Program Monaco is an attractive place of residence for high-net-worth individuals. The principality is an independent sovereign state and a full member of the UN. French is the official language, while Italian and English are widely spoken. There is a customs and monetary union with France and French VAT applies. One of the [&hellip;]\" \/>\n<meta property=\"og:url\" content=\"https:\/\/investmentvisacn.com\/de\/monaco-residenz\/\" \/>\n<meta property=\"og:site_name\" content=\"Investment Visa CN\" \/>\n<meta property=\"article:modified_time\" content=\"2024-08-24T16:41:57+00:00\" \/>\n<meta name=\"twitter:card\" content=\"summary_large_image\" \/>\n<meta name=\"twitter:label1\" content=\"Gesch\u00e4tzte Lesezeit\" \/>\n\t<meta name=\"twitter:data1\" content=\"4\u00a0Minuten\" \/>\n<script type=\"application\/ld+json\" class=\"yoast-schema-graph\">{\"@context\":\"https:\\\/\\\/schema.org\",\"@graph\":[{\"@type\":\"WebPage\",\"@id\":\"https:\\\/\\\/investmentvisacn.com\\\/monaco-residence\\\/\",\"url\":\"https:\\\/\\\/investmentvisacn.com\\\/monaco-residence\\\/\",\"name\":\"Monaco Residence - Investment Visa CN\",\"isPartOf\":{\"@id\":\"https:\\\/\\\/investmentvisacn.com\\\/#website\"},\"datePublished\":\"2024-08-13T21:45:01+00:00\",\"dateModified\":\"2024-08-24T16:41:57+00:00\",\"breadcrumb\":{\"@id\":\"https:\\\/\\\/investmentvisacn.com\\\/monaco-residence\\\/#breadcrumb\"},\"inLanguage\":\"de\",\"potentialAction\":[{\"@type\":\"ReadAction\",\"target\":[\"https:\\\/\\\/investmentvisacn.com\\\/monaco-residence\\\/\"]}]},{\"@type\":\"BreadcrumbList\",\"@id\":\"https:\\\/\\\/investmentvisacn.com\\\/monaco-residence\\\/#breadcrumb\",\"itemListElement\":[{\"@type\":\"ListItem\",\"position\":1,\"name\":\"Home\",\"item\":\"https:\\\/\\\/investmentvisacn.com\\\/\"},{\"@type\":\"ListItem\",\"position\":2,\"name\":\"Monaco Residence\"}]},{\"@type\":\"WebSite\",\"@id\":\"https:\\\/\\\/investmentvisacn.com\\\/#website\",\"url\":\"https:\\\/\\\/investmentvisacn.com\\\/\",\"name\":\"Investment Visa CN\",\"description\":\"Global Investment &amp; Visa Solutions You Can Trust\",\"publisher\":{\"@id\":\"https:\\\/\\\/investmentvisacn.com\\\/#organization\"},\"potentialAction\":[{\"@type\":\"SearchAction\",\"target\":{\"@type\":\"EntryPoint\",\"urlTemplate\":\"https:\\\/\\\/investmentvisacn.com\\\/?s={search_term_string}\"},\"query-input\":{\"@type\":\"PropertyValueSpecification\",\"valueRequired\":true,\"valueName\":\"search_term_string\"}}],\"inLanguage\":\"de\"},{\"@type\":\"Organization\",\"@id\":\"https:\\\/\\\/investmentvisacn.com\\\/#organization\",\"name\":\"Investment Visa CN\",\"url\":\"https:\\\/\\\/investmentvisacn.com\\\/\",\"logo\":{\"@type\":\"ImageObject\",\"inLanguage\":\"de\",\"@id\":\"https:\\\/\\\/investmentvisacn.com\\\/#\\\/schema\\\/logo\\\/image\\\/\",\"url\":\"https:\\\/\\\/investmentvisacn.com\\\/wp-content\\\/uploads\\\/2024\\\/08\\\/universalinvestmentvisa.png\",\"contentUrl\":\"https:\\\/\\\/investmentvisacn.com\\\/wp-content\\\/uploads\\\/2024\\\/08\\\/universalinvestmentvisa.png\",\"width\":180,\"height\":60,\"caption\":\"Investment Visa CN\"},\"image\":{\"@id\":\"https:\\\/\\\/investmentvisacn.com\\\/#\\\/schema\\\/logo\\\/image\\\/\"}}]}<\/script>\n<!-- \/ Yoast SEO plugin. -->","yoast_head_json":{"title":"Aufenthalt in Monaco - Investitionsvisum CN","robots":{"index":"index","follow":"follow","max-snippet":"max-snippet:-1","max-image-preview":"max-image-preview:large","max-video-preview":"max-video-preview:-1"},"canonical":"https:\/\/investmentvisacn.com\/de\/monaco-residenz\/","og_locale":"de_DE","og_type":"article","og_title":"Monaco Residence - Investment Visa CN","og_description":"Monaco Residence Program Monaco is an attractive place of residence for high-net-worth individuals. The principality is an independent sovereign state and a full member of the UN. French is the official language, while Italian and English are widely spoken. There is a customs and monetary union with France and French VAT applies. One of the [&hellip;]","og_url":"https:\/\/investmentvisacn.com\/de\/monaco-residenz\/","og_site_name":"Investment Visa CN","article_modified_time":"2024-08-24T16:41:57+00:00","twitter_card":"summary_large_image","twitter_misc":{"Gesch\u00e4tzte Lesezeit":"4\u00a0Minuten"},"schema":{"@context":"https:\/\/schema.org","@graph":[{"@type":"WebPage","@id":"https:\/\/investmentvisacn.com\/monaco-residence\/","url":"https:\/\/investmentvisacn.com\/monaco-residence\/","name":"Aufenthalt in Monaco - Investitionsvisum CN","isPartOf":{"@id":"https:\/\/investmentvisacn.com\/#website"},"datePublished":"2024-08-13T21:45:01+00:00","dateModified":"2024-08-24T16:41:57+00:00","breadcrumb":{"@id":"https:\/\/investmentvisacn.com\/monaco-residence\/#breadcrumb"},"inLanguage":"de","potentialAction":[{"@type":"ReadAction","target":["https:\/\/investmentvisacn.com\/monaco-residence\/"]}]},{"@type":"BreadcrumbList","@id":"https:\/\/investmentvisacn.com\/monaco-residence\/#breadcrumb","itemListElement":[{"@type":"ListItem","position":1,"name":"Home","item":"https:\/\/investmentvisacn.com\/"},{"@type":"ListItem","position":2,"name":"Monaco Residence"}]},{"@type":"WebSite","@id":"https:\/\/investmentvisacn.com\/#website","url":"https:\/\/investmentvisacn.com\/","name":"Investitionsvisum CN","description":"Globale Investment- und Visa-L\u00f6sungen, denen Sie vertrauen k\u00f6nnen","publisher":{"@id":"https:\/\/investmentvisacn.com\/#organization"},"potentialAction":[{"@type":"SearchAction","target":{"@type":"EntryPoint","urlTemplate":"https:\/\/investmentvisacn.com\/?s={search_term_string}"},"query-input":{"@type":"PropertyValueSpecification","valueRequired":true,"valueName":"search_term_string"}}],"inLanguage":"de"},{"@type":"Organization","@id":"https:\/\/investmentvisacn.com\/#organization","name":"Investitionsvisum CN","url":"https:\/\/investmentvisacn.com\/","logo":{"@type":"ImageObject","inLanguage":"de","@id":"https:\/\/investmentvisacn.com\/#\/schema\/logo\/image\/","url":"https:\/\/investmentvisacn.com\/wp-content\/uploads\/2024\/08\/universalinvestmentvisa.png","contentUrl":"https:\/\/investmentvisacn.com\/wp-content\/uploads\/2024\/08\/universalinvestmentvisa.png","width":180,"height":60,"caption":"Investment Visa CN"},"image":{"@id":"https:\/\/investmentvisacn.com\/#\/schema\/logo\/image\/"}}]}},"_links":{"self":[{"href":"https:\/\/investmentvisacn.com\/de\/wp-json\/wp\/v2\/pages\/280","targetHints":{"allow":["GET"]}}],"collection":[{"href":"https:\/\/investmentvisacn.com\/de\/wp-json\/wp\/v2\/pages"}],"about":[{"href":"https:\/\/investmentvisacn.com\/de\/wp-json\/wp\/v2\/types\/page"}],"author":[{"embeddable":true,"href":"https:\/\/investmentvisacn.com\/de\/wp-json\/wp\/v2\/users\/1"}],"replies":[{"embeddable":true,"href":"https:\/\/investmentvisacn.com\/de\/wp-json\/wp\/v2\/comments?post=280"}],"version-history":[{"count":3,"href":"https:\/\/investmentvisacn.com\/de\/wp-json\/wp\/v2\/pages\/280\/revisions"}],"predecessor-version":[{"id":556,"href":"https:\/\/investmentvisacn.com\/de\/wp-json\/wp\/v2\/pages\/280\/revisions\/556"}],"wp:attachment":[{"href":"https:\/\/investmentvisacn.com\/de\/wp-json\/wp\/v2\/media?parent=280"}],"curies":[{"name":"wp","href":"https:\/\/api.w.org\/{rel}","templated":true}]}}