{"id":272,"date":"2024-08-13T21:37:49","date_gmt":"2024-08-13T21:37:49","guid":{"rendered":"https:\/\/universalinvestmentvisa.com\/?page_id=272"},"modified":"2024-08-24T16:36:41","modified_gmt":"2024-08-24T16:36:41","slug":"irland-goldenes-visum","status":"publish","type":"page","link":"https:\/\/investmentvisacn.com\/de\/ireland-golden-visa\/","title":{"rendered":"Irland Goldenes Visum"},"content":{"rendered":"<h2 class=\"wp-block-heading\">Irland Goldenes Visum Schlie\u00dfung<\/h2>\n\n\n\n<p>***&nbsp;<em>Die Regierung hat angek\u00fcndigt, dass das irische Golden Visa Programm am 14. Februar 2023 ausl\u00e4uft. F\u00fcr Investoren und Antragsteller gibt es nun in den n\u00e4chsten Monaten ein Zeitfenster f\u00fcr mehrere bestehende Projekte. Interessierte Parteien m\u00fcssen sich jedoch sehr bald mit uns in Verbindung setzen, da die Vorbereitung eines Antrags 6-8 Wochen dauern kann<\/em>.***<\/p>\n\n\n\n<h2 class=\"wp-block-heading\">Irland Goldenes Visum \u00dcbersicht<\/h2>\n\n\n\n<p>Irland f\u00fchrte 2012 sein urspr\u00fcngliches Programm f\u00fcr Investorenvisa ein, das offiziell als Irlands Immigrant Investor Programme (IIP) bekannt ist. Das Programm wurde 2013 erweitert und bietet nun Antragstellern aus L\u00e4ndern au\u00dferhalb der Europ\u00e4ischen Union die M\u00f6glichkeit, eine Aufenthaltsgenehmigung f\u00fcr Irland zu erhalten, wenn sie mindestens 1,0 Mio. EUR in einen zugelassenen Investitionsfonds investieren.<\/p>\n\n\n\n<p>Das irische Programm f\u00fcr goldene Visa wurde aufgelegt, um Investitionen in Irland zu f\u00f6rdern und dynamischen Gesch\u00e4ftsleuten mit nachweislichem Erfolg eine Aufenthaltsgenehmigung zu erteilen. Es ist ein ideales Programm f\u00fcr verm\u00f6gende Familien, die einen Wohnsitz in Europa anstreben, und wird besonders f\u00fcr Gesch\u00e4ftsleute, Unternehmer und diejenigen attraktiv sein, die f\u00fcr ihre Kinder eine erstklassige Ausbildung an Universit\u00e4ten von Weltrang anstreben.<\/p>\n\n\n\n<div class=\"wp-block-buttons is-content-justification-center is-layout-flex wp-container-core-buttons-is-layout-a89b3969 wp-block-buttons-is-layout-flex\">\n<div class=\"wp-block-button\"><a class=\"wp-block-button__link has-text-align-left wp-element-button\" href=\"https:\/\/investmentvisacn.com\/de\/kontaktieren-sie-uns\/\">KONTAKT-BERATER<\/a><\/div>\n<\/div>\n\n\n\n<h2 class=\"wp-block-heading\">Irland Goldenes Visum Vorteile<\/h2>\n\n\n\n<p>Das Irish Immigrant Investor Programme (IIIP) bietet viele Vorteile und ist besonders f\u00fcr diejenigen attraktiv, die aufgrund der boomenden Wirtschaft und der Karriere- und Bildungsm\u00f6glichkeiten einen Umzug nach Irland in Betracht ziehen. Gemessen am Pro-Kopf-BIP geh\u00f6rt Irland zu den zehn wohlhabendsten L\u00e4ndern der Welt.<\/p>\n\n\n\n<p>Investoren k\u00f6nnen eine Erm\u00e4\u00dfigung von 50.000 \u20ac auf den erforderlichen Investitionsbetrag erhalten, wenn sie Kinder haben, die in Irland eine Universit\u00e4t besuchen m\u00f6chten. Die Vorteile einer umfassenden Ausbildung in Irland sind attraktiv. Da Irland englischsprachig ist und einige der besten Universit\u00e4ten Europas bietet, sind die Chancen f\u00fcr Studenten und Absolventen einzigartig. Zwei der vier besten Universit\u00e4ten in Europa f\u00fcr die Ausbildung von Unternehmern befinden sich in Dublin, n\u00e4mlich das Trinity College und das University College Dublin. Au\u00dferdem werden Absolventen aufgrund des Zugangs zum EU-Markt von vielen der weltweit f\u00fchrenden Unternehmen mit Hauptsitz in Irland willkommen gehei\u00dfen. Dazu geh\u00f6ren Unternehmen wie Google, Facebook, Intel, Twitter, Citi, Huawei, Pfizer, Takeda, Novartis, Trend Micro und Fujitsu.<\/p>\n\n\n\n<h3 class=\"wp-block-heading\">Wichtigste Vorteile:<\/h3>\n\n\n\n<ul class=\"wp-block-list\">\n<li>Irischer Wohnsitz mit einem Weg zur Staatsb\u00fcrgerschaft<\/li>\n\n\n\n<li>Bildungsanreize f\u00fcr Golden Visa-Investoren<\/li>\n\n\n\n<li>Teil des Abkommens \u00fcber den gemeinsamen Reiseverkehr mit dem Vereinigten K\u00f6nigreich<\/li>\n\n\n\n<li>Leben, arbeiten, studieren in Irland, wenn Sie m\u00f6chten, aber kein Mindestaufenthalt<\/li>\n\n\n\n<li>Teil der EU<\/li>\n\n\n\n<li>Englischsprachiges Land<\/li>\n<\/ul>\n\n\n\n<h2 class=\"wp-block-heading\">Staatsb\u00fcrgerschaft durch Investitionen in Irland<\/h2>\n\n\n\n<p>In Irland gibt es kein direktes Programm f\u00fcr \"Citizenship by Investment\", aber nach f\u00fcnf Jahren Vollzeitaufenthalt in Irland haben Investoren die M\u00f6glichkeit, die irische Staatsb\u00fcrgerschaft und einen irischen EU-Pass zu beantragen, in \u00dcbereinstimmung mit den irischen Staatsb\u00fcrgerschaftsgesetzen. Nach der Verleihung der irischen Staatsb\u00fcrgerschaft kann sich der Inhaber in jedem anderen EU-Mitgliedstaat aufhalten, arbeiten oder studieren, ohne dass ein zus\u00e4tzliches Visum erforderlich ist. Irland hat auch ein Abkommen mit dem Vereinigten K\u00f6nigreich \u00fcber den gemeinsamen Reiseverkehr geschlossen, das irischen B\u00fcrgern das Recht gibt, sich im gesamten Vereinigten K\u00f6nigreich frei zu bewegen.<\/p>\n\n\n\n<p>Der irische Reisepass ist einer der st\u00e4rksten der Welt, und Inhaber eines irischen Reisepasses k\u00f6nnen in 199 L\u00e4nder und Gebiete weltweit visumfrei einreisen.<\/p>\n\n\n\n<p>Wenn Sie die Staatsb\u00fcrgerschaft eines EU-Landes anstreben, aber nicht in der Lage sind, sich f\u00fcnf Jahre lang in Irland aufzuhalten, dann sollten Sie die\u00a0<a href=\"https:\/\/investmentvisacn.com\/de\/portugiesisches-goldvisum\/\">Portugal Goldenes Visum<\/a>\u00a0Programm als Alternative.<\/p>\n\n\n\n<h3 class=\"wp-block-heading\">Vorteile<\/h3>\n\n\n\n<ul class=\"wp-block-list\">\n<li>Ab 1.000.000 \u20ac + Kosten<\/li>\n\n\n\n<li>Fondsanlage<\/li>\n\n\n\n<li>Ganze Familie<\/li>\n\n\n\n<li>Flexibel. 1 Tag Mindestaufenthalt.<\/li>\n\n\n\n<li>Hervorragende Auswahl an Bildungsm\u00f6glichkeiten<\/li>\n<\/ul>\n\n\n\n<h3 class=\"wp-block-heading\">Anforderungen an die Sorgfaltspflicht<\/h3>\n\n\n\n<p>Alle Antragsteller m\u00fcssen einen guten Leumund haben und die von der irischen Regierung vorgeschriebene Due-Diligence-Pr\u00fcfung durchlaufen. Investoren m\u00fcssen Folgendes vorweisen:<\/p>\n\n\n\n<ul class=\"wp-block-list\">\n<li>Mindestinvestition von 1.000.000 \u20ac.<\/li>\n\n\n\n<li>Polizeiberichte - Nachweis eines sauberen Strafregisters<\/li>\n\n\n\n<li>ein Nettoverm\u00f6gen von 2.000.000 \u20ac nachweisen<\/li>\n\n\n\n<li>Vollst\u00e4ndiger Familienwohnsitz, unterhaltsberechtigte Kinder, unterhaltsberechtigte Familienangeh\u00f6rige<\/li>\n\n\n\n<li>1 Tag Mindestaufenthalt , Kein Vorstellungsgespr\u00e4ch , Kein Sprachtest<\/li>\n\n\n\n<li>ein Nettoverm\u00f6gen von 2.000.000 \u20ac nachweisen<\/li>\n\n\n\n<li>Wohnsitz in einem EU-Land, Reisen in der EU-Schengen-Zone, Staatsb\u00fcrgerschaft ab 5 Jahren Wohnsitz<\/li>\n<\/ul>\n\n\n\n<h2 class=\"wp-block-heading\">Investitionsanforderungen f\u00fcr Irlands Goldenes Visum<\/h2>\n\n\n\n<p>Die Antragsteller m\u00fcssen eine Mindestinvestition von 1.000.000 \u20ac in einen genehmigten Fonds t\u00e4tigen, der mindestens 3 bis 5 Jahre lang gehalten wird. Das Verfahren zur Erlangung des irischen Aufenthaltsvisums ist relativ unkompliziert und schnell. Die Antragsteller m\u00fcssen nicht im EWR ans\u00e4ssig sein und folgende Voraussetzungen erf\u00fcllen<\/p>\n\n\n\n<ul class=\"wp-block-list\">\n<li>Ein sauberes Strafregister<\/li>\n\n\n\n<li>Ausreichende finanzielle Mittel und medizinische Versorgung zur Deckung ihres Aufenthalts<\/li>\n\n\n\n<li>Keine vorherige Ablehnung eines Visums<\/li>\n\n\n\n<li>ein Nettoverm\u00f6gen von 2.000.000 \u20ac nachweisen<\/li>\n<\/ul>\n\n\n\n<h2 class=\"wp-block-heading\">Wie Sie das Goldene Visum in Irland beantragen<\/h2>\n\n\n\n<p>Buchen Sie Ihr kostenloses Beratungsgespr\u00e4ch mit dem Expertenteam von Universal Investment Visa, um zu entscheiden, welches Programm und welcher Investitionsweg f\u00fcr Sie und Ihre Familie am besten geeignet ist. Unsere erfahrenen Berater werden alle Ihre Ziele und Anforderungen durchgehen und Sie ausf\u00fchrlich beraten und durch den gesamten Prozess f\u00fchren.<\/p>\n\n\n\n<p>Bevor Sie sich festlegen, f\u00fchrt Universal Investment Visa eine Hintergrundpr\u00fcfung durch, um sicherzustellen, dass Ihr Antrag f\u00fcr Irland wahrscheinlich erfolgreich ist. Sobald diese Pr\u00fcfung abgeschlossen ist und Sie damit einverstanden sind, k\u00f6nnen Sie das Verfahren offiziell einleiten, indem Sie unsere Vereinbarung mit dem Kundenbetreuer unterzeichnen und die Kaution f\u00fcr den Vorantrag bezahlen.<\/p>\n\n\n\n<p>Das professionelle Team von Universal Investment Visa wird mit Ihnen zusammenarbeiten, um den Antrag vorzubereiten. Wenn Ihr Antrag vollst\u00e4ndig vorbereitet und einreichungsbereit ist, sollte die erste Zahlung (Rechts-, Bearbeitungs- und Antragsgeb\u00fchren) geleistet werden. Nach der Genehmigung durch den irischen Bewertungsausschuss und den Minister f\u00fcr Justiz und Gleichberechtigung wird dann die Fondsinvestition f\u00e4llig.<\/p>\n\n\n\n<p>Sobald die Investition offiziell best\u00e4tigt ist, erhalten erfolgreiche Antragsteller ein erstes zweij\u00e4hriges Aufenthaltsvisum f\u00fcr Irland sowie alle berechtigten Familienmitglieder, die in den Antrag aufgenommen wurden. Die Antragsteller m\u00fcssen vor der Verl\u00e4ngerung des Visums um zwei Jahre nach Irland reisen, um ihre Genehmigung f\u00fcr den Antrag zu registrieren.<\/p>\n\n\n\n<ul class=\"wp-block-list\">\n<li>Schritt 1<\/li>\n\n\n\n<li>Schritt 2<\/li>\n\n\n\n<li>Schritt 3<\/li>\n\n\n\n<li>Schritt 4<\/li>\n<\/ul>\n\n\n\n<h2 class=\"wp-block-heading\">Irland - Wohnsitznahme durch Investition - ZUGELASSENER FONDS<\/h2>\n\n\n\n<p>Der Fonds ist ein von der irischen Zentralbank zugelassener und regulierter Investmentfonds mit geringem Risiko. Er bietet ausl\u00e4ndischen Anlegern die M\u00f6glichkeit, in Irland zu investieren und im Gegenzug eine langfristige Aufenthaltsgenehmigung zu erhalten.<\/p>\n\n\n\n<p>Die beiden Hauptziele des Fonds sind:<\/p>\n\n\n\n<p>1. Gew\u00e4hrleistung eines maximalen Schutzes der Anlegergelder durch eine konservative, risikoarme Kreditinvestitionspolitik<\/p>\n\n\n\n<p>2. Emission innovativer Finanzierungen f\u00fcr ein Portfolio irischer Hotels, die w\u00e4hrend der Laufzeit des Fonds jeweils das Besch\u00e4ftigungsniveau erh\u00f6hen werden<\/p>\n\n\n\n<p>Dabei handelt es sich um einen Asset-Backed-Debt-Fonds auf Gegenseitigkeit, der eine sehr sichere Option f\u00fcr Anleger darstellt, die Zugang zum irischen Investor-Visa-Programm suchen.<\/p>","protected":false},"excerpt":{"rendered":"<p>Ireland Golden Visa Closure ***&nbsp;The government announced the closure of Ireland\u2019s Golden Visa programme on 14 February 2023. There is now a window of opportunity for several existing projects over the next few months for investors and applicants. However interested parties will need to contact us very soon as the preparation of an application can [&hellip;]<\/p>\n","protected":false},"author":1,"featured_media":0,"parent":0,"menu_order":0,"comment_status":"closed","ping_status":"closed","template":"","meta":{"footnotes":""},"class_list":["post-272","page","type-page","status-publish","hentry"],"yoast_head":"<!-- This site is optimized with the Yoast SEO plugin v27.3 - https:\/\/yoast.com\/product\/yoast-seo-wordpress\/ -->\n<title>Ireland Golden Visa - Investment Visa CN<\/title>\n<meta name=\"robots\" content=\"index, follow, max-snippet:-1, max-image-preview:large, max-video-preview:-1\" \/>\n<link rel=\"canonical\" href=\"https:\/\/investmentvisacn.com\/de\/irland-goldenes-visum\/\" \/>\n<meta property=\"og:locale\" content=\"de_DE\" \/>\n<meta property=\"og:type\" content=\"article\" \/>\n<meta property=\"og:title\" content=\"Ireland Golden Visa - Investment Visa CN\" \/>\n<meta property=\"og:description\" content=\"Ireland Golden Visa Closure ***&nbsp;The government announced the closure of Ireland\u2019s Golden Visa programme on 14 February 2023. There is now a window of opportunity for several existing projects over the next few months for investors and applicants. However interested parties will need to contact us very soon as the preparation of an application can [&hellip;]\" \/>\n<meta property=\"og:url\" content=\"https:\/\/investmentvisacn.com\/de\/irland-goldenes-visum\/\" \/>\n<meta property=\"og:site_name\" content=\"Investment Visa CN\" \/>\n<meta property=\"article:modified_time\" content=\"2024-08-24T16:36:41+00:00\" \/>\n<meta name=\"twitter:card\" content=\"summary_large_image\" \/>\n<meta name=\"twitter:label1\" content=\"Gesch\u00e4tzte Lesezeit\" \/>\n\t<meta name=\"twitter:data1\" content=\"5\u00a0Minuten\" \/>\n<script type=\"application\/ld+json\" class=\"yoast-schema-graph\">{\"@context\":\"https:\\\/\\\/schema.org\",\"@graph\":[{\"@type\":\"WebPage\",\"@id\":\"https:\\\/\\\/investmentvisacn.com\\\/ireland-golden-visa\\\/\",\"url\":\"https:\\\/\\\/investmentvisacn.com\\\/ireland-golden-visa\\\/\",\"name\":\"Ireland Golden Visa - Investment Visa CN\",\"isPartOf\":{\"@id\":\"https:\\\/\\\/investmentvisacn.com\\\/#website\"},\"datePublished\":\"2024-08-13T21:37:49+00:00\",\"dateModified\":\"2024-08-24T16:36:41+00:00\",\"breadcrumb\":{\"@id\":\"https:\\\/\\\/investmentvisacn.com\\\/ireland-golden-visa\\\/#breadcrumb\"},\"inLanguage\":\"de\",\"potentialAction\":[{\"@type\":\"ReadAction\",\"target\":[\"https:\\\/\\\/investmentvisacn.com\\\/ireland-golden-visa\\\/\"]}]},{\"@type\":\"BreadcrumbList\",\"@id\":\"https:\\\/\\\/investmentvisacn.com\\\/ireland-golden-visa\\\/#breadcrumb\",\"itemListElement\":[{\"@type\":\"ListItem\",\"position\":1,\"name\":\"Home\",\"item\":\"https:\\\/\\\/investmentvisacn.com\\\/\"},{\"@type\":\"ListItem\",\"position\":2,\"name\":\"Ireland Golden Visa\"}]},{\"@type\":\"WebSite\",\"@id\":\"https:\\\/\\\/investmentvisacn.com\\\/#website\",\"url\":\"https:\\\/\\\/investmentvisacn.com\\\/\",\"name\":\"Investment Visa CN\",\"description\":\"Global Investment &amp; Visa Solutions You Can Trust\",\"publisher\":{\"@id\":\"https:\\\/\\\/investmentvisacn.com\\\/#organization\"},\"potentialAction\":[{\"@type\":\"SearchAction\",\"target\":{\"@type\":\"EntryPoint\",\"urlTemplate\":\"https:\\\/\\\/investmentvisacn.com\\\/?s={search_term_string}\"},\"query-input\":{\"@type\":\"PropertyValueSpecification\",\"valueRequired\":true,\"valueName\":\"search_term_string\"}}],\"inLanguage\":\"de\"},{\"@type\":\"Organization\",\"@id\":\"https:\\\/\\\/investmentvisacn.com\\\/#organization\",\"name\":\"Investment Visa CN\",\"url\":\"https:\\\/\\\/investmentvisacn.com\\\/\",\"logo\":{\"@type\":\"ImageObject\",\"inLanguage\":\"de\",\"@id\":\"https:\\\/\\\/investmentvisacn.com\\\/#\\\/schema\\\/logo\\\/image\\\/\",\"url\":\"https:\\\/\\\/investmentvisacn.com\\\/wp-content\\\/uploads\\\/2024\\\/08\\\/universalinvestmentvisa.png\",\"contentUrl\":\"https:\\\/\\\/investmentvisacn.com\\\/wp-content\\\/uploads\\\/2024\\\/08\\\/universalinvestmentvisa.png\",\"width\":180,\"height\":60,\"caption\":\"Investment Visa CN\"},\"image\":{\"@id\":\"https:\\\/\\\/investmentvisacn.com\\\/#\\\/schema\\\/logo\\\/image\\\/\"}}]}<\/script>\n<!-- \/ Yoast SEO plugin. -->","yoast_head_json":{"title":"Irland Goldenes Visum - Investitionsvisum CN","robots":{"index":"index","follow":"follow","max-snippet":"max-snippet:-1","max-image-preview":"max-image-preview:large","max-video-preview":"max-video-preview:-1"},"canonical":"https:\/\/investmentvisacn.com\/de\/irland-goldenes-visum\/","og_locale":"de_DE","og_type":"article","og_title":"Ireland Golden Visa - Investment Visa CN","og_description":"Ireland Golden Visa Closure ***&nbsp;The government announced the closure of Ireland\u2019s Golden Visa programme on 14 February 2023. There is now a window of opportunity for several existing projects over the next few months for investors and applicants. However interested parties will need to contact us very soon as the preparation of an application can [&hellip;]","og_url":"https:\/\/investmentvisacn.com\/de\/irland-goldenes-visum\/","og_site_name":"Investment Visa CN","article_modified_time":"2024-08-24T16:36:41+00:00","twitter_card":"summary_large_image","twitter_misc":{"Gesch\u00e4tzte Lesezeit":"5\u00a0Minuten"},"schema":{"@context":"https:\/\/schema.org","@graph":[{"@type":"WebPage","@id":"https:\/\/investmentvisacn.com\/ireland-golden-visa\/","url":"https:\/\/investmentvisacn.com\/ireland-golden-visa\/","name":"Irland Goldenes Visum - Investitionsvisum CN","isPartOf":{"@id":"https:\/\/investmentvisacn.com\/#website"},"datePublished":"2024-08-13T21:37:49+00:00","dateModified":"2024-08-24T16:36:41+00:00","breadcrumb":{"@id":"https:\/\/investmentvisacn.com\/ireland-golden-visa\/#breadcrumb"},"inLanguage":"de","potentialAction":[{"@type":"ReadAction","target":["https:\/\/investmentvisacn.com\/ireland-golden-visa\/"]}]},{"@type":"BreadcrumbList","@id":"https:\/\/investmentvisacn.com\/ireland-golden-visa\/#breadcrumb","itemListElement":[{"@type":"ListItem","position":1,"name":"Home","item":"https:\/\/investmentvisacn.com\/"},{"@type":"ListItem","position":2,"name":"Ireland Golden Visa"}]},{"@type":"WebSite","@id":"https:\/\/investmentvisacn.com\/#website","url":"https:\/\/investmentvisacn.com\/","name":"Investitionsvisum CN","description":"Globale Investment- und Visa-L\u00f6sungen, denen Sie vertrauen k\u00f6nnen","publisher":{"@id":"https:\/\/investmentvisacn.com\/#organization"},"potentialAction":[{"@type":"SearchAction","target":{"@type":"EntryPoint","urlTemplate":"https:\/\/investmentvisacn.com\/?s={search_term_string}"},"query-input":{"@type":"PropertyValueSpecification","valueRequired":true,"valueName":"search_term_string"}}],"inLanguage":"de"},{"@type":"Organization","@id":"https:\/\/investmentvisacn.com\/#organization","name":"Investitionsvisum CN","url":"https:\/\/investmentvisacn.com\/","logo":{"@type":"ImageObject","inLanguage":"de","@id":"https:\/\/investmentvisacn.com\/#\/schema\/logo\/image\/","url":"https:\/\/investmentvisacn.com\/wp-content\/uploads\/2024\/08\/universalinvestmentvisa.png","contentUrl":"https:\/\/investmentvisacn.com\/wp-content\/uploads\/2024\/08\/universalinvestmentvisa.png","width":180,"height":60,"caption":"Investment Visa CN"},"image":{"@id":"https:\/\/investmentvisacn.com\/#\/schema\/logo\/image\/"}}]}},"_links":{"self":[{"href":"https:\/\/investmentvisacn.com\/de\/wp-json\/wp\/v2\/pages\/272","targetHints":{"allow":["GET"]}}],"collection":[{"href":"https:\/\/investmentvisacn.com\/de\/wp-json\/wp\/v2\/pages"}],"about":[{"href":"https:\/\/investmentvisacn.com\/de\/wp-json\/wp\/v2\/types\/page"}],"author":[{"embeddable":true,"href":"https:\/\/investmentvisacn.com\/de\/wp-json\/wp\/v2\/users\/1"}],"replies":[{"embeddable":true,"href":"https:\/\/investmentvisacn.com\/de\/wp-json\/wp\/v2\/comments?post=272"}],"version-history":[{"count":3,"href":"https:\/\/investmentvisacn.com\/de\/wp-json\/wp\/v2\/pages\/272\/revisions"}],"predecessor-version":[{"id":552,"href":"https:\/\/investmentvisacn.com\/de\/wp-json\/wp\/v2\/pages\/272\/revisions\/552"}],"wp:attachment":[{"href":"https:\/\/investmentvisacn.com\/de\/wp-json\/wp\/v2\/media?parent=272"}],"curies":[{"name":"wp","href":"https:\/\/api.w.org\/{rel}","templated":true}]}}