{"id":270,"date":"2024-08-13T21:36:54","date_gmt":"2024-08-13T21:36:54","guid":{"rendered":"https:\/\/universalinvestmentvisa.com\/?page_id=270"},"modified":"2024-08-24T07:58:42","modified_gmt":"2024-08-24T07:58:42","slug":"spanien-goldenes-visum","status":"publish","type":"page","link":"https:\/\/investmentvisacn.com\/de\/spain-golden-visa\/","title":{"rendered":"Spanien Goldenes Visum"},"content":{"rendered":"<h2 class=\"wp-block-heading\">Spanien Goldenes Visum \u00dcbersicht<\/h2>\n\n\n\n<p>Spanien hat 2013 sein goldenes Visumsprogramm eingef\u00fchrt. Bei einer Investition von 500.000 EUR in Immobilien wird der Familienwohnsitz erworben. Das spanische Investorenvisum kann alle zwei Jahre verl\u00e4ngert werden. Nach f\u00fcnf Jahren ist es m\u00f6glich, eine Daueraufenthaltsgenehmigung und nach zehn Jahren die Staatsb\u00fcrgerschaft zu erhalten. Es ist nicht notwendig, in Spanien zu leben, um die Aufenthaltsgenehmigung zu behalten und zu verl\u00e4ngern.<\/p>\n\n\n\n<p class=\"has-text-align-center\"><a href=\"https:\/\/investmentvisacn.com\/de\/kontaktieren-sie-uns\/\" data-type=\"link\" data-id=\"https:\/\/investmentvisacn.com\/contact-us\/\">Kontakt-Berater<\/a><\/p>\n\n\n\n<h2 class=\"wp-block-heading\">Vorteile des Goldenen Visums f\u00fcr Spanien<\/h2>\n\n\n\n<p>Die Hauptvorteile des Goldenen Visums f\u00fcr Spanien sind zweifellos die schnelle Ausstellung der Aufenthaltsgenehmigung und die vergleichsweise geringen Kosten f\u00fcr die Verl\u00e4ngerung. Spanien wird nat\u00fcrlich mit seinem Nachbarland verglichen\u00a0<a href=\"https:\/\/investmentvisacn.com\/de\/portugiesisches-goldvisum\/\" data-type=\"page\" data-id=\"276\">Portugal<\/a>\u00a0und der unbestrittene Erfolg des dortigen Programms f\u00fcr das goldene Visum. Und w\u00e4hrend die Investitionssumme f\u00fcr Immobilien mit 500.000 \u20ac fast doppelt so hoch ist wie beim portugiesischen Programm, gibt es in Spanien eine wesentlich gr\u00f6\u00dfere Auswahl an Immobilien, die ohne andere Einschr\u00e4nkungen als die Mindestinvestitionssumme erworben werden k\u00f6nnen.<\/p>\n\n\n\n<h3 class=\"wp-block-heading\">Wichtigste Vorteile:<\/h3>\n\n\n\n<p>Ab 500.000 \u20ac + Kosten<\/p>\n\n\n\n<p>Liegenschaften<\/p>\n\n\n\n<p>Ganze Familie<\/p>\n\n\n\n<p>Flexibel. Kein Mindestaufenthalt.<\/p>\n\n\n\n<p>Reisen im Schengen-Raum der EU<\/p>\n\n\n\n<h2 class=\"wp-block-heading\">Dauerhafter Wohnsitz und Staatsb\u00fcrgerschaft in Spanien<\/h2>\n\n\n\n<p>Es ist m\u00f6glich, nach f\u00fcnf Jahren Aufenthalt in Spanien eine Daueraufenthaltsgenehmigung zu beantragen. Die Staatsb\u00fcrgerschaft kann beantragt werden, nachdem man zehn Jahre lang Vollzeit im Land gelebt hat. Obwohl die befristete Aufenthaltsgenehmigung (das goldene Visum) problemlos verl\u00e4ngert werden kann, ohne dass man im Land leben muss, erfordert der Weg zur Daueraufenthaltsgenehmigung und zur Staatsb\u00fcrgerschaft, dass der Investor und seine Familie in Spanien wohnen. Aus diesem Grund ist das spanische Goldene-Visum-Programm bei denjenigen Antragstellern beliebt, die entweder ihren st\u00e4ndigen Wohnsitz in Spanien haben oder einfach einen zweiten Wohnsitz in Europa beibehalten m\u00f6chten, ohne jedoch die Staatsb\u00fcrgerschaft erwerben zu wollen. Investoren, die eine europ\u00e4ische Staatsb\u00fcrgerschaft anstreben, wird empfohlen, das\u00a0<a href=\"https:\/\/investmentvisacn.com\/de\/portugiesisches-goldvisum\/\" data-type=\"page\" data-id=\"276\">Portugal Goldenes Visum<\/a>\u00a0Programm.<\/p>\n\n\n\n<p>Mindestinvestition von 500.000 Euro<br>Sauberes Strafregister<br>Offen f\u00fcr Nicht-EU-Bewerber<\/p>\n\n\n\n<p>Vollst\u00e4ndiger Familienwohnsitz<br>Unterhaltsberechtigte Kinder<br>Unterhaltsberechtigte Familienangeh\u00f6rige<\/p>\n\n\n\n<p>Kein Mindestaufenthalt erforderlich<br>Kein Interview<br>Keine Sprachpr\u00fcfung<\/p>\n\n\n\n<p>Wohnsitz in einem EU-Land<br>Reisen im Schengen-Raum der EU<br>Staatsb\u00fcrgerschaft 10Jahre+ Wohnsitz<\/p>\n\n\n\n<h2 class=\"wp-block-heading\">Wie man ein Goldenes Visum f\u00fcr Spanien erh\u00e4lt<\/h2>\n\n\n\n<p>Nach einer Investition von 500.000 \u20ac in spanische Immobilien ist das Verfahren zur Erlangung eines spanischen Goldvisums relativ einfach und schnell. Antragsteller, die nicht in der EU ans\u00e4ssig sein m\u00fcssen, m\u00fcssen Folgendes nachweisen:<\/p>\n\n\n\n<ul class=\"wp-block-list\">\n<li>Ein sauberes Strafregister<\/li>\n\n\n\n<li>Ausreichende finanzielle Mittel und medizinische Versorgung zur Deckung ihres Aufenthalts<\/li>\n\n\n\n<li>Keine vorherige Ablehnung eines Schengen-Visums<\/li>\n<\/ul>\n\n\n\n<h2 class=\"wp-block-heading\">Wie Sie das Goldene Visum in Spanien beantragen<\/h2>\n\n\n\n<ul class=\"wp-block-list\">\n<li>Schnelligkeit der Erteilung der Aufenthaltsgenehmigung<\/li>\n\n\n\n<li>Niedrige staatliche Geb\u00fchren<\/li>\n\n\n\n<li>Niedrige Verl\u00e4ngerungsgeb\u00fchren<\/li>\n\n\n\n<li>Vollst\u00e4ndig freie Wahl der Immobilienoptionen<\/li>\n\n\n\n<li>Visumfreies Reisen im gesamten Schengen-Raum der EUWenden Sie sich zun\u00e4chst an Universal Investment Visas, um sich \u00fcber Spanien und andere goldene Visaprogramme beraten zu lassen und die f\u00fcr Sie und Ihre Familie am besten geeignete Option zu finden.Besuchen Sie Spanien, um sich die Immobilienoptionen anzusehen, und w\u00e4hlen Sie Ihre Investition aus, indem Sie einen Anwalt beauftragen, sich um die Eigentums\u00fcbertragung in Ihrem Namen zu k\u00fcmmern. Mit einer Vollmacht kann der Kauf in Ihrer Abwesenheit beim Notar abgewickelt werden. Sobald die Immobilieninvestition abgeschlossen ist, k\u00f6nnen Sie das goldene Visum beantragen. Dies kann in Spanien oder bei Ihrem Konsulat erfolgen und dauert in der Regel nicht l\u00e4nger als einen Monat, bis das erste befristete Visum f\u00fcr ein Jahr ausgestellt wird. Sie k\u00f6nnen dann nach Spanien reisen, um den Antrag f\u00fcr das goldene Visum zu vervollst\u00e4ndigen und die Aufenthaltsgenehmigung zu erhalten, die zun\u00e4chst f\u00fcr zwei Jahre ausgestellt wird. Diese kann alle f\u00fcnf Jahre verl\u00e4ngert werden, sofern Sie Ihre Investitionen aufrechterhalten.\n<ul class=\"wp-block-list\">\n<li>Schritt 1<\/li>\n\n\n\n<li>Schritt 2<\/li>\n\n\n\n<li>Schritt 3<\/li>\n\n\n\n<li>Schritt 4<\/li>\n<\/ul>\n<\/li>\n<\/ul>\n\n\n\n<h2 class=\"wp-block-heading\">Goldenes Visum f\u00fcr Spanien durch Immobilieninvestitionen<\/h2>\n\n\n\n<p>Nachdem die spanischen Immobilienpreise 2015 einen Tiefstand erreicht hatten, stiegen sie kontinuierlich von etwa 1450 \u20ac\/m\u00b2 im Jahr 2015 auf etwa 1700 \u20ac\/m\u00b2 im Jahr 2022 und erreichten damit ein j\u00e4hrliches Wachstum von etwa 2%. Die Preise liegen jedoch nach wie vor unter dem 2008 erreichten H\u00f6chststand von 211 \u20ac\/m\u00b2, und bei den heutigen Preisen k\u00f6nnen Immobilien in Spanien auch in Zukunft einen Wert darstellen. F\u00fcr die Beantragung eines goldenen Visums ist eine Investition von 500.000 \u20ac erforderlich. Investoren, die unsere Dienste in Anspruch nehmen m\u00f6chten, k\u00f6nnen sich \u00fcber unser Verfahren f\u00fcr das Goldene-Visa-Programm in Spanien informieren.<\/p>","protected":false},"excerpt":{"rendered":"<p>Spain Golden Visa Overview Spain launched its golden visa programme in 2013. An investment of \u20ac500,000 in real estate will gain family residency. The Spanish investor visa can be renewed every two years. After five years it is possible to gain permanent residency and after ten years citizenship. It is not necessary to live in [&hellip;]<\/p>\n","protected":false},"author":1,"featured_media":0,"parent":0,"menu_order":0,"comment_status":"closed","ping_status":"closed","template":"","meta":{"footnotes":""},"class_list":["post-270","page","type-page","status-publish","hentry"],"yoast_head":"<!-- This site is optimized with the Yoast SEO plugin v27.3 - https:\/\/yoast.com\/product\/yoast-seo-wordpress\/ -->\n<title>Spain Golden Visa - Investment Visa CN<\/title>\n<meta name=\"robots\" content=\"index, follow, max-snippet:-1, max-image-preview:large, max-video-preview:-1\" \/>\n<link rel=\"canonical\" href=\"https:\/\/investmentvisacn.com\/de\/spanien-goldenes-visum\/\" \/>\n<meta property=\"og:locale\" content=\"de_DE\" \/>\n<meta property=\"og:type\" content=\"article\" \/>\n<meta property=\"og:title\" content=\"Spain Golden Visa - Investment Visa CN\" \/>\n<meta property=\"og:description\" content=\"Spain Golden Visa Overview Spain launched its golden visa programme in 2013. An investment of \u20ac500,000 in real estate will gain family residency. The Spanish investor visa can be renewed every two years. After five years it is possible to gain permanent residency and after ten years citizenship. It is not necessary to live in [&hellip;]\" \/>\n<meta property=\"og:url\" content=\"https:\/\/investmentvisacn.com\/de\/spanien-goldenes-visum\/\" \/>\n<meta property=\"og:site_name\" content=\"Investment Visa CN\" \/>\n<meta property=\"article:modified_time\" content=\"2024-08-24T07:58:42+00:00\" \/>\n<meta name=\"twitter:card\" content=\"summary_large_image\" \/>\n<meta name=\"twitter:label1\" content=\"Gesch\u00e4tzte Lesezeit\" \/>\n\t<meta name=\"twitter:data1\" content=\"3\u00a0Minuten\" \/>\n<script type=\"application\/ld+json\" class=\"yoast-schema-graph\">{\"@context\":\"https:\\\/\\\/schema.org\",\"@graph\":[{\"@type\":\"WebPage\",\"@id\":\"https:\\\/\\\/investmentvisacn.com\\\/spain-golden-visa\\\/\",\"url\":\"https:\\\/\\\/investmentvisacn.com\\\/spain-golden-visa\\\/\",\"name\":\"Spain Golden Visa - Investment Visa CN\",\"isPartOf\":{\"@id\":\"https:\\\/\\\/investmentvisacn.com\\\/#website\"},\"datePublished\":\"2024-08-13T21:36:54+00:00\",\"dateModified\":\"2024-08-24T07:58:42+00:00\",\"breadcrumb\":{\"@id\":\"https:\\\/\\\/investmentvisacn.com\\\/spain-golden-visa\\\/#breadcrumb\"},\"inLanguage\":\"de\",\"potentialAction\":[{\"@type\":\"ReadAction\",\"target\":[\"https:\\\/\\\/investmentvisacn.com\\\/spain-golden-visa\\\/\"]}]},{\"@type\":\"BreadcrumbList\",\"@id\":\"https:\\\/\\\/investmentvisacn.com\\\/spain-golden-visa\\\/#breadcrumb\",\"itemListElement\":[{\"@type\":\"ListItem\",\"position\":1,\"name\":\"Home\",\"item\":\"https:\\\/\\\/investmentvisacn.com\\\/\"},{\"@type\":\"ListItem\",\"position\":2,\"name\":\"Spain Golden Visa\"}]},{\"@type\":\"WebSite\",\"@id\":\"https:\\\/\\\/investmentvisacn.com\\\/#website\",\"url\":\"https:\\\/\\\/investmentvisacn.com\\\/\",\"name\":\"Investment Visa CN\",\"description\":\"Global Investment &amp; Visa Solutions You Can Trust\",\"publisher\":{\"@id\":\"https:\\\/\\\/investmentvisacn.com\\\/#organization\"},\"potentialAction\":[{\"@type\":\"SearchAction\",\"target\":{\"@type\":\"EntryPoint\",\"urlTemplate\":\"https:\\\/\\\/investmentvisacn.com\\\/?s={search_term_string}\"},\"query-input\":{\"@type\":\"PropertyValueSpecification\",\"valueRequired\":true,\"valueName\":\"search_term_string\"}}],\"inLanguage\":\"de\"},{\"@type\":\"Organization\",\"@id\":\"https:\\\/\\\/investmentvisacn.com\\\/#organization\",\"name\":\"Investment Visa CN\",\"url\":\"https:\\\/\\\/investmentvisacn.com\\\/\",\"logo\":{\"@type\":\"ImageObject\",\"inLanguage\":\"de\",\"@id\":\"https:\\\/\\\/investmentvisacn.com\\\/#\\\/schema\\\/logo\\\/image\\\/\",\"url\":\"https:\\\/\\\/investmentvisacn.com\\\/wp-content\\\/uploads\\\/2024\\\/08\\\/universalinvestmentvisa.png\",\"contentUrl\":\"https:\\\/\\\/investmentvisacn.com\\\/wp-content\\\/uploads\\\/2024\\\/08\\\/universalinvestmentvisa.png\",\"width\":180,\"height\":60,\"caption\":\"Investment Visa CN\"},\"image\":{\"@id\":\"https:\\\/\\\/investmentvisacn.com\\\/#\\\/schema\\\/logo\\\/image\\\/\"}}]}<\/script>\n<!-- \/ Yoast SEO plugin. -->","yoast_head_json":{"title":"Spanien Goldenes Visum - Investitionsvisum CN","robots":{"index":"index","follow":"follow","max-snippet":"max-snippet:-1","max-image-preview":"max-image-preview:large","max-video-preview":"max-video-preview:-1"},"canonical":"https:\/\/investmentvisacn.com\/de\/spanien-goldenes-visum\/","og_locale":"de_DE","og_type":"article","og_title":"Spain Golden Visa - Investment Visa CN","og_description":"Spain Golden Visa Overview Spain launched its golden visa programme in 2013. An investment of \u20ac500,000 in real estate will gain family residency. The Spanish investor visa can be renewed every two years. After five years it is possible to gain permanent residency and after ten years citizenship. It is not necessary to live in [&hellip;]","og_url":"https:\/\/investmentvisacn.com\/de\/spanien-goldenes-visum\/","og_site_name":"Investment Visa CN","article_modified_time":"2024-08-24T07:58:42+00:00","twitter_card":"summary_large_image","twitter_misc":{"Gesch\u00e4tzte Lesezeit":"3\u00a0Minuten"},"schema":{"@context":"https:\/\/schema.org","@graph":[{"@type":"WebPage","@id":"https:\/\/investmentvisacn.com\/spain-golden-visa\/","url":"https:\/\/investmentvisacn.com\/spain-golden-visa\/","name":"Spanien Goldenes Visum - Investitionsvisum CN","isPartOf":{"@id":"https:\/\/investmentvisacn.com\/#website"},"datePublished":"2024-08-13T21:36:54+00:00","dateModified":"2024-08-24T07:58:42+00:00","breadcrumb":{"@id":"https:\/\/investmentvisacn.com\/spain-golden-visa\/#breadcrumb"},"inLanguage":"de","potentialAction":[{"@type":"ReadAction","target":["https:\/\/investmentvisacn.com\/spain-golden-visa\/"]}]},{"@type":"BreadcrumbList","@id":"https:\/\/investmentvisacn.com\/spain-golden-visa\/#breadcrumb","itemListElement":[{"@type":"ListItem","position":1,"name":"Home","item":"https:\/\/investmentvisacn.com\/"},{"@type":"ListItem","position":2,"name":"Spain Golden Visa"}]},{"@type":"WebSite","@id":"https:\/\/investmentvisacn.com\/#website","url":"https:\/\/investmentvisacn.com\/","name":"Investitionsvisum CN","description":"Globale Investment- und Visa-L\u00f6sungen, denen Sie vertrauen k\u00f6nnen","publisher":{"@id":"https:\/\/investmentvisacn.com\/#organization"},"potentialAction":[{"@type":"SearchAction","target":{"@type":"EntryPoint","urlTemplate":"https:\/\/investmentvisacn.com\/?s={search_term_string}"},"query-input":{"@type":"PropertyValueSpecification","valueRequired":true,"valueName":"search_term_string"}}],"inLanguage":"de"},{"@type":"Organization","@id":"https:\/\/investmentvisacn.com\/#organization","name":"Investitionsvisum CN","url":"https:\/\/investmentvisacn.com\/","logo":{"@type":"ImageObject","inLanguage":"de","@id":"https:\/\/investmentvisacn.com\/#\/schema\/logo\/image\/","url":"https:\/\/investmentvisacn.com\/wp-content\/uploads\/2024\/08\/universalinvestmentvisa.png","contentUrl":"https:\/\/investmentvisacn.com\/wp-content\/uploads\/2024\/08\/universalinvestmentvisa.png","width":180,"height":60,"caption":"Investment Visa CN"},"image":{"@id":"https:\/\/investmentvisacn.com\/#\/schema\/logo\/image\/"}}]}},"_links":{"self":[{"href":"https:\/\/investmentvisacn.com\/de\/wp-json\/wp\/v2\/pages\/270","targetHints":{"allow":["GET"]}}],"collection":[{"href":"https:\/\/investmentvisacn.com\/de\/wp-json\/wp\/v2\/pages"}],"about":[{"href":"https:\/\/investmentvisacn.com\/de\/wp-json\/wp\/v2\/types\/page"}],"author":[{"embeddable":true,"href":"https:\/\/investmentvisacn.com\/de\/wp-json\/wp\/v2\/users\/1"}],"replies":[{"embeddable":true,"href":"https:\/\/investmentvisacn.com\/de\/wp-json\/wp\/v2\/comments?post=270"}],"version-history":[{"count":3,"href":"https:\/\/investmentvisacn.com\/de\/wp-json\/wp\/v2\/pages\/270\/revisions"}],"predecessor-version":[{"id":473,"href":"https:\/\/investmentvisacn.com\/de\/wp-json\/wp\/v2\/pages\/270\/revisions\/473"}],"wp:attachment":[{"href":"https:\/\/investmentvisacn.com\/de\/wp-json\/wp\/v2\/media?parent=270"}],"curies":[{"name":"wp","href":"https:\/\/api.w.org\/{rel}","templated":true}]}}