{"id":268,"date":"2024-08-13T21:33:46","date_gmt":"2024-08-13T21:33:46","guid":{"rendered":"https:\/\/universalinvestmentvisa.com\/?page_id=268"},"modified":"2024-09-11T14:50:45","modified_gmt":"2024-09-11T14:50:45","slug":"st-kitts-staatsburgerschaft","status":"publish","type":"page","link":"https:\/\/investmentvisacn.com\/de\/st-kitts-citizenship\/","title":{"rendered":"St. Kitts Staatsb\u00fcrgerschaft"},"content":{"rendered":"<h2 class=\"wp-block-heading\">Wie man durch Investitionen die Staatsb\u00fcrgerschaft von Saint KITTS erlangt<\/h2>\n\n\n\n<p>Das Programm \"St. Kitts und Nevis Citizenship by Investment\" bietet zwei Hauptinvestitionswege. Antragsteller k\u00f6nnen die Staatsb\u00fcrgerschaft und einen Pass durch eine Spende oder durch Investitionen in von der Regierung genehmigte Immobilienprojekte erhalten. Die Regierung verlangt eine Mindestspende von $250.000 an die Sustainable Island State Contribution (SISC) oder eine Mindestimmobilieninvestition von US$400.000. Hinzu kommen die entsprechenden staatlichen Antragsgeb\u00fchren, Vermittlungskosten und Geb\u00fchren f\u00fcr die Sorgfaltspr\u00fcfung.<\/p>\n\n\n\n<p><strong>*<\/strong>&nbsp;St. Kitts hat am 27. Juli 2023 das Investitionsniveau deutlich erh\u00f6ht. Die fr\u00fcheren SGF oder LTO sind keine Investitionsoptionen mehr f\u00fcr die B\u00fcrger von St. Kitts.<\/p>\n\n\n\n<p class=\"has-text-align-center\"><a href=\"https:\/\/investmentvisacn.com\/de\/kontaktieren-sie-uns\/\">Kontakt-Berater<\/a><\/p>\n\n\n\n<h3 class=\"wp-block-heading\">\u00dcberblick \u00fcber das Programm \"St. Kitts Citizenship by Investment<\/h3>\n\n\n\n<p>Das 1984 ins Leben gerufene Programm \"St. Kitts und Nevis Citizenship by Investment\" ist das am l\u00e4ngsten bestehende CBI-Programm der Welt. Das Programm zieht verm\u00f6gende Privatpersonen und ihre Familien aus der ganzen Welt an, die ihre globale Mobilit\u00e4t erh\u00f6hen und ihre Interessen diversifizieren m\u00f6chten. Erfolgreiche Bewerber erhalten die Staatsb\u00fcrgerschaft von St. Kitts und eine Einb\u00fcrgerungsurkunde. Das Programm \"St. Kitts Citizenship by Investment\" hat dem Land geholfen, betr\u00e4chtliche ausl\u00e4ndische Investitionen zu generieren, die wiederum dazu beitragen, die lokale Wirtschaft anzukurbeln und wichtige gemeinschaftsorientierte Projekte auf St. Kitts und Nevis zu finanzieren.<\/p>\n\n\n\n<p>Von $250.000 Spende<\/p>\n\n\n\n<p>Ab $400,000+ Immobilien<\/p>\n\n\n\n<p>Ganze Familie<\/p>\n\n\n\n<p>St. Kitts Staatsb\u00fcrgerschaft<\/p>\n\n\n\n<p>Einfaches Reisen weltweit<\/p>\n\n\n\n<h2 class=\"wp-block-heading\">St. Kitts Staatsb\u00fcrgerschaft durch Investition Anforderungen<\/h2>\n\n\n\n<p>Neben der erforderlichen Investition oder Spende m\u00fcssen die Antragsteller auf St. Kitts mehrere Voraussetzungen erf\u00fcllen<\/p>\n\n\n\n<h3 class=\"wp-block-heading\">Anforderungen an die Familie<\/h3>\n\n\n\n<p>Familienmitglieder k\u00f6nnen in den Antrag auf die Staatsb\u00fcrgerschaft von St. Kitts einbezogen werden. Der Hauptinvestor kann sein:<\/p>\n\n\n\n<ul class=\"wp-block-list\">\n<li>Ehepartner<\/li>\n\n\n\n<li>Unterhaltsberechtigte Kinder<\/li>\n\n\n\n<li>Unterhaltsberechtigte Elternteile \u00fcber 65 Jahre<\/li>\n<\/ul>\n\n\n\n<h3 class=\"wp-block-heading\">Anforderungen an die Sorgfaltspflicht<\/h3>\n\n\n\n<p>Alle Antragsteller m\u00fcssen einen guten Leumund haben und die von der Regierung von St. Kitts vorgeschriebene Due-Diligence-Pr\u00fcfung durchlaufen: Investoren m\u00fcssen:<\/p>\n\n\n\n<ul class=\"wp-block-list\">\n<li>Vorlage von Polizeiberichten - Nachweis eines sauberen Strafregisters<\/li>\n\n\n\n<li>Sie haben keine ausstehenden Visumverweigerungen<\/li>\n\n\n\n<li>Reichen Sie verschiedene Unterlagen ein, darunter Finanzdokumente, Besch\u00e4ftigungs-\/Gesch\u00e4ftsdokumente, Personalausweis, Adressnachweis<\/li>\n\n\n\n<li>Teilnahme an einem virtuellen Vorstellungsgespr\u00e4ch<\/li>\n<\/ul>\n\n\n\n<h3 class=\"wp-block-heading\">Anforderungen an den Mindestaufenthalt<\/h3>\n\n\n\n<p>St. Kitts <a href=\"https:\/\/investmentvisacn.com\/de\/osterreichische-staatsburgerschaft-und-aufenthalt-durch-investitionen\/\" data-type=\"page\" data-id=\"420\">Staatsb\u00fcrgerschaft<\/a> by Investment-Programm verlangt von den Bewerbern keine Mindestaufenthaltsdauer. Staatsangeh\u00f6rige von St. Kitts haben das Recht, in St. Kitts und Nevis zu leben, zu arbeiten oder zu studieren, wenn sie dies w\u00fcnschen, aber dies ist keine Voraussetzung f\u00fcr das Programm. Es ist auch kein Sprachtest erforderlich.<\/p>\n\n\n\n<p>Guter Charakter<br>Sauberes Strafregister<br>Keine Ablehnung von Visa<\/p>\n\n\n\n<p>Ganze Familie einbeziehen<br>Unterhaltsberechtigte Eltern 65 Jahre +<br>Unterhaltsberechtigte Kinder<\/p>\n\n\n\n<p>Kein Mindestaufenthalt<br>Kein Sprachtest<br>Keine weiteren Geb\u00fchren<\/p>\n\n\n\n<p>Antragsteller-ID<br>Nachweis der Mittel<br>Geburts-\/Heiratsurkunden<br>Finanzielle Aufzeichnungen<\/p>\n\n\n\n<h2 class=\"wp-block-heading\">Wie man die Staatsb\u00fcrgerschaft von St. Kitts durch Investition erh\u00e4lt<\/h2>\n\n\n\n<p>Buchen Sie ein kostenloses Beratungsgespr\u00e4ch mit dem Expertenteam von Universal Investment Visa, um zu entscheiden, welches Programm und welcher Investitionsweg f\u00fcr Sie und Ihre Familie am besten geeignet ist. Unsere erfahrenen Berater werden Ihnen ein individuelles Angebot unterbreiten, das alle anfallenden Geb\u00fchren abdeckt. Sie werden Sie beraten und Sie durch den gesamten Prozess im Detail f\u00fchren.<\/p>\n\n\n\n<p>Bevor Sie sich festlegen, f\u00fchrt Universal Investment Visa eine Hintergrundpr\u00fcfung durch, um sicherzustellen, dass Ihr Antrag erfolgreich sein wird. Sobald diese Pr\u00fcfung abgeschlossen ist und Sie mit dem weiteren Vorgehen einverstanden sind, k\u00f6nnen Sie das Verfahren offiziell einleiten, indem Sie unsere Vereinbarung mit dem Kundenbetreuer unterzeichnen und die Kaution f\u00fcr den Vorantrag bezahlen.<\/p>\n\n\n\n<p>Das interne Bearbeitungsteam von Universal Investment Visa wird eng mit Ihnen zusammenarbeiten, um Ihren Antrag vorzubereiten. Sobald Ihr Dossier vollst\u00e4ndig zusammengestellt ist, wird unser Team Ihren Antrag bei der St. Kitts and Nevis Citizenship by Investment Unit (St. Kitts CIU) einreichen. In diesem Stadium werden Regierungsgeb\u00fchren f\u00e4llig. Ab diesem Zeitpunkt dauert die Bearbeitung der Antr\u00e4ge durchschnittlich 60-90 Tage.<\/p>\n\n\n\n<p>Nachdem die St. Kitts Citizenship Unit Ihren Antrag umfassend gepr\u00fcft und analysiert hat, wird ein Genehmigungsschreiben der Regierung ausgestellt, und Sie m\u00fcssen die letzte Zahlung leisten. Die Ausstellung des St.-Kitts-Passes dauert in der Regel etwa einen Monat ab Erteilung der Staatsb\u00fcrgerschaft.<\/p>\n\n\n\n<ul class=\"wp-block-list\">\n<li>Schritt 1<\/li>\n\n\n\n<li>Schritt 2<\/li>\n\n\n\n<li>Schritt 3<\/li>\n\n\n\n<li>Schritt 4<\/li>\n<\/ul>\n\n\n\n<h2 class=\"wp-block-heading\">Vorteile des Programms \"St. Kitts Citizenship by Investment<\/h2>\n\n\n\n<p>Sobald Investoren ihr St. Kitts und Nevis Registrierungszertifikat erhalten haben, k\u00f6nnen sie die vollen Vorteile einer St. Kitts und Nevis Staatsb\u00fcrgerschaft genie\u00dfen, die folgendes beinhalten:<\/p>\n\n\n\n<ul class=\"wp-block-list\">\n<li>Sicherheit eines Plan B Staatsb\u00fcrgerschaft und Reisepass<\/li>\n\n\n\n<li>Diversifizieren Sie Ihr Verm\u00f6gen au\u00dferhalb Ihrer derzeitigen Region<\/li>\n\n\n\n<li>Leben, Arbeiten und Studieren in St. Kitts und anderen CARICOM-Staaten<\/li>\n\n\n\n<li>Steuerfreie Anreize f\u00fcr den Wohnsitz<\/li>\n<\/ul>\n\n\n\n<ul class=\"wp-block-list\">\n<li><\/li>\n<\/ul>","protected":false},"excerpt":{"rendered":"<p>How to Obtain Saint KITTS Citizenship through Investment The St Kitts and Nevis Citizenship by Investment programme offers two main investment paths. Applicants can obtain citizenship and a passport through a donation route or by investing in government approved real estate projects. The government requires a minimum donation of $250,000 to the Sustainable Island State [&hellip;]<\/p>\n","protected":false},"author":1,"featured_media":0,"parent":0,"menu_order":0,"comment_status":"closed","ping_status":"closed","template":"","meta":{"footnotes":""},"class_list":["post-268","page","type-page","status-publish","hentry"],"yoast_head":"<!-- This site is optimized with the Yoast SEO plugin v27.3 - https:\/\/yoast.com\/product\/yoast-seo-wordpress\/ -->\n<title>St Kitts Citizenship - Investment Visa CN<\/title>\n<meta name=\"robots\" content=\"index, follow, max-snippet:-1, max-image-preview:large, max-video-preview:-1\" \/>\n<link rel=\"canonical\" href=\"https:\/\/investmentvisacn.com\/de\/st-kitts-staatsburgerschaft\/\" \/>\n<meta property=\"og:locale\" content=\"de_DE\" \/>\n<meta property=\"og:type\" content=\"article\" \/>\n<meta property=\"og:title\" content=\"St Kitts Citizenship - Investment Visa CN\" \/>\n<meta property=\"og:description\" content=\"How to Obtain Saint KITTS Citizenship through Investment The St Kitts and Nevis Citizenship by Investment programme offers two main investment paths. Applicants can obtain citizenship and a passport through a donation route or by investing in government approved real estate projects. The government requires a minimum donation of $250,000 to the Sustainable Island State [&hellip;]\" \/>\n<meta property=\"og:url\" content=\"https:\/\/investmentvisacn.com\/de\/st-kitts-staatsburgerschaft\/\" \/>\n<meta property=\"og:site_name\" content=\"Investment Visa CN\" \/>\n<meta property=\"article:modified_time\" content=\"2024-09-11T14:50:45+00:00\" \/>\n<meta name=\"twitter:card\" content=\"summary_large_image\" \/>\n<meta name=\"twitter:label1\" content=\"Gesch\u00e4tzte Lesezeit\" \/>\n\t<meta name=\"twitter:data1\" content=\"4\u00a0Minuten\" \/>\n<script type=\"application\/ld+json\" class=\"yoast-schema-graph\">{\"@context\":\"https:\\\/\\\/schema.org\",\"@graph\":[{\"@type\":\"WebPage\",\"@id\":\"https:\\\/\\\/investmentvisacn.com\\\/st-kitts-citizenship\\\/\",\"url\":\"https:\\\/\\\/investmentvisacn.com\\\/st-kitts-citizenship\\\/\",\"name\":\"St Kitts Citizenship - Investment Visa CN\",\"isPartOf\":{\"@id\":\"https:\\\/\\\/investmentvisacn.com\\\/#website\"},\"datePublished\":\"2024-08-13T21:33:46+00:00\",\"dateModified\":\"2024-09-11T14:50:45+00:00\",\"breadcrumb\":{\"@id\":\"https:\\\/\\\/investmentvisacn.com\\\/st-kitts-citizenship\\\/#breadcrumb\"},\"inLanguage\":\"de\",\"potentialAction\":[{\"@type\":\"ReadAction\",\"target\":[\"https:\\\/\\\/investmentvisacn.com\\\/st-kitts-citizenship\\\/\"]}]},{\"@type\":\"BreadcrumbList\",\"@id\":\"https:\\\/\\\/investmentvisacn.com\\\/st-kitts-citizenship\\\/#breadcrumb\",\"itemListElement\":[{\"@type\":\"ListItem\",\"position\":1,\"name\":\"Home\",\"item\":\"https:\\\/\\\/investmentvisacn.com\\\/\"},{\"@type\":\"ListItem\",\"position\":2,\"name\":\"St Kitts Citizenship\"}]},{\"@type\":\"WebSite\",\"@id\":\"https:\\\/\\\/investmentvisacn.com\\\/#website\",\"url\":\"https:\\\/\\\/investmentvisacn.com\\\/\",\"name\":\"Investment Visa CN\",\"description\":\"Global Investment &amp; Visa Solutions You Can Trust\",\"publisher\":{\"@id\":\"https:\\\/\\\/investmentvisacn.com\\\/#organization\"},\"potentialAction\":[{\"@type\":\"SearchAction\",\"target\":{\"@type\":\"EntryPoint\",\"urlTemplate\":\"https:\\\/\\\/investmentvisacn.com\\\/?s={search_term_string}\"},\"query-input\":{\"@type\":\"PropertyValueSpecification\",\"valueRequired\":true,\"valueName\":\"search_term_string\"}}],\"inLanguage\":\"de\"},{\"@type\":\"Organization\",\"@id\":\"https:\\\/\\\/investmentvisacn.com\\\/#organization\",\"name\":\"Investment Visa CN\",\"url\":\"https:\\\/\\\/investmentvisacn.com\\\/\",\"logo\":{\"@type\":\"ImageObject\",\"inLanguage\":\"de\",\"@id\":\"https:\\\/\\\/investmentvisacn.com\\\/#\\\/schema\\\/logo\\\/image\\\/\",\"url\":\"https:\\\/\\\/investmentvisacn.com\\\/wp-content\\\/uploads\\\/2024\\\/08\\\/universalinvestmentvisa.png\",\"contentUrl\":\"https:\\\/\\\/investmentvisacn.com\\\/wp-content\\\/uploads\\\/2024\\\/08\\\/universalinvestmentvisa.png\",\"width\":180,\"height\":60,\"caption\":\"Investment Visa CN\"},\"image\":{\"@id\":\"https:\\\/\\\/investmentvisacn.com\\\/#\\\/schema\\\/logo\\\/image\\\/\"}}]}<\/script>\n<!-- \/ Yoast SEO plugin. -->","yoast_head_json":{"title":"St. Kitts Staatsb\u00fcrgerschaft - Investitionsvisum CN","robots":{"index":"index","follow":"follow","max-snippet":"max-snippet:-1","max-image-preview":"max-image-preview:large","max-video-preview":"max-video-preview:-1"},"canonical":"https:\/\/investmentvisacn.com\/de\/st-kitts-staatsburgerschaft\/","og_locale":"de_DE","og_type":"article","og_title":"St Kitts Citizenship - Investment Visa CN","og_description":"How to Obtain Saint KITTS Citizenship through Investment The St Kitts and Nevis Citizenship by Investment programme offers two main investment paths. Applicants can obtain citizenship and a passport through a donation route or by investing in government approved real estate projects. The government requires a minimum donation of $250,000 to the Sustainable Island State [&hellip;]","og_url":"https:\/\/investmentvisacn.com\/de\/st-kitts-staatsburgerschaft\/","og_site_name":"Investment Visa CN","article_modified_time":"2024-09-11T14:50:45+00:00","twitter_card":"summary_large_image","twitter_misc":{"Gesch\u00e4tzte Lesezeit":"4\u00a0Minuten"},"schema":{"@context":"https:\/\/schema.org","@graph":[{"@type":"WebPage","@id":"https:\/\/investmentvisacn.com\/st-kitts-citizenship\/","url":"https:\/\/investmentvisacn.com\/st-kitts-citizenship\/","name":"St. Kitts Staatsb\u00fcrgerschaft - Investitionsvisum CN","isPartOf":{"@id":"https:\/\/investmentvisacn.com\/#website"},"datePublished":"2024-08-13T21:33:46+00:00","dateModified":"2024-09-11T14:50:45+00:00","breadcrumb":{"@id":"https:\/\/investmentvisacn.com\/st-kitts-citizenship\/#breadcrumb"},"inLanguage":"de","potentialAction":[{"@type":"ReadAction","target":["https:\/\/investmentvisacn.com\/st-kitts-citizenship\/"]}]},{"@type":"BreadcrumbList","@id":"https:\/\/investmentvisacn.com\/st-kitts-citizenship\/#breadcrumb","itemListElement":[{"@type":"ListItem","position":1,"name":"Home","item":"https:\/\/investmentvisacn.com\/"},{"@type":"ListItem","position":2,"name":"St Kitts Citizenship"}]},{"@type":"WebSite","@id":"https:\/\/investmentvisacn.com\/#website","url":"https:\/\/investmentvisacn.com\/","name":"Investitionsvisum CN","description":"Globale Investment- und Visa-L\u00f6sungen, denen Sie vertrauen k\u00f6nnen","publisher":{"@id":"https:\/\/investmentvisacn.com\/#organization"},"potentialAction":[{"@type":"SearchAction","target":{"@type":"EntryPoint","urlTemplate":"https:\/\/investmentvisacn.com\/?s={search_term_string}"},"query-input":{"@type":"PropertyValueSpecification","valueRequired":true,"valueName":"search_term_string"}}],"inLanguage":"de"},{"@type":"Organization","@id":"https:\/\/investmentvisacn.com\/#organization","name":"Investitionsvisum CN","url":"https:\/\/investmentvisacn.com\/","logo":{"@type":"ImageObject","inLanguage":"de","@id":"https:\/\/investmentvisacn.com\/#\/schema\/logo\/image\/","url":"https:\/\/investmentvisacn.com\/wp-content\/uploads\/2024\/08\/universalinvestmentvisa.png","contentUrl":"https:\/\/investmentvisacn.com\/wp-content\/uploads\/2024\/08\/universalinvestmentvisa.png","width":180,"height":60,"caption":"Investment Visa CN"},"image":{"@id":"https:\/\/investmentvisacn.com\/#\/schema\/logo\/image\/"}}]}},"_links":{"self":[{"href":"https:\/\/investmentvisacn.com\/de\/wp-json\/wp\/v2\/pages\/268","targetHints":{"allow":["GET"]}}],"collection":[{"href":"https:\/\/investmentvisacn.com\/de\/wp-json\/wp\/v2\/pages"}],"about":[{"href":"https:\/\/investmentvisacn.com\/de\/wp-json\/wp\/v2\/types\/page"}],"author":[{"embeddable":true,"href":"https:\/\/investmentvisacn.com\/de\/wp-json\/wp\/v2\/users\/1"}],"replies":[{"embeddable":true,"href":"https:\/\/investmentvisacn.com\/de\/wp-json\/wp\/v2\/comments?post=268"}],"version-history":[{"count":3,"href":"https:\/\/investmentvisacn.com\/de\/wp-json\/wp\/v2\/pages\/268\/revisions"}],"predecessor-version":[{"id":612,"href":"https:\/\/investmentvisacn.com\/de\/wp-json\/wp\/v2\/pages\/268\/revisions\/612"}],"wp:attachment":[{"href":"https:\/\/investmentvisacn.com\/de\/wp-json\/wp\/v2\/media?parent=268"}],"curies":[{"name":"wp","href":"https:\/\/api.w.org\/{rel}","templated":true}]}}