{"id":266,"date":"2024-08-13T21:32:02","date_gmt":"2024-08-13T21:32:02","guid":{"rendered":"https:\/\/universalinvestmentvisa.com\/?page_id=266"},"modified":"2024-08-13T21:32:03","modified_gmt":"2024-08-13T21:32:03","slug":"brasilien-gold-visa","status":"publish","type":"page","link":"https:\/\/investmentvisacn.com\/de\/brazil-golden-visa\/","title":{"rendered":"Brasilien Goldenes Visum"},"content":{"rendered":"<h2 class=\"wp-block-heading\"><strong>Goldenes Brasilien-Visum (VIPER) - Dauerhafte Aufenthaltsgenehmigung in Brasilien durch Immobilieninvestitionen<\/strong><\/h2>\n\n\n\n<p>Brasilien geh\u00f6rt zu den 12 gr\u00f6\u00dften Volkswirtschaften, seine Einwohner sind un\u00fcbertroffen gl\u00fccklich, und es ist einfach das sch\u00f6nste Land der Welt. Aus diesen und vielen anderen Gr\u00fcnden k\u00f6nnten Sie an einer Einwanderung nach Brasilien interessiert sein. Dazu m\u00fcssen Sie jedoch das Recht haben, sich f\u00fcr einen l\u00e4ngeren Zeitraum in dem Land aufzuhalten. Eine M\u00f6glichkeit, dieses Recht zu erlangen, besteht darin, in brasilianische Immobilien zu investieren. Das brasilianische Investorenvisum, auch bekannt als \u201cGoldenes Visum\u201d, gibt Ihnen das Recht auf einen st\u00e4ndigen Wohnsitz in Brasilien. Erfahren Sie mehr \u00fcber die Einwanderungsbedingungen, die im Folgenden beschrieben werden.<\/p>\n\n\n\n<h2 class=\"wp-block-heading\"><strong>Brasiliens goldenes Immobilienvisum (VIPER): Ein \u00dcberblick<\/strong><\/h2>\n\n\n\n<p>Das Ziel des brasilianischen Programms f\u00fcr goldene Visa ist es, ausl\u00e4ndische Dollars in die Wirtschaft zu bringen. Zu diesem Zweck verlangt das Land von den Interessenten, dass sie mit externen Mitteln in eine Immobilie investieren, die mindestens R$1.000.000,00 kostet - das sind zum Zeitpunkt der Erstellung dieses Artikels knapp 200.000 USD.<\/p>\n\n\n\n<p>Im Folgenden finden Sie einige wichtige Informationen zu diesem als VIPER bezeichneten Programm f\u00fcr Investorenvisa:<\/p>\n\n\n\n<ul class=\"wp-block-list\">\n<li>Die Immobilie muss sich in einem st\u00e4dtischen Gebiet befinden<\/li>\n\n\n\n<li>Sie k\u00f6nnen sich qualifizieren, indem Sie zwei oder mehr Immobilien kaufen, die zusammen mindestens R $1.000.000,00 kosten.<\/li>\n\n\n\n<li>Miteigent\u00fcmerschaft ist zul\u00e4ssig, solange jeder Miteigent\u00fcmer den Mindestbetrag investiert<\/li>\n\n\n\n<li>Sie k\u00f6nnen bis zu 30% weniger f\u00fcr die Immobilie ausgeben und sich trotzdem qualifizieren, wenn Sie in bestimmten Gebieten des Landes kaufen<\/li>\n<\/ul>\n\n\n\n<p>Kontakt-Berater<\/p>\n\n\n\n<h2 class=\"wp-block-heading\">Brasilien Daueraufenthalt Vorteile<\/h2>\n\n\n\n<p>Der Grund, warum Menschen dauerhaft in Brasilien ans\u00e4ssig werden wollen oder sich sogar die brasilianische Staatsb\u00fcrgerschaft durch Investitionen sichern wollen, ist, dass sie sich von den Unannehmlichkeiten befreien wollen, denen Touristen in Brasilien ausgesetzt sind. Einige der Vorteile sind:<\/p>\n\n\n\n<ul class=\"wp-block-list\">\n<li>Brasilianischer Personalausweis f\u00fcr Ausl\u00e4nder<br>Die CRNM ist ein brasilianischer Personalausweis, der ausschlie\u00dflich f\u00fcr ausl\u00e4ndische Staatsb\u00fcrger mit Wohnsitz in Brasilien gilt. Mit dieser Karte k\u00f6nnen ausl\u00e4ndische B\u00fcrger ein Bankkonto er\u00f6ffnen, einen F\u00fchrerschein beantragen und viele andere Vorteile nutzen.<\/li>\n\n\n\n<li>Bleiben Sie so lange in Brasilien, wie Sie wollen.<br>Die meisten ausl\u00e4ndischen Staatsb\u00fcrger k\u00f6nnen sich nur bis zu 180 Tage in Brasilien aufhalten.<\/li>\n\n\n\n<li>Einreise und Ausreise so oft wie n\u00f6tig<br>Machen Sie sich keine Sorgen mehr \u00fcber die brasilianische Einwanderungsbeh\u00f6rde. Als Daueraufenthaltsberechtigter k\u00f6nnen Sie unbegrenzt oft ein- und ausreisen.<\/li>\n\n\n\n<li>Zugang zu Versorgungseinrichtungen und anderen Dienstleistungen<br>Viele Energieversorgungsunternehmen und Dienstleister bieten keine Dienstleistungen an, wenn Sie keine brasilianische ID haben. Die CRNM wird praktisch von allen Versorgungsunternehmen und Dienstleistern akzeptiert.<\/li>\n\n\n\n<li>Zugang zur brasilianischen Staatsb\u00fcrgerschaft<br>Und nicht zuletzt k\u00f6nnen Sie mit dem Brazil Viper-Visum die brasilianische Staatsb\u00fcrgerschaft beantragen. Es gibt zwar keine brasilianische Staatsb\u00fcrgerschaft durch Investition per se, aber Inhaber der brasilianischen Daueraufenthaltskarte k\u00f6nnen die brasilianische Staatsb\u00fcrgerschaft nach vier Jahren als Daueraufenthaltsberechtigte beantragen!<\/li>\n<\/ul>\n\n\n\n<p>Brasilien ist ein gro\u00dfartiger Ort zum Leben, wenn Sie Sandstr\u00e4nde, tropische Landschaften und eine fr\u00f6hliche und einladende Bev\u00f6lkerung lieben. Wenn Sie der Meinung sind, dass das Goldene Visum des Landes durch Immobilieninvestitionen das Richtige f\u00fcr Ihre Familie ist, dann ist jetzt der beste Zeitpunkt, um mit diesem Prozess zu beginnen. Aber es kann wirklich \u00fcberw\u00e4ltigend sein, wenn Sie sich zum ersten Mal auf so etwas einlassen, und Sie werden wahrscheinlich eine Million Fragen haben, w\u00e4hrend Sie anfangen.<\/p>\n\n\n\n<h2 class=\"wp-block-heading\">Ein brasilianisches Goldenes Visum (VIPER) zu erhalten Universelles Investitionsvisum ist der von uns empfohlene Weg, um sich einen dauerhaften Wohnsitz in Brasilien sowie die brasilianische Staatsb\u00fcrgerschaft zu sichern. Dies sind die wichtigsten Schritte:<\/h2>\n\n\n\n<h3 class=\"wp-block-heading\"><strong>Finden Sie die Immobilie<\/strong><\/h3>\n\n\n\n<p>Es beginnt damit, dass Sie eine Immobilie in einer st\u00e4dtischen Gegend finden, die Ihnen gef\u00e4llt, und sicherstellen, dass sie den Mindestinvestitionsbetrag von 140.000 USD erf\u00fcllt. Immobilien im Norden und Nordosten des Landes kommen f\u00fcr nur 70% der 140.000 USD in Frage.<\/p>\n\n\n\n<h3 class=\"wp-block-heading\"><strong>Sorgfaltspflicht<\/strong><\/h3>\n\n\n\n<p>Sobald Sie das getan haben, sollten Sie sicherstellen, dass Ihr Anwalt eine Due-Diligence-Pr\u00fcfung der Immobilie durchf\u00fchrt, bevor Sie sich darauf festlegen. Dies sollte Folgendes beinhalten:<\/p>\n\n\n\n<h3 class=\"wp-block-heading\"><strong>Kaufen Sie<\/strong><\/h3>\n\n\n\n<p>Es kann schwierig und riskant sein, all dies von einem anderen Land aus zu erledigen - vor allem, wenn Sie kein Portugiesisch sprechen. Sie m\u00fcssen sich professionelle Hilfe sichern, um das Gesch\u00e4ft zu strukturieren und die Zahlung ordnungsgem\u00e4\u00df zu \u00fcberweisen. Beachten Sie, dass allein die Geld\u00fcberweisung nach Brasilien mehrere Wochen und eine Menge Papierkram in Anspruch nehmen kann.<\/p>\n\n\n\n<h3 class=\"wp-block-heading\"><strong>Antrag auf Wohnsitznahme<\/strong><\/h3>\n\n\n\n<p>Nachdem Sie den Kauf get\u00e4tigt haben, m\u00fcssen Sie den Kaufnachweis und die \u00dcberweisung auf das Bankkonto des Verk\u00e4ufers vorlegen, die von einer brasilianischen Bank ausgestellt werden m\u00fcssen, zusammen mit vielen anderen Dokumenten.Ihr Anwalt wird den so genannten VIPER-Antrag \u00fcber ein von den brasilianischen Beh\u00f6rden entwickeltes System namens MigrantWeb stellen.<\/p>\n\n\n\n<h3 class=\"wp-block-heading\"><strong>Stempeln des Aufenthaltsvisums<\/strong><\/h3>\n\n\n\n<p>Wenn die Validierung abgeschlossen ist, erhalten Sie eine befristete Aufenthaltsgenehmigung f\u00fcr vier Jahre.<\/p>\n\n\n\n<h3 class=\"wp-block-heading\"><strong>Upgrade auf Daueraufenthalt<\/strong><\/h3>\n\n\n\n<p>Wenn Sie nach vier Jahren immer noch Eigent\u00fcmer der Immobilie sind, k\u00f6nnen Sie einen Antrag auf Daueraufenthalt stellen.<\/p>\n\n\n\n<h3 class=\"wp-block-heading\"><strong>Staatsb\u00fcrgerschaft<\/strong><\/h3>\n\n\n\n<p>Und wenn Sie vier Jahre lang als st\u00e4ndiger Einwohner in Brasilien gelebt haben, k\u00f6nnen Sie die brasilianische Einb\u00fcrgerung beantragen.<\/p>\n\n\n\n<ul class=\"wp-block-list\">\n<li>Schritt 1<\/li>\n\n\n\n<li>Schritt 2\n<ul class=\"wp-block-list\">\n<li>Eigentumstitel mit Registrierung<\/li>\n\n\n\n<li>Negativbescheinigung \u00fcber Grundpfandrechte<\/li>\n\n\n\n<li>IPTU-Negativbescheinigung<\/li>\n\n\n\n<li>R\u00e4umung von Verk\u00e4ufern<\/li>\n<\/ul>\n<\/li>\n\n\n\n<li>Schritt 3<\/li>\n\n\n\n<li>Schritt 4<\/li>\n\n\n\n<li>Schritt 5<\/li>\n\n\n\n<li>Schritt 6<\/li>\n\n\n\n<li>Schritt 7<\/li>\n<\/ul>\n\n\n\n<ul class=\"wp-block-list\">\n<li>eine Investition von $100.000 bis $200.000 (R$ 500 000 BRL bis R$ 1 000 000)<br><br><br>Investitionen k\u00f6nnen jede Form annehmen (einschlie\u00dflich des Kaufs eines Grundst\u00fccks oder einer Immobilie)<br><br><br><br><\/li>\n\n\n\n<li>Wohnsitz f\u00fcr die gesamte Familie (einschlie\u00dflich aller Familienangeh\u00f6rigen)<br><br><br>Flexibel. Keine Residenzpflicht (Sie m\u00fcssen sich nur einmal alle zwei Jahre f\u00fcr PR besuchen)<br><br><br><br><\/li>\n\n\n\n<li>Staatsb\u00fcrgerschaft &amp; Reisepass 4 Jahre<br><br><br>(Staatsb\u00fcrgerschaft f\u00fcr k\u00fcnftige Familienangeh\u00f6rige)<br><br><br><br><\/li>\n<\/ul>\n\n\n\n<p>Im Folgenden haben wir einige der h\u00e4ufig gestellten Fragen zum Goldenen Visum in Brasilien aufgelistet. Es ist jedoch unm\u00f6glich, hier alle Fragen ausf\u00fchrlich zu behandeln. Bitte kontaktieren Sie unsere Berater f\u00fcr weitere Details.<\/p>\n\n\n\n<h2 class=\"wp-block-heading\">Brasilien Goldenes Visum FAQ's<\/h2>\n\n\n\n<hr class=\"wp-block-separator has-alpha-channel-opacity\"\/>\n\n\n\n<hr class=\"wp-block-separator has-alpha-channel-opacity\"\/>\n\n\n\n<hr class=\"wp-block-separator has-alpha-channel-opacity\"\/>\n\n\n\n<hr class=\"wp-block-separator has-alpha-channel-opacity\"\/>\n\n\n\n<hr class=\"wp-block-separator has-alpha-channel-opacity\"\/>\n\n\n\n<hr class=\"wp-block-separator has-alpha-channel-opacity\"\/>\n\n\n\n<hr class=\"wp-block-separator has-alpha-channel-opacity\"\/>\n\n\n\n<ul class=\"wp-block-list\">\n<li><br>Was ist ein brasilianisches Investorenvisum?<br>Ein \u201cpermanentes Visum\u201d, wie das Investitionsvisum, erlaubt es einem Ausl\u00e4nder, in Brasilien zu leben und zu arbeiten. Sie werden wie ein gew\u00f6hnlicher Brasilianer behandelt, mit Ausnahme des Wahlrechts und der politischen Rechte<\/li>\n\n\n\n<li>Ist die Familie des Inhabers des Investorenvisums berechtigt, nach Brasilien zu kommen?<br>Der ans\u00e4ssige Ausl\u00e4nder darf auch seine Familie mitbringen und kommen und gehen, wie er will.<\/li>\n\n\n\n<li>Gibt es eine Mindestaufenthaltsdauer?<br>Die Mindestaufenthaltsdauer in Brasilien betr\u00e4gt eine Einreise alle 2 Jahre, um den Aufenthaltsstatus bei den brasilianischen Beh\u00f6rden aufrechtzuerhalten.<\/li>\n\n\n\n<li>Wohin werden die Investitionsgelder \u00fcberwiesen?<br>Die Investition und der Transfer von Geldern m\u00fcssen auf das Konto Ihrer brasilianischen Firma oder einer anderen brasilianischen Firma erfolgen, wenn Sie dies w\u00fcnschen.<\/li>\n\n\n\n<li>Was kann man mit diesen Geldern machen, wenn sie auf dem Konto des Unternehmens sind?<br>Das Unternehmen kann die Gelder dann nach eigenem Ermessen investieren, z. B. in Immobilien, Bankanlagen, Aktien usw. Sie k\u00f6nnen Ihre eigene Investition w\u00e4hlen, aber sie muss im Namen Ihres Unternehmens erfolgen. Die meisten Ausl\u00e4nder, in der Regel diejenigen, die bereits Immobilien kaufen, nutzen diese M\u00f6glichkeit. Sie k\u00f6nnen aber auch in Aktien und sogar in Sparkonten investieren, wo die Zinss\u00e4tze und Dividenden viel h\u00f6her sind als in anderen L\u00e4ndern.<\/li>\n\n\n\n<li>Wie lange ist das Investorenvisum g\u00fcltig?<br>Sie erhalten den Status eines Daueraufenthaltsberechtigten.<\/li>\n<\/ul>\n\n\n\n<p>Wer muss den Antrag stellen?<br>Die Person, die brasilianischer Staatsb\u00fcrger werden m\u00f6chte, muss selbst einen Antrag stellen. Wenn eine Person unter 18 Jahren eingeb\u00fcrgert werden m\u00f6chte, m\u00fcssen die Eltern oder Erziehungsberechtigten den Antrag stellen.<\/p>","protected":false},"excerpt":{"rendered":"<p>Brazil Golden Visa (VIPER) \u2013 Permanent Residency in Brazil through Real Estate Investment Brazil has one of the top 12 largest economies, an unmatched level of happiness among its residents, and is simply the most beautiful country in the world. For those reasons and plenty of others, you might be interested in immigrating to Brazil. [&hellip;]<\/p>\n","protected":false},"author":1,"featured_media":0,"parent":0,"menu_order":0,"comment_status":"closed","ping_status":"closed","template":"","meta":{"footnotes":""},"class_list":["post-266","page","type-page","status-publish","hentry"],"yoast_head":"<!-- This site is optimized with the Yoast SEO plugin v27.3 - https:\/\/yoast.com\/product\/yoast-seo-wordpress\/ -->\n<title>Brazil Golden Visa - Investment Visa CN<\/title>\n<meta name=\"robots\" content=\"index, follow, max-snippet:-1, max-image-preview:large, max-video-preview:-1\" \/>\n<link rel=\"canonical\" href=\"https:\/\/investmentvisacn.com\/de\/brasilien-gold-visa\/\" \/>\n<meta property=\"og:locale\" content=\"de_DE\" \/>\n<meta property=\"og:type\" content=\"article\" \/>\n<meta property=\"og:title\" content=\"Brazil Golden Visa - Investment Visa CN\" \/>\n<meta property=\"og:description\" content=\"Brazil Golden Visa (VIPER) \u2013 Permanent Residency in Brazil through Real Estate Investment Brazil has one of the top 12 largest economies, an unmatched level of happiness among its residents, and is simply the most beautiful country in the world. For those reasons and plenty of others, you might be interested in immigrating to Brazil. [&hellip;]\" \/>\n<meta property=\"og:url\" content=\"https:\/\/investmentvisacn.com\/de\/brasilien-gold-visa\/\" \/>\n<meta property=\"og:site_name\" content=\"Investment Visa CN\" \/>\n<meta property=\"article:modified_time\" content=\"2024-08-13T21:32:03+00:00\" \/>\n<meta name=\"twitter:card\" content=\"summary_large_image\" \/>\n<meta name=\"twitter:label1\" content=\"Gesch\u00e4tzte Lesezeit\" \/>\n\t<meta name=\"twitter:data1\" content=\"6\u00a0Minuten\" \/>\n<script type=\"application\/ld+json\" class=\"yoast-schema-graph\">{\"@context\":\"https:\\\/\\\/schema.org\",\"@graph\":[{\"@type\":\"WebPage\",\"@id\":\"https:\\\/\\\/investmentvisacn.com\\\/brazil-golden-visa\\\/\",\"url\":\"https:\\\/\\\/investmentvisacn.com\\\/brazil-golden-visa\\\/\",\"name\":\"Brazil Golden Visa - Investment Visa CN\",\"isPartOf\":{\"@id\":\"https:\\\/\\\/investmentvisacn.com\\\/#website\"},\"datePublished\":\"2024-08-13T21:32:02+00:00\",\"dateModified\":\"2024-08-13T21:32:03+00:00\",\"breadcrumb\":{\"@id\":\"https:\\\/\\\/investmentvisacn.com\\\/brazil-golden-visa\\\/#breadcrumb\"},\"inLanguage\":\"de\",\"potentialAction\":[{\"@type\":\"ReadAction\",\"target\":[\"https:\\\/\\\/investmentvisacn.com\\\/brazil-golden-visa\\\/\"]}]},{\"@type\":\"BreadcrumbList\",\"@id\":\"https:\\\/\\\/investmentvisacn.com\\\/brazil-golden-visa\\\/#breadcrumb\",\"itemListElement\":[{\"@type\":\"ListItem\",\"position\":1,\"name\":\"Home\",\"item\":\"https:\\\/\\\/investmentvisacn.com\\\/\"},{\"@type\":\"ListItem\",\"position\":2,\"name\":\"Brazil Golden Visa\"}]},{\"@type\":\"WebSite\",\"@id\":\"https:\\\/\\\/investmentvisacn.com\\\/#website\",\"url\":\"https:\\\/\\\/investmentvisacn.com\\\/\",\"name\":\"Investment Visa CN\",\"description\":\"Global Investment &amp; Visa Solutions You Can Trust\",\"publisher\":{\"@id\":\"https:\\\/\\\/investmentvisacn.com\\\/#organization\"},\"potentialAction\":[{\"@type\":\"SearchAction\",\"target\":{\"@type\":\"EntryPoint\",\"urlTemplate\":\"https:\\\/\\\/investmentvisacn.com\\\/?s={search_term_string}\"},\"query-input\":{\"@type\":\"PropertyValueSpecification\",\"valueRequired\":true,\"valueName\":\"search_term_string\"}}],\"inLanguage\":\"de\"},{\"@type\":\"Organization\",\"@id\":\"https:\\\/\\\/investmentvisacn.com\\\/#organization\",\"name\":\"Investment Visa CN\",\"url\":\"https:\\\/\\\/investmentvisacn.com\\\/\",\"logo\":{\"@type\":\"ImageObject\",\"inLanguage\":\"de\",\"@id\":\"https:\\\/\\\/investmentvisacn.com\\\/#\\\/schema\\\/logo\\\/image\\\/\",\"url\":\"https:\\\/\\\/investmentvisacn.com\\\/wp-content\\\/uploads\\\/2024\\\/08\\\/universalinvestmentvisa.png\",\"contentUrl\":\"https:\\\/\\\/investmentvisacn.com\\\/wp-content\\\/uploads\\\/2024\\\/08\\\/universalinvestmentvisa.png\",\"width\":180,\"height\":60,\"caption\":\"Investment Visa CN\"},\"image\":{\"@id\":\"https:\\\/\\\/investmentvisacn.com\\\/#\\\/schema\\\/logo\\\/image\\\/\"}}]}<\/script>\n<!-- \/ Yoast SEO plugin. -->","yoast_head_json":{"title":"Brazil Golden Visa - Investitionsvisum CN","robots":{"index":"index","follow":"follow","max-snippet":"max-snippet:-1","max-image-preview":"max-image-preview:large","max-video-preview":"max-video-preview:-1"},"canonical":"https:\/\/investmentvisacn.com\/de\/brasilien-gold-visa\/","og_locale":"de_DE","og_type":"article","og_title":"Brazil Golden Visa - Investment Visa CN","og_description":"Brazil Golden Visa (VIPER) \u2013 Permanent Residency in Brazil through Real Estate Investment Brazil has one of the top 12 largest economies, an unmatched level of happiness among its residents, and is simply the most beautiful country in the world. For those reasons and plenty of others, you might be interested in immigrating to Brazil. [&hellip;]","og_url":"https:\/\/investmentvisacn.com\/de\/brasilien-gold-visa\/","og_site_name":"Investment Visa CN","article_modified_time":"2024-08-13T21:32:03+00:00","twitter_card":"summary_large_image","twitter_misc":{"Gesch\u00e4tzte Lesezeit":"6\u00a0Minuten"},"schema":{"@context":"https:\/\/schema.org","@graph":[{"@type":"WebPage","@id":"https:\/\/investmentvisacn.com\/brazil-golden-visa\/","url":"https:\/\/investmentvisacn.com\/brazil-golden-visa\/","name":"Brazil Golden Visa - Investitionsvisum CN","isPartOf":{"@id":"https:\/\/investmentvisacn.com\/#website"},"datePublished":"2024-08-13T21:32:02+00:00","dateModified":"2024-08-13T21:32:03+00:00","breadcrumb":{"@id":"https:\/\/investmentvisacn.com\/brazil-golden-visa\/#breadcrumb"},"inLanguage":"de","potentialAction":[{"@type":"ReadAction","target":["https:\/\/investmentvisacn.com\/brazil-golden-visa\/"]}]},{"@type":"BreadcrumbList","@id":"https:\/\/investmentvisacn.com\/brazil-golden-visa\/#breadcrumb","itemListElement":[{"@type":"ListItem","position":1,"name":"Home","item":"https:\/\/investmentvisacn.com\/"},{"@type":"ListItem","position":2,"name":"Brazil Golden Visa"}]},{"@type":"WebSite","@id":"https:\/\/investmentvisacn.com\/#website","url":"https:\/\/investmentvisacn.com\/","name":"Investitionsvisum CN","description":"Globale Investment- und Visa-L\u00f6sungen, denen Sie vertrauen k\u00f6nnen","publisher":{"@id":"https:\/\/investmentvisacn.com\/#organization"},"potentialAction":[{"@type":"SearchAction","target":{"@type":"EntryPoint","urlTemplate":"https:\/\/investmentvisacn.com\/?s={search_term_string}"},"query-input":{"@type":"PropertyValueSpecification","valueRequired":true,"valueName":"search_term_string"}}],"inLanguage":"de"},{"@type":"Organization","@id":"https:\/\/investmentvisacn.com\/#organization","name":"Investitionsvisum CN","url":"https:\/\/investmentvisacn.com\/","logo":{"@type":"ImageObject","inLanguage":"de","@id":"https:\/\/investmentvisacn.com\/#\/schema\/logo\/image\/","url":"https:\/\/investmentvisacn.com\/wp-content\/uploads\/2024\/08\/universalinvestmentvisa.png","contentUrl":"https:\/\/investmentvisacn.com\/wp-content\/uploads\/2024\/08\/universalinvestmentvisa.png","width":180,"height":60,"caption":"Investment Visa CN"},"image":{"@id":"https:\/\/investmentvisacn.com\/#\/schema\/logo\/image\/"}}]}},"_links":{"self":[{"href":"https:\/\/investmentvisacn.com\/de\/wp-json\/wp\/v2\/pages\/266","targetHints":{"allow":["GET"]}}],"collection":[{"href":"https:\/\/investmentvisacn.com\/de\/wp-json\/wp\/v2\/pages"}],"about":[{"href":"https:\/\/investmentvisacn.com\/de\/wp-json\/wp\/v2\/types\/page"}],"author":[{"embeddable":true,"href":"https:\/\/investmentvisacn.com\/de\/wp-json\/wp\/v2\/users\/1"}],"replies":[{"embeddable":true,"href":"https:\/\/investmentvisacn.com\/de\/wp-json\/wp\/v2\/comments?post=266"}],"version-history":[{"count":1,"href":"https:\/\/investmentvisacn.com\/de\/wp-json\/wp\/v2\/pages\/266\/revisions"}],"predecessor-version":[{"id":267,"href":"https:\/\/investmentvisacn.com\/de\/wp-json\/wp\/v2\/pages\/266\/revisions\/267"}],"wp:attachment":[{"href":"https:\/\/investmentvisacn.com\/de\/wp-json\/wp\/v2\/media?parent=266"}],"curies":[{"name":"wp","href":"https:\/\/api.w.org\/{rel}","templated":true}]}}