{"id":264,"date":"2024-08-13T21:16:35","date_gmt":"2024-08-13T21:16:35","guid":{"rendered":"https:\/\/universalinvestmentvisa.com\/?page_id=264"},"modified":"2024-08-21T16:27:09","modified_gmt":"2024-08-21T16:27:09","slug":"vanuatuische-staatsburgerschaft","status":"publish","type":"page","link":"https:\/\/investmentvisacn.com\/de\/vanuatu-citizenship\/","title":{"rendered":"Vanuatu Staatsb\u00fcrgerschaft"},"content":{"rendered":"<div data-elementor-type=\"wp-page\" data-elementor-id=\"264\" class=\"elementor elementor-264\" data-elementor-post-type=\"page\">\n\t\t\t\t\t\t<section class=\"elementor-section elementor-top-section elementor-element elementor-element-6cb280e4 elementor-section-boxed elementor-section-height-default elementor-section-height-default\" data-id=\"6cb280e4\" data-element_type=\"section\" data-e-type=\"section\">\n\t\t\t\t\t\t<div class=\"elementor-container elementor-column-gap-default\">\n\t\t\t\t\t<div class=\"elementor-column elementor-col-100 elementor-top-column elementor-element elementor-element-758f7e22\" data-id=\"758f7e22\" data-element_type=\"column\" data-e-type=\"column\">\n\t\t\t<div class=\"elementor-widget-wrap elementor-element-populated\">\n\t\t\t\t\t\t<div class=\"elementor-element elementor-element-51eeac02 elementor-widget elementor-widget-text-editor\" data-id=\"51eeac02\" data-element_type=\"widget\" data-e-type=\"widget\" data-widget_type=\"text-editor.default\">\n\t\t\t\t<div class=\"elementor-widget-container\">\n\t\t\t\t\t\t\t\t\t\n<h2 class=\"wp-block-heading\">\u00dcberblick \u00fcber das Vanuatu Citizenship by Investment Programm<\/h2>\n\n<p>Die 2017 erstmals eingef\u00fchrte Staatsb\u00fcrgerschaft durch Investitionen in Vanuatu steht Antragstellern zur Verf\u00fcgung, die ab $130.000 in einen lokalen Entwicklungsfonds investieren. Das offiziell als Vanuatu \u201cDevelopment Support Programme\u201d (DSP) bezeichnete Programm bietet eines der schnellsten Staatsb\u00fcrgerschafts- und Zweitpassprogramme der Welt und ist das einzige Programm dieser Art in der asiatisch-pazifischen Hemisph\u00e4re. Vanuatu, eine Kette von 80 Inseln im S\u00fcdpazifik \u00f6stlich von Australien, ist Teil des Commonwealth. Die Amtssprachen sind Englisch und Franz\u00f6sisch. Vanuatu bietet die Staatsb\u00fcrgerschaft mit vollen Ni-Vanuatu-Rechten (mit Ausnahme des Wahlrechts und der politischen Beteiligung).<\/p>\n\n<h3 style=\"text-align: center;\"><strong><a href=\"https:\/\/investmentvisacn.com\/de\/kontaktieren-sie-uns\/\">Kontakt-Berater<\/a><\/strong><\/h3>\n\n<h4 class=\"wp-block-heading\">Wie man die Staatsb\u00fcrgerschaft von Vanuatu durch eine Investition erwirbt<\/h4>\n\n<p>Das Investitionsprogramm f\u00fcr die Staatsb\u00fcrgerschaft von Vanuatu erfordert eine Spende von $130.000 + Geb\u00fchren f\u00fcr alleinstehende Antragsteller, $150.000 + Geb\u00fchren f\u00fcr ein Paar, $180.000 f\u00fcr eine vierk\u00f6pfige Familie + Geb\u00fchren. Die Bearbeitung erfolgt schnell, und die Staatsb\u00fcrgerschaft wird in der Regel innerhalb von 30-60 Tagen erteilt. Die Experten von Universal Investment Visa k\u00f6nnen Ihnen bei der gesamten Antragstellung von A bis Z behilflich sein. Es gibt keine sprachlichen Anforderungen, und alle Antragsteller, die ein einwandfreies F\u00fchrungszeugnis vorweisen k\u00f6nnen m\u00fcssen, werden einer sorgf\u00e4ltigen Pr\u00fcfung unterzogen. Die Staatsb\u00fcrgerschaft ist vererbbar, und die Eidesleistung kann an einem geeigneten Ort auf der ganzen Welt abgelegt werden. Es gibt keine Beschr\u00e4nkungen f\u00fcr die doppelte Staatsb\u00fcrgerschaft, und es ist nicht erforderlich, dass man einen Wohnsitz hat, um einen Reisepass zu erhalten oder zu behalten.<\/p>\n\n<p>Von $130.000 Spende<\/p>\n\n<p>Ganze Familie<\/p>\n\n<p>Staatsb\u00fcrgerschaft &amp; Reisepass<\/p>\n\n<p>Visumfreies Reisen 148 L\u00e4nder<\/p>\n\n<p>Schnelle Bearbeitungszeit<\/p>\n\n<h4 class=\"wp-block-heading\">Vanuatu Staatsb\u00fcrgerschaft durch Investition Anforderungen<\/h4>\n\n<p>Neben der erforderlichen Investition oder Spende m\u00fcssen die Antragsteller in Vanuatu mehrere Voraussetzungen erf\u00fcllen<\/p>\n\n<h3 class=\"wp-block-heading\">Anforderungen an die Familie<\/h3>\n\n<p>Familienmitglieder k\u00f6nnen in den Antrag auf die Staatsb\u00fcrgerschaft von Vanuatu einbezogen werden. Der Hauptinvestor kann sein:<\/p>\n\n<ul class=\"wp-block-list\">\n<li>Ehepartner<\/li>\n\n<li>Unterhaltsberechtigte Kinder<\/li>\n\n<li>Unterhaltsberechtigte Elternteile \u00fcber 65 Jahre<\/li>\n<\/ul>\n\n<h4 class=\"wp-block-heading\">Anforderungen an die Sorgfaltspflicht<\/h4>\n\n<p>Alle Antragsteller m\u00fcssen einen guten Leumund haben und die von der Regierung von Vanuatu vorgeschriebene Sorgfaltspflicht erf\u00fcllen. Investoren m\u00fcssen Folgendes vorweisen:<\/p>\n\n<ul class=\"wp-block-list\">\n<li>Polizeiberichte - Nachweis eines sauberen Strafregisters<\/li>\n\n<li>Sie haben keine ausstehenden Visumverweigerungen<\/li>\n\n<li>Verschiedene Unterlagen, einschlie\u00dflich Finanzdokumente, Besch\u00e4ftigungs-\/Gesch\u00e4ftsdokumente, Ausweis, Adressnachweis<\/li>\n<\/ul>\n\n<h3 class=\"wp-block-heading\">Anforderungen an den Mindestaufenthalt<\/h3>\n\n<p>Das Programm \"Staatsb\u00fcrgerschaft durch Investition\" in Vanuatu setzt nicht voraus, dass die Bewerber eine Mindestaufenthaltsdauer erf\u00fcllen. Ni-Vanuatu-B\u00fcrger haben das Recht, in Vanuatu zu leben, zu arbeiten oder zu studieren, wenn sie sich daf\u00fcr entscheiden, aber dies ist keine Voraussetzung f\u00fcr das Programm. Es ist auch kein Vorstellungsgespr\u00e4ch oder Sprachtest erforderlich.<\/p>\n\n<p>Guter Charakter<br \/>Sauberes Strafregister<br \/>Keine Ablehnung von Visa<\/p>\n\n<p>Ganze Familie einbeziehen<br \/>Unterhaltsberechtigte Eltern 65 Jahre +<br \/>Unterhaltsberechtigte Kinder<\/p>\n\n<p>Kein Mindestaufenthalt<br \/>Kein Interview<br \/>Kein Sprachtest<\/p>\n\n<p>Antragsteller-ID<br \/>Nachweis der Mittel<br \/>Geburts-\/Heiratsurkunden<br \/>Finanzielle Aufzeichnungen<\/p>\n\n<h4 class=\"wp-block-heading\">Wie viel kostet das Programm \"Staatsb\u00fcrgerschaft durch Investition\" in Vanuatu?<\/h4>\n\n<p>Das Vanuatu Citizenship by Donation-Programm erfordert einen nicht r\u00fcckzahlbaren Beitrag zum Entwicklungsfonds der Regierung in H\u00f6he von $130.000 f\u00fcr einen einzelnen Antragsteller, $150.000 f\u00fcr ein Paar oder $180.000 f\u00fcr eine vierk\u00f6pfige Familie. Dar\u00fcber hinaus fallen zus\u00e4tzliche Sorgfalts- und Bearbeitungsgeb\u00fchren an, die je nach Alter des Antragstellers und Gr\u00f6\u00dfe seiner Familie variieren.<\/p>\n\n<h4 class=\"wp-block-heading\">Wie lange dauert es, die Staatsb\u00fcrgerschaft durch Investition in Vanuatu zu erhalten?<\/h4>\n\n<p>Das Programm \"Staatsb\u00fcrgerschaft durch Investition\" in Vanuatu bietet eine der schnellsten Bearbeitungszeiten. Ab dem Datum, an dem der Antrag bei der Vanuatu Citizenship by Investment Unit (CIU) eingereicht wird, werden die Antr\u00e4ge in der Regel innerhalb von 30-60 Tagen nach einer gr\u00fcndlichen Due-Diligence-Pr\u00fcfung genehmigt. Vor der Einreichung ben\u00f6tigen die meisten Antragsteller in der Regel zwischen<strong>\u00a02-6 Wochen<\/strong>\u00a0um ihre Unterlagen zusammenzustellen. Wenn Sie alle Aspekte des Verfahrens ber\u00fccksichtigen, ist es m\u00f6glich, die Staatsb\u00fcrgerschaft von Vanuatu innerhalb von 2-4 Monaten zu erhalten. Sobald der Antrag genehmigt wurde, m\u00fcssen die Antragsteller an einer Vereidigungszeremonie teilnehmen, die an geeigneten Orten auf der ganzen Welt organisiert werden kann. Das hauseigene Bearbeitungsteam von Universal Investment Visa unterst\u00fctzt die Antragsteller w\u00e4hrend des gesamten Prozesses und der Antrag kann aus der Ferne gestellt werden, ohne dass eine Reise erforderlich ist.<\/p>\n\n<h4 class=\"wp-block-heading\">Wie man die Staatsb\u00fcrgerschaft von Vanuatu durch Investition erh\u00e4lt<\/h4>\n\n<p>Buchen Sie ein kostenloses Beratungsgespr\u00e4ch mit dem Expertenteam von Universal Investment Visa, um zu entscheiden, welches Programm und welcher Investitionsweg f\u00fcr Sie und Ihre Familie am besten geeignet ist. Unsere erfahrenen Berater werden Ihnen ein individuelles Angebot unterbreiten, das alle anfallenden Geb\u00fchren abdeckt. Sie werden Sie beraten und Sie durch den gesamten Prozess im Detail f\u00fchren.<\/p>\n\n<p>Bevor Sie sich festlegen, f\u00fchrt Universal Investment Visa eine Hintergrundpr\u00fcfung durch, um sicherzustellen, dass Ihr Antrag wahrscheinlich erfolgreich ist. Sobald diese Pr\u00fcfung abgeschlossen ist und Sie mit dem weiteren Vorgehen einverstanden sind, k\u00f6nnen Sie das Verfahren offiziell einleiten, indem Sie unsere Vereinbarung mit dem Kundenbetreuer unterzeichnen und die Kaution f\u00fcr den Vorantrag bezahlen.<\/p>\n\n<p>Das interne Bearbeitungsteam von Universal Investment Visa wird eng mit Ihnen zusammenarbeiten, um Ihren Antrag vorzubereiten. Sobald Ihr Dossier vollst\u00e4ndig zusammengestellt ist, wird unser Team Ihren Antrag bei der St. Kitts and Nevis Citizenship by Investment Unit (St. Kitts CIU) einreichen. In diesem Stadium werden Regierungsgeb\u00fchren f\u00e4llig. Ab diesem Zeitpunkt dauert die Bearbeitung der Antr\u00e4ge durchschnittlich 60-90 Tage.<\/p>\n\n<p>Nachdem die Vanuatu Citizenship Unit Ihren Antrag umfassend gepr\u00fcft und analysiert hat, wird ein Genehmigungsschreiben der Regierung ausgestellt, und Sie m\u00fcssen die letzte Zahlung leisten und den Eid ablegen. Der Reisepass wird innerhalb von etwa einem Monat ausgestellt und Ihnen per Einschreiben zugesandt.<\/p>\n\n<ul class=\"wp-block-list\">\n<li>Schritt 1<\/li>\n\n<li>Schritt 2<\/li>\n\n<li>Schritt 3<\/li>\n\n<li>Schritt 4<\/li>\n<\/ul>\n\n<h4 class=\"wp-block-heading\">Vorteile des Programms \"Vanuatu Citizenship by Investment<\/h4>\n\n<p>Nach der Verleihung der vanuatuischen Staatsb\u00fcrgerschaft wird den Investoren ein vanuatuischer Reisepass ausgestellt. Laut dem Unique Passport Investment Report von Universal Investment Visa profitieren Inhaber eines Vanuatu-Passes von der visafreien Einreise in 148 L\u00e4nder und Territorien weltweit. Dies entspricht mehr als einem Drittel des weltweiten BIP.<\/p>\n\n<p>Im M\u00e4rz 2022 setzte die EU ihr Abkommen mit Vanuatu \u00fcber die Befreiung von der Visumpflicht vor\u00fcbergehend aus, bis das Programm reformiert ist. Die Regierung von Vanuatu hat bis August 2024 Zeit, die EU zufriedenzustellen und die Aussetzung aufzuheben. Bis zu diesem Zeitpunkt haben Inhaber von Vanuatus Reisep\u00e4ssen keinen visumfreien Zugang mehr zu EU-Mitgliedstaaten und m\u00fcssen f\u00fcr Reisen in diese Region ein separates Schengen-Visum beantragen. Vanuatu-Passinhaber k\u00f6nnen weiterhin in mehr als 100 L\u00e4nder weltweit einreisen, darunter das Vereinigte K\u00f6nigreich, Hongkong, Singapur und andere.<\/p>\n\n<p>Lesen Sie mehr in unserem Vanuatu Passport Investment Report.<\/p>\n\n<ul class=\"wp-block-list\">\n<li>Visumfreies Reisen in das Vereinigte K\u00f6nigreich, nach Singapur, Hongkong und andere L\u00e4nder.<\/li>\n\n<li>Sicherheit eines Plan-B-Passes<\/li>\n\n<li>Keine Verpflichtung zur \u00dcbersiedlung nach Vanuatu<\/li>\n\n<li>Kein Interviewprozess<\/li>\n\n<li>Leben, Arbeiten und Studieren in Vanuatu<\/li>\n\n<li>Keine Verm\u00f6gens-, Erbschafts-, Schenkungs- oder Einkommenssteuer, wenn kein Wohnsitz besteht.<\/li>\n<\/ul>\n\n<h4 class=\"wp-block-heading\">Vorteile eines zus\u00e4tzlichen Vanuatu-Passes<\/h4>\n\n<p>Wenn Sie in eine zweite Staatsb\u00fcrgerschaft und einen zweiten Reisepass investieren, ist es wichtig, genau zu wissen, wie Ihr bestehender Reisepass zusammengesetzt ist, um weltweit visumfreien Zugang zu erm\u00f6glichen. Dabei geht es nicht nur um die Anzahl der visumfreien Reiseziele, sondern auch um die Bedeutung und Beliebtheit dieser Reiseziele. Nur Universal Investment Visa bietet eine solch umfassende Analyse f\u00fcr den Vanuatu-Pass und f\u00fcr P\u00e4sse im Rahmen anderer Staatsb\u00fcrgerschafts-Investitionsprogramme, indem hochentwickelte Messmethoden f\u00fcr Gesch\u00e4fts- und Freizeitreisen verwendet werden.\u00a0<a href=\"https:\/\/investmentvisacn.com\/de\/kontaktieren-sie-uns\/\">Kontakt<\/a>\u00a0und sprechen Sie mit einem unserer Berater, um Ihren kostenlosen Bericht zu erhalten, der auf Ihre bestehende Staatsb\u00fcrgerschaft und Ihren Pass zugeschnitten ist.<\/p>\n\t\t\t\t\t\t\t\t<\/div>\n\t\t\t\t<\/div>\n\t\t\t\t\t<\/div>\n\t\t<\/div>\n\t\t\t\t\t<\/div>\n\t\t<\/section>\n\t\t\t\t<\/div>","protected":false},"excerpt":{"rendered":"<p>Overview of Vanuatu Citizenship by Investment Programme First launched in 2017, Citizenship by investment in Vanuatu is available to applicants who invest from $130,000 into a local development fund. Officially known as the Vanuatu \u201cDevelopment Support Programme\u201d (DSP), the programme offers one of the fastest citizenship and second passport programmes in the world and is [&hellip;]<\/p>\n","protected":false},"author":1,"featured_media":0,"parent":0,"menu_order":0,"comment_status":"closed","ping_status":"closed","template":"","meta":{"footnotes":""},"class_list":["post-264","page","type-page","status-publish","hentry"],"yoast_head":"<!-- This site is optimized with the Yoast SEO plugin v27.3 - https:\/\/yoast.com\/product\/yoast-seo-wordpress\/ -->\n<title>Vanuatu Citizenship - Investment Visa CN<\/title>\n<meta name=\"robots\" content=\"index, follow, max-snippet:-1, max-image-preview:large, max-video-preview:-1\" \/>\n<link rel=\"canonical\" href=\"https:\/\/investmentvisacn.com\/de\/vanuatuische-staatsburgerschaft\/\" \/>\n<meta property=\"og:locale\" content=\"de_DE\" \/>\n<meta property=\"og:type\" content=\"article\" \/>\n<meta property=\"og:title\" content=\"Vanuatu Citizenship - Investment Visa CN\" \/>\n<meta property=\"og:description\" content=\"Overview of Vanuatu Citizenship by Investment Programme First launched in 2017, Citizenship by investment in Vanuatu is available to applicants who invest from $130,000 into a local development fund. Officially known as the Vanuatu \u201cDevelopment Support Programme\u201d (DSP), the programme offers one of the fastest citizenship and second passport programmes in the world and is [&hellip;]\" \/>\n<meta property=\"og:url\" content=\"https:\/\/investmentvisacn.com\/de\/vanuatuische-staatsburgerschaft\/\" \/>\n<meta property=\"og:site_name\" content=\"Investment Visa CN\" \/>\n<meta property=\"article:modified_time\" content=\"2024-08-21T16:27:09+00:00\" \/>\n<meta name=\"twitter:card\" content=\"summary_large_image\" \/>\n<meta name=\"twitter:label1\" content=\"Gesch\u00e4tzte Lesezeit\" \/>\n\t<meta name=\"twitter:data1\" content=\"6\u00a0Minuten\" \/>\n<script type=\"application\/ld+json\" class=\"yoast-schema-graph\">{\"@context\":\"https:\\\/\\\/schema.org\",\"@graph\":[{\"@type\":\"WebPage\",\"@id\":\"https:\\\/\\\/investmentvisacn.com\\\/vanuatu-citizenship\\\/\",\"url\":\"https:\\\/\\\/investmentvisacn.com\\\/vanuatu-citizenship\\\/\",\"name\":\"Vanuatu Citizenship - Investment Visa CN\",\"isPartOf\":{\"@id\":\"https:\\\/\\\/investmentvisacn.com\\\/#website\"},\"datePublished\":\"2024-08-13T21:16:35+00:00\",\"dateModified\":\"2024-08-21T16:27:09+00:00\",\"breadcrumb\":{\"@id\":\"https:\\\/\\\/investmentvisacn.com\\\/vanuatu-citizenship\\\/#breadcrumb\"},\"inLanguage\":\"de\",\"potentialAction\":[{\"@type\":\"ReadAction\",\"target\":[\"https:\\\/\\\/investmentvisacn.com\\\/vanuatu-citizenship\\\/\"]}]},{\"@type\":\"BreadcrumbList\",\"@id\":\"https:\\\/\\\/investmentvisacn.com\\\/vanuatu-citizenship\\\/#breadcrumb\",\"itemListElement\":[{\"@type\":\"ListItem\",\"position\":1,\"name\":\"Home\",\"item\":\"https:\\\/\\\/investmentvisacn.com\\\/\"},{\"@type\":\"ListItem\",\"position\":2,\"name\":\"Vanuatu Citizenship\"}]},{\"@type\":\"WebSite\",\"@id\":\"https:\\\/\\\/investmentvisacn.com\\\/#website\",\"url\":\"https:\\\/\\\/investmentvisacn.com\\\/\",\"name\":\"Investment Visa CN\",\"description\":\"Global Investment &amp; Visa Solutions You Can Trust\",\"publisher\":{\"@id\":\"https:\\\/\\\/investmentvisacn.com\\\/#organization\"},\"potentialAction\":[{\"@type\":\"SearchAction\",\"target\":{\"@type\":\"EntryPoint\",\"urlTemplate\":\"https:\\\/\\\/investmentvisacn.com\\\/?s={search_term_string}\"},\"query-input\":{\"@type\":\"PropertyValueSpecification\",\"valueRequired\":true,\"valueName\":\"search_term_string\"}}],\"inLanguage\":\"de\"},{\"@type\":\"Organization\",\"@id\":\"https:\\\/\\\/investmentvisacn.com\\\/#organization\",\"name\":\"Investment Visa CN\",\"url\":\"https:\\\/\\\/investmentvisacn.com\\\/\",\"logo\":{\"@type\":\"ImageObject\",\"inLanguage\":\"de\",\"@id\":\"https:\\\/\\\/investmentvisacn.com\\\/#\\\/schema\\\/logo\\\/image\\\/\",\"url\":\"https:\\\/\\\/investmentvisacn.com\\\/wp-content\\\/uploads\\\/2024\\\/08\\\/universalinvestmentvisa.png\",\"contentUrl\":\"https:\\\/\\\/investmentvisacn.com\\\/wp-content\\\/uploads\\\/2024\\\/08\\\/universalinvestmentvisa.png\",\"width\":180,\"height\":60,\"caption\":\"Investment Visa CN\"},\"image\":{\"@id\":\"https:\\\/\\\/investmentvisacn.com\\\/#\\\/schema\\\/logo\\\/image\\\/\"}}]}<\/script>\n<!-- \/ Yoast SEO plugin. -->","yoast_head_json":{"title":"Vanuatu Staatsb\u00fcrgerschaft - Investitionsvisum CN","robots":{"index":"index","follow":"follow","max-snippet":"max-snippet:-1","max-image-preview":"max-image-preview:large","max-video-preview":"max-video-preview:-1"},"canonical":"https:\/\/investmentvisacn.com\/de\/vanuatuische-staatsburgerschaft\/","og_locale":"de_DE","og_type":"article","og_title":"Vanuatu Citizenship - Investment Visa CN","og_description":"Overview of Vanuatu Citizenship by Investment Programme First launched in 2017, Citizenship by investment in Vanuatu is available to applicants who invest from $130,000 into a local development fund. Officially known as the Vanuatu \u201cDevelopment Support Programme\u201d (DSP), the programme offers one of the fastest citizenship and second passport programmes in the world and is [&hellip;]","og_url":"https:\/\/investmentvisacn.com\/de\/vanuatuische-staatsburgerschaft\/","og_site_name":"Investment Visa CN","article_modified_time":"2024-08-21T16:27:09+00:00","twitter_card":"summary_large_image","twitter_misc":{"Gesch\u00e4tzte Lesezeit":"6\u00a0Minuten"},"schema":{"@context":"https:\/\/schema.org","@graph":[{"@type":"WebPage","@id":"https:\/\/investmentvisacn.com\/vanuatu-citizenship\/","url":"https:\/\/investmentvisacn.com\/vanuatu-citizenship\/","name":"Vanuatu Staatsb\u00fcrgerschaft - Investitionsvisum CN","isPartOf":{"@id":"https:\/\/investmentvisacn.com\/#website"},"datePublished":"2024-08-13T21:16:35+00:00","dateModified":"2024-08-21T16:27:09+00:00","breadcrumb":{"@id":"https:\/\/investmentvisacn.com\/vanuatu-citizenship\/#breadcrumb"},"inLanguage":"de","potentialAction":[{"@type":"ReadAction","target":["https:\/\/investmentvisacn.com\/vanuatu-citizenship\/"]}]},{"@type":"BreadcrumbList","@id":"https:\/\/investmentvisacn.com\/vanuatu-citizenship\/#breadcrumb","itemListElement":[{"@type":"ListItem","position":1,"name":"Home","item":"https:\/\/investmentvisacn.com\/"},{"@type":"ListItem","position":2,"name":"Vanuatu Citizenship"}]},{"@type":"WebSite","@id":"https:\/\/investmentvisacn.com\/#website","url":"https:\/\/investmentvisacn.com\/","name":"Investitionsvisum CN","description":"Globale Investment- und Visa-L\u00f6sungen, denen Sie vertrauen k\u00f6nnen","publisher":{"@id":"https:\/\/investmentvisacn.com\/#organization"},"potentialAction":[{"@type":"SearchAction","target":{"@type":"EntryPoint","urlTemplate":"https:\/\/investmentvisacn.com\/?s={search_term_string}"},"query-input":{"@type":"PropertyValueSpecification","valueRequired":true,"valueName":"search_term_string"}}],"inLanguage":"de"},{"@type":"Organization","@id":"https:\/\/investmentvisacn.com\/#organization","name":"Investitionsvisum CN","url":"https:\/\/investmentvisacn.com\/","logo":{"@type":"ImageObject","inLanguage":"de","@id":"https:\/\/investmentvisacn.com\/#\/schema\/logo\/image\/","url":"https:\/\/investmentvisacn.com\/wp-content\/uploads\/2024\/08\/universalinvestmentvisa.png","contentUrl":"https:\/\/investmentvisacn.com\/wp-content\/uploads\/2024\/08\/universalinvestmentvisa.png","width":180,"height":60,"caption":"Investment Visa CN"},"image":{"@id":"https:\/\/investmentvisacn.com\/#\/schema\/logo\/image\/"}}]}},"_links":{"self":[{"href":"https:\/\/investmentvisacn.com\/de\/wp-json\/wp\/v2\/pages\/264","targetHints":{"allow":["GET"]}}],"collection":[{"href":"https:\/\/investmentvisacn.com\/de\/wp-json\/wp\/v2\/pages"}],"about":[{"href":"https:\/\/investmentvisacn.com\/de\/wp-json\/wp\/v2\/types\/page"}],"author":[{"embeddable":true,"href":"https:\/\/investmentvisacn.com\/de\/wp-json\/wp\/v2\/users\/1"}],"replies":[{"embeddable":true,"href":"https:\/\/investmentvisacn.com\/de\/wp-json\/wp\/v2\/comments?post=264"}],"version-history":[{"count":7,"href":"https:\/\/investmentvisacn.com\/de\/wp-json\/wp\/v2\/pages\/264\/revisions"}],"predecessor-version":[{"id":445,"href":"https:\/\/investmentvisacn.com\/de\/wp-json\/wp\/v2\/pages\/264\/revisions\/445"}],"wp:attachment":[{"href":"https:\/\/investmentvisacn.com\/de\/wp-json\/wp\/v2\/media?parent=264"}],"curies":[{"name":"wp","href":"https:\/\/api.w.org\/{rel}","templated":true}]}}