{"id":262,"date":"2024-08-13T21:15:39","date_gmt":"2024-08-13T21:15:39","guid":{"rendered":"https:\/\/universalinvestmentvisa.com\/?page_id=262"},"modified":"2024-08-24T16:45:51","modified_gmt":"2024-08-24T16:45:51","slug":"samoa-staatsburgerschaft","status":"publish","type":"page","link":"https:\/\/investmentvisacn.com\/de\/samoa-citizenship\/","title":{"rendered":"Samoa Staatsb\u00fcrgerschaft"},"content":{"rendered":"<h2 class=\"wp-block-heading\">Samoa Staatsb\u00fcrgerschaft durch Investition Programm<\/h2>\n\n\n\n<p>Samoa hat sein Programm \"Staatsb\u00fcrgerschaft durch Investitionen\" im Rahmen des Staatsb\u00fcrgerschaftsinvestitionsgesetzes und seiner Verordnungen 2016 eingef\u00fchrt. Dieses Programm wird vom Ministerium f\u00fcr Handel und Industrie in Samoa (MCIL) verwaltet. Die Antr\u00e4ge m\u00fcssen beim Ausschuss f\u00fcr Staatsb\u00fcrgerschaftsinvestitionen eingereicht werden. Das Staatsb\u00fcrgerschafts-Investitionsprogramm wurde am Dienstag, den 31. Januar 2017, offiziell eingef\u00fchrt.<\/p>\n\n\n\n<h2 class=\"wp-block-heading\">Samoa Visum \u00dcbersicht<\/h2>\n\n\n\n<p>Staatsb\u00fcrgerschaft durch Investition ist die Verleihung des Staatsb\u00fcrgerschaftsstatus an eine Einzelperson und ihre unmittelbaren Familienangeh\u00f6rigen nach einer bestimmten und quantifizierbaren Investition in Samoa. Dieses neue CBI-Programm bietet Einzelpersonen und ihren unmittelbaren Familienangeh\u00f6rigen eine zus\u00e4tzliche M\u00f6glichkeit, die samoanische Staatsb\u00fcrgerschaft durch Investitionen zu erhalten.<\/p>\n\n\n\n<p>Ausl\u00e4ndische Investoren und ihre Familienangeh\u00f6rigen k\u00f6nnen innerhalb von drei Monaten vor Ablauf der Daueraufenthaltsgenehmigung die samoanische Staatsb\u00fcrgerschaft beantragen.<\/p>\n\n\n\n<p>Samoa, offiziell der Unabh\u00e4ngige Staat Samoa und bis zum 4. Juli 1997 als Westsamoa bekannt, ist ein Land, das aus den beiden Hauptinseln Savai'i und Upolu und vier kleineren Inseln besteht, die die Landmassen umgeben. Die Hauptstadt ist Apia. Nach wiederholten Bem\u00fchungen der samoanischen Unabh\u00e4ngigkeitsbewegung wurde Samoa mit dem New Zealand Western Samoa Act 1961 vom 24. November 1961 die Unabh\u00e4ngigkeit gew\u00e4hrt, die am 1. Januar 1962 in Kraft trat,<\/p>\n\n\n\n<p>Westsamoa (Samoa) ist Mitglied des Commonwealth, hat 195.000 Einwohner und ein BIP von $1,1 Milliarden. Samoa liegt s\u00fcdlich des \u00c4quators, etwa auf halbem Weg zwischen Hawaii und Neuseeland, in der polynesischen Region des Pazifischen Ozeans. Die W\u00e4hrung des Landes ist der samoanische Tala, der von der Zentralbank von Samoa ausgegeben und reguliert wird. Der Tourismus ist ein expandierender Sektor, der inzwischen 25% des BIP ausmacht, und mehr als 100.000 Touristen besuchen das Land jedes Jahr. Samoa ist bekannt f\u00fcr Rugby, den Nationalsport.<\/p>\n\n\n\n<p class=\"has-text-align-center\"><a href=\"https:\/\/investmentvisacn.com\/de\/kontaktieren-sie-uns\/\"><strong>Kontakt-Berater<\/strong><\/a><\/p>\n\n\n\n<h2 class=\"wp-block-heading\">Samoa Goldenes Visum Vorteile<\/h2>\n\n\n\n<ul class=\"wp-block-list\">\n<li>Zweite Staatsb\u00fcrgerschaft und Reisepass eines kleinen, friedlichen Landes<\/li>\n\n\n\n<li>Visumfreies Reisen in 129 L\u00e4nder, darunter Kanada, Europa, Russland, Gro\u00dfbritannien, Irland<\/li>\n\n\n\n<li>Samoa hat den 40. besten Reisepass der Welt (Stand: 2018)<\/li>\n\n\n\n<li>Familie und Kinder haben Anspruch auf die lebenslange Staatsb\u00fcrgerschaft<\/li>\n\n\n\n<li>Investoren erhalten Daueraufenthalt, Staatsb\u00fcrgerschaft und Reisepass<\/li>\n\n\n\n<li>Minimale Anforderung, 15 Tage im Jahr im Land zu leben.<\/li>\n\n\n\n<li>Ein zweiter Reisepass kann visumfreies Reisen in L\u00e4nder erm\u00f6glichen, die im Geburtsland nicht m\u00f6glich sind.<\/li>\n\n\n\n<li>Steuerplanung f\u00fcr HNW-Personen<\/li>\n\n\n\n<li>Die Staatsb\u00fcrgerschaft und der Reisepass eines kleinen, friedlichen Landes werden von manchen als Schutz auf Reisen angesehen, insbesondere in Zeiten politischer Unruhen, des B\u00fcrgerkriegs, des Terrorismus und anderer Situationen.<\/li>\n\n\n\n<li>Staatsb\u00fcrgerschaft wird als alternative Investition in die Zukunft betrachtet<\/li>\n\n\n\n<li>Doppelte Staatsb\u00fcrgerschaft in Samoa erlaubt<\/li>\n<\/ul>\n\n\n\n<h2 class=\"wp-block-heading\">Schritte zur Anwendung<\/h2>\n\n\n\n<p>Der Ausschuss f\u00fcr \"Citizenship by Investment\" kann einen Antrag nur dann ber\u00fccksichtigen, wenn:<\/p>\n\n\n\n<ul class=\"wp-block-list\">\n<li>Die Geb\u00fchren f\u00fcr den Antrag und die Due-Diligence-Pr\u00fcfung wurden vollst\u00e4ndig bezahlt.<\/li>\n\n\n\n<li>Nachweis der Er\u00f6ffnung des Festgeldkontos und der Einzahlung auf dieses Konto von mindestens 70% (oder stattdessen eines vorgeschriebenen Prozentsatzes von mindestens 50%) der Investitionssumme<\/li>\n\n\n\n<li>Bericht \u00fcber Due-Diligence-Pr\u00fcfungen liegt vor<\/li>\n<\/ul>\n\n\n\n<h3 class=\"wp-block-heading\">Dauerhafter Aufenthalt und Staatsb\u00fcrgerschaft<\/h3>\n\n\n\n<p>Dem Investor und seinen Familienangeh\u00f6rigen kann auf Antrag eine befristete Aufenthaltsgenehmigung ausgestellt werden.<\/p>\n\n\n\n<p>Der Investor und seine Familienangeh\u00f6rigen haben Anspruch auf eine Daueraufenthaltsgenehmigung, die f\u00fcr drei (3) Jahre g\u00fcltig ist, wenn dem Antrag stattgegeben wird; diese Genehmigung unterliegt jedoch den folgenden Bedingungen<\/p>\n\n\n\n<p>a) Der Anleger kann jeden beliebigen Betrag vom Festgeldkonto abheben, um ihn im Einklang mit dem Anlageplan zu verwenden; der Anleger muss jedoch mindestens 15% des urspr\u00fcnglich auf dem Konto eingezahlten Betrags beibehalten.<br>b). Der Ausschuss kann w\u00e4hrend des Dreijahreszeitraums, in dem der Investor seinen st\u00e4ndigen Wohnsitz hat, den Fortschritt der qualifizierten Investition gem\u00e4\u00df dem Investitionsplan oder den Leitlinien oder nach eigenem Ermessen weiter \u00fcberpr\u00fcfen und \u00fcberwachen.<\/p>\n\n\n\n<p>Der Investor und seine Familienmitglieder sind berechtigt, innerhalb von drei (3) Monaten vor Ablauf der Daueraufenthaltsgenehmigung die samoanische Staatsb\u00fcrgerschaft zu beantragen, wenn der Investor a. (einschlie\u00dflich eines oder mehrerer Familienmitglieder) w\u00e4hrend der dreij\u00e4hrigen Dauer der Daueraufenthaltsgenehmigung mindestens 15 Tage pro Jahr in Samoa gewohnt hat und b. den Investitionsplan erf\u00fcllt hat.<\/p>\n\n\n\n<p>Der Investor (und die in den Antrag einbezogenen Familienmitglieder) werden vom Sekretariat (schriftlich) mindestens sechs Monate vor Ablauf der Daueraufenthaltsgenehmigung an die Fristen und den Zeitraum f\u00fcr die Beantragung der samoanischen Staatsb\u00fcrgerschaft erinnert. Der Investor kann jedoch eine Verl\u00e4ngerung seiner Daueraufenthaltsgenehmigung (einschlie\u00dflich aller Familienmitglieder) beantragen, wenn die Daueraufenthaltsgenehmigung abl\u00e4uft, bevor die Staatsb\u00fcrgerschaft erteilt wird.<\/p>\n\n\n\n<ul class=\"wp-block-list\">\n<li>Schritt 1<\/li>\n\n\n\n<li>Schritt 2<\/li>\n\n\n\n<li>Schritt 3<\/li>\n<\/ul>\n\n\n\n<h2 class=\"wp-block-heading\">Samoa Reisepass<\/h2>\n\n\n\n<p>Samoa hat den 40. besten Reisepass der Welt (Stand 2018) mit visafreiem Reisen in 129 L\u00e4nder, darunter Kanada, Europa, Russland, Gro\u00dfbritannien und Irland<\/p>","protected":false},"excerpt":{"rendered":"<p>Samoa Citizenship by Investment Program Samoa launched its citizenship by investment scheme under Citizenship Investment Act and its Regulations 2016. This scheme is administered by the Ministry of Commerce and Industry in Samoa (MCIL). Applications must be submitted to the Citizenship Investment Committee. The Citizenship Investment scheme was officially launched on Tuesday 31st January 2017 [&hellip;]<\/p>\n","protected":false},"author":1,"featured_media":0,"parent":0,"menu_order":0,"comment_status":"closed","ping_status":"closed","template":"","meta":{"footnotes":""},"class_list":["post-262","page","type-page","status-publish","hentry"],"yoast_head":"<!-- This site is optimized with the Yoast SEO plugin v27.3 - https:\/\/yoast.com\/product\/yoast-seo-wordpress\/ -->\n<title>Samoa Citizenship - Investment Visa CN<\/title>\n<meta name=\"robots\" content=\"index, follow, max-snippet:-1, max-image-preview:large, max-video-preview:-1\" \/>\n<link rel=\"canonical\" href=\"https:\/\/investmentvisacn.com\/de\/samoa-staatsburgerschaft\/\" \/>\n<meta property=\"og:locale\" content=\"de_DE\" \/>\n<meta property=\"og:type\" content=\"article\" \/>\n<meta property=\"og:title\" content=\"Samoa Citizenship - Investment Visa CN\" \/>\n<meta property=\"og:description\" content=\"Samoa Citizenship by Investment Program Samoa launched its citizenship by investment scheme under Citizenship Investment Act and its Regulations 2016. This scheme is administered by the Ministry of Commerce and Industry in Samoa (MCIL). Applications must be submitted to the Citizenship Investment Committee. The Citizenship Investment scheme was officially launched on Tuesday 31st January 2017 [&hellip;]\" \/>\n<meta property=\"og:url\" content=\"https:\/\/investmentvisacn.com\/de\/samoa-staatsburgerschaft\/\" \/>\n<meta property=\"og:site_name\" content=\"Investment Visa CN\" \/>\n<meta property=\"article:modified_time\" content=\"2024-08-24T16:45:51+00:00\" \/>\n<meta name=\"twitter:card\" content=\"summary_large_image\" \/>\n<meta name=\"twitter:label1\" content=\"Gesch\u00e4tzte Lesezeit\" \/>\n\t<meta name=\"twitter:data1\" content=\"4\u00a0Minuten\" \/>\n<script type=\"application\/ld+json\" class=\"yoast-schema-graph\">{\"@context\":\"https:\\\/\\\/schema.org\",\"@graph\":[{\"@type\":\"WebPage\",\"@id\":\"https:\\\/\\\/investmentvisacn.com\\\/samoa-citizenship\\\/\",\"url\":\"https:\\\/\\\/investmentvisacn.com\\\/samoa-citizenship\\\/\",\"name\":\"Samoa Citizenship - Investment Visa CN\",\"isPartOf\":{\"@id\":\"https:\\\/\\\/investmentvisacn.com\\\/#website\"},\"datePublished\":\"2024-08-13T21:15:39+00:00\",\"dateModified\":\"2024-08-24T16:45:51+00:00\",\"breadcrumb\":{\"@id\":\"https:\\\/\\\/investmentvisacn.com\\\/samoa-citizenship\\\/#breadcrumb\"},\"inLanguage\":\"de\",\"potentialAction\":[{\"@type\":\"ReadAction\",\"target\":[\"https:\\\/\\\/investmentvisacn.com\\\/samoa-citizenship\\\/\"]}]},{\"@type\":\"BreadcrumbList\",\"@id\":\"https:\\\/\\\/investmentvisacn.com\\\/samoa-citizenship\\\/#breadcrumb\",\"itemListElement\":[{\"@type\":\"ListItem\",\"position\":1,\"name\":\"Home\",\"item\":\"https:\\\/\\\/investmentvisacn.com\\\/\"},{\"@type\":\"ListItem\",\"position\":2,\"name\":\"Samoa Citizenship\"}]},{\"@type\":\"WebSite\",\"@id\":\"https:\\\/\\\/investmentvisacn.com\\\/#website\",\"url\":\"https:\\\/\\\/investmentvisacn.com\\\/\",\"name\":\"Investment Visa CN\",\"description\":\"Global Investment &amp; Visa Solutions You Can Trust\",\"publisher\":{\"@id\":\"https:\\\/\\\/investmentvisacn.com\\\/#organization\"},\"potentialAction\":[{\"@type\":\"SearchAction\",\"target\":{\"@type\":\"EntryPoint\",\"urlTemplate\":\"https:\\\/\\\/investmentvisacn.com\\\/?s={search_term_string}\"},\"query-input\":{\"@type\":\"PropertyValueSpecification\",\"valueRequired\":true,\"valueName\":\"search_term_string\"}}],\"inLanguage\":\"de\"},{\"@type\":\"Organization\",\"@id\":\"https:\\\/\\\/investmentvisacn.com\\\/#organization\",\"name\":\"Investment Visa CN\",\"url\":\"https:\\\/\\\/investmentvisacn.com\\\/\",\"logo\":{\"@type\":\"ImageObject\",\"inLanguage\":\"de\",\"@id\":\"https:\\\/\\\/investmentvisacn.com\\\/#\\\/schema\\\/logo\\\/image\\\/\",\"url\":\"https:\\\/\\\/investmentvisacn.com\\\/wp-content\\\/uploads\\\/2024\\\/08\\\/universalinvestmentvisa.png\",\"contentUrl\":\"https:\\\/\\\/investmentvisacn.com\\\/wp-content\\\/uploads\\\/2024\\\/08\\\/universalinvestmentvisa.png\",\"width\":180,\"height\":60,\"caption\":\"Investment Visa CN\"},\"image\":{\"@id\":\"https:\\\/\\\/investmentvisacn.com\\\/#\\\/schema\\\/logo\\\/image\\\/\"}}]}<\/script>\n<!-- \/ Yoast SEO plugin. -->","yoast_head_json":{"title":"Samoa Staatsb\u00fcrgerschaft - Investitionsvisum CN","robots":{"index":"index","follow":"follow","max-snippet":"max-snippet:-1","max-image-preview":"max-image-preview:large","max-video-preview":"max-video-preview:-1"},"canonical":"https:\/\/investmentvisacn.com\/de\/samoa-staatsburgerschaft\/","og_locale":"de_DE","og_type":"article","og_title":"Samoa Citizenship - Investment Visa CN","og_description":"Samoa Citizenship by Investment Program Samoa launched its citizenship by investment scheme under Citizenship Investment Act and its Regulations 2016. This scheme is administered by the Ministry of Commerce and Industry in Samoa (MCIL). Applications must be submitted to the Citizenship Investment Committee. The Citizenship Investment scheme was officially launched on Tuesday 31st January 2017 [&hellip;]","og_url":"https:\/\/investmentvisacn.com\/de\/samoa-staatsburgerschaft\/","og_site_name":"Investment Visa CN","article_modified_time":"2024-08-24T16:45:51+00:00","twitter_card":"summary_large_image","twitter_misc":{"Gesch\u00e4tzte Lesezeit":"4\u00a0Minuten"},"schema":{"@context":"https:\/\/schema.org","@graph":[{"@type":"WebPage","@id":"https:\/\/investmentvisacn.com\/samoa-citizenship\/","url":"https:\/\/investmentvisacn.com\/samoa-citizenship\/","name":"Samoa Staatsb\u00fcrgerschaft - Investitionsvisum CN","isPartOf":{"@id":"https:\/\/investmentvisacn.com\/#website"},"datePublished":"2024-08-13T21:15:39+00:00","dateModified":"2024-08-24T16:45:51+00:00","breadcrumb":{"@id":"https:\/\/investmentvisacn.com\/samoa-citizenship\/#breadcrumb"},"inLanguage":"de","potentialAction":[{"@type":"ReadAction","target":["https:\/\/investmentvisacn.com\/samoa-citizenship\/"]}]},{"@type":"BreadcrumbList","@id":"https:\/\/investmentvisacn.com\/samoa-citizenship\/#breadcrumb","itemListElement":[{"@type":"ListItem","position":1,"name":"Home","item":"https:\/\/investmentvisacn.com\/"},{"@type":"ListItem","position":2,"name":"Samoa Citizenship"}]},{"@type":"WebSite","@id":"https:\/\/investmentvisacn.com\/#website","url":"https:\/\/investmentvisacn.com\/","name":"Investitionsvisum CN","description":"Globale Investment- und Visa-L\u00f6sungen, denen Sie vertrauen k\u00f6nnen","publisher":{"@id":"https:\/\/investmentvisacn.com\/#organization"},"potentialAction":[{"@type":"SearchAction","target":{"@type":"EntryPoint","urlTemplate":"https:\/\/investmentvisacn.com\/?s={search_term_string}"},"query-input":{"@type":"PropertyValueSpecification","valueRequired":true,"valueName":"search_term_string"}}],"inLanguage":"de"},{"@type":"Organization","@id":"https:\/\/investmentvisacn.com\/#organization","name":"Investitionsvisum CN","url":"https:\/\/investmentvisacn.com\/","logo":{"@type":"ImageObject","inLanguage":"de","@id":"https:\/\/investmentvisacn.com\/#\/schema\/logo\/image\/","url":"https:\/\/investmentvisacn.com\/wp-content\/uploads\/2024\/08\/universalinvestmentvisa.png","contentUrl":"https:\/\/investmentvisacn.com\/wp-content\/uploads\/2024\/08\/universalinvestmentvisa.png","width":180,"height":60,"caption":"Investment Visa CN"},"image":{"@id":"https:\/\/investmentvisacn.com\/#\/schema\/logo\/image\/"}}]}},"_links":{"self":[{"href":"https:\/\/investmentvisacn.com\/de\/wp-json\/wp\/v2\/pages\/262","targetHints":{"allow":["GET"]}}],"collection":[{"href":"https:\/\/investmentvisacn.com\/de\/wp-json\/wp\/v2\/pages"}],"about":[{"href":"https:\/\/investmentvisacn.com\/de\/wp-json\/wp\/v2\/types\/page"}],"author":[{"embeddable":true,"href":"https:\/\/investmentvisacn.com\/de\/wp-json\/wp\/v2\/users\/1"}],"replies":[{"embeddable":true,"href":"https:\/\/investmentvisacn.com\/de\/wp-json\/wp\/v2\/comments?post=262"}],"version-history":[{"count":2,"href":"https:\/\/investmentvisacn.com\/de\/wp-json\/wp\/v2\/pages\/262\/revisions"}],"predecessor-version":[{"id":557,"href":"https:\/\/investmentvisacn.com\/de\/wp-json\/wp\/v2\/pages\/262\/revisions\/557"}],"wp:attachment":[{"href":"https:\/\/investmentvisacn.com\/de\/wp-json\/wp\/v2\/media?parent=262"}],"curies":[{"name":"wp","href":"https:\/\/api.w.org\/{rel}","templated":true}]}}