{"id":256,"date":"2024-08-13T21:10:46","date_gmt":"2024-08-13T21:10:46","guid":{"rendered":"https:\/\/universalinvestmentvisa.com\/?page_id=256"},"modified":"2024-09-11T14:36:28","modified_gmt":"2024-09-11T14:36:28","slug":"antigua-und-barbuda-staatsburgerschaft-durch-investition","status":"publish","type":"page","link":"https:\/\/investmentvisacn.com\/de\/antigua-and-barbuda-citizenship-by-investment\/","title":{"rendered":"Antigua und Barbuda Staatsb\u00fcrgerschaft durch Investition"},"content":{"rendered":"<h3 class=\"wp-block-heading\">\u00dcberblick \u00fcber das Programm \"Staatsb\u00fcrgerschaft durch Investition\" von Antigua und Barbuda<\/h3>\n\n\n\n<p>Das Programm \u201dStaatsb\u00fcrgerschaft durch Investitionen\u201d wurde von der Regierung von Antigua und Barbuda erstmals 2013 aufgelegt. Das Programm hilft Antigua, ausl\u00e4ndische Direktinvestitionen ins Land zu holen, das Wirtschaftswachstum im ganzen Land anzukurbeln und wichtige gemeinschaftsorientierte Projekte und Infrastruktur zu finanzieren. Verm\u00f6gende Privatpersonen und ihre Familien aus der ganzen Welt bewerben sich f\u00fcr das Programm, um ihre universelle Mobilit\u00e4t zu erh\u00f6hen und einen \"Plan B\" zu erhalten. Erfolgreiche Antragsteller erhalten die antiguanische Staatsb\u00fcrgerschaft und einen Reisepass, mit dem sie visumfrei in mehr als 161 L\u00e4nder weltweit reisen k\u00f6nnen.<\/p>\n\n\n\n<h3 class=\"wp-block-heading\">Wie man die Staatsb\u00fcrgerschaft von Antigua durch Investitionen erh\u00e4lt<\/h3>\n\n\n\n<p>Das Programm \"Staatsb\u00fcrgerschaft durch Investition\" f\u00fcr Antigua und Barbuda bietet Investoren einen zweiten Reisepass, mit dem sie visumfrei in \u00fcber 161 L\u00e4nder reisen k\u00f6nnen, darunter das Vereinigte K\u00f6nigreich, die EU-Schengen-Zone, Hongkong und die Schweiz. Es gibt mehrere M\u00f6glichkeiten f\u00fcr Investitionen, um die Staatsb\u00fcrgerschaft in Antigua zu erhalten. Investoren k\u00f6nnen entweder $230.000 in den Antigua National Development Fund einzahlen oder $325.0000 in ein von der Regierung genehmigtes Immobilienprojekt investieren. F\u00fcr verbundene Investoren kann dieser Betrag auf $200.000 reduziert werden. Antragsteller haben auch die M\u00f6glichkeit, $1,5 Mio. in die Gr\u00fcndung eines Unternehmens zu investieren ($5,0 Mio. f\u00fcr zwei oder mehr Investoren).<\/p>\n\n\n\n<p>Von $230.000 Spende<\/p>\n\n\n\n<p>Von $325,0000 Immobilien<\/p>\n\n\n\n<p>Kosteneffiziente Familie<\/p>\n\n\n\n<p>Antigua und Barbuda Staatsb\u00fcrgerschaft<\/p>\n\n\n\n<p>Antigua Visumfreies Reisen 161 L\u00e4nder<\/p>\n\n\n\n<h2 class=\"wp-block-heading\">Antigua Staatsb\u00fcrgerschaft durch Investition Anforderungen<\/h2>\n\n\n\n<p>Neben der notwendigen Investition oder Spende gibt es mehrere Voraussetzungen, die Bewerber erf\u00fcllen m\u00fcssen, wenn sie sich f\u00fcr das Staatsb\u00fcrgerschaftsprogramm von Antigua und Barbuda bewerben.<\/p>\n\n\n\n<h2 class=\"wp-block-heading\">Anforderungen an die Familie<\/h2>\n\n\n\n<p>Familienmitglieder k\u00f6nnen in den Antrag auf Staatsb\u00fcrgerschaft einbezogen werden. Der Hauptinvestor kann sein:<\/p>\n\n\n\n<ul class=\"wp-block-list\">\n<li>Ehegatte.<\/li>\n\n\n\n<li>Unterhaltsberechtigte Kinder bis zu 30 Jahren.<\/li>\n\n\n\n<li>Unterhaltsberechtigte Eltern \u00fcber 55 Jahre des Hauptantragstellers oder seines Ehegatten.<\/li>\n\n\n\n<li>Unverheiratete Geschwister des Hauptantragstellers oder seines Ehegatten.<\/li>\n<\/ul>\n\n\n\n<h2 class=\"wp-block-heading\">Anforderungen an die Sorgfaltspflicht<\/h2>\n\n\n\n<p>Alle Antragsteller m\u00fcssen einen guten Leumund haben und die von der Regierung vorgeschriebene Due-Diligence-Pr\u00fcfung durchlaufen: Die Investoren m\u00fcssen Folgendes vorlegen<\/p>\n\n\n\n<ul class=\"wp-block-list\">\n<li>Polizeiberichte - Nachweis eines sauberen Strafregisters.<\/li>\n\n\n\n<li>Sie haben keine ausstehenden Visumverweigerungen.<\/li>\n\n\n\n<li>Verschiedene Unterlagen, einschlie\u00dflich Finanzdokumente, Besch\u00e4ftigungs-\/Gesch\u00e4ftsdokumente, Ausweis, Adressnachweis.<\/li>\n<\/ul>\n\n\n\n<h2 class=\"wp-block-heading\">Anforderungen an den Mindestaufenthalt<\/h2>\n\n\n\n<p>Sobald ein Antragsteller die Staatsb\u00fcrgerschaft Antiguas erhalten hat, muss er sich innerhalb der ersten f\u00fcnf Jahre mindestens f\u00fcnf Tage in Antigua aufhalten. B\u00fcrger von Antigua und Barbuda haben das Recht, in Antigua zu leben, zu arbeiten oder zu studieren, wenn sie dies w\u00fcnschen. Es ist kein Vorstellungsgespr\u00e4ch oder Sprachtest erforderlich, und der gesamte Antrag kann aus der Ferne ausgef\u00fcllt werden.<\/p>\n\n\n\n<ul class=\"wp-block-list\">\n<li>Guter Charakter<br>- Sauberes Strafregister<br>- Keine Ablehnung von Visa<\/li>\n<\/ul>\n\n\n\n<ul class=\"wp-block-list\">\n<li>Ganze Familie einbeziehen<br>- Unterhaltsberechtigte Eltern 55y +<br>- Unterhaltsberechtigte Kinder bis 30 Jahre<br>- Geschwister, unverheiratet<\/li>\n<\/ul>\n\n\n\n<ul class=\"wp-block-list\">\n<li>Kein Mindestaufenthalt<br>- Kein Interview<br>- Kein Sprachtest<\/li>\n<\/ul>\n\n\n\n<ul class=\"wp-block-list\">\n<li>Antragsteller-ID<br>- Nachweis der Mittel<br>- Geburts-\/Heiratsurkunden<br>- Finanzielle Aufzeichnungen<\/li>\n<\/ul>\n\n\n\n<ul class=\"wp-block-list\">\n<li><\/li>\n<\/ul>\n\n\n\n<p class=\"has-text-align-center\"><a href=\"https:\/\/investmentvisacn.com\/de\/kontaktieren-sie-uns\/\">Los geht's<\/a><\/p>\n\n\n\n<h2 class=\"wp-block-heading\">Wie viel kostet das Programm \"Staatsb\u00fcrgerschaft durch Investition\" in Antigua?<\/h2>\n\n\n\n<h3 class=\"wp-block-heading\">Antigua Staatsb\u00fcrgerschaft durch Spende - Nationaler Entwicklungsfonds<\/h3>\n\n\n\n<p>Der kosteng\u00fcnstigste Weg, die antiguanische Staatsb\u00fcrgerschaft zu erhalten, ist eine Spende an den Nationalen Entwicklungsfonds des Landes. Die erforderliche Mindestinvestition betr\u00e4gt $230.000 f\u00fcr einen einzelnen Antragsteller, $100.000 f\u00fcr Familien mit bis zu vier Mitgliedern und $125.000 f\u00fcr Familien mit f\u00fcnf Mitgliedern, zuz\u00fcglich Geb\u00fchren. Dies ist eines der g\u00fcnstigsten Staatsb\u00fcrgerschaftsprogramme f\u00fcr Familien in der Karibik. Zus\u00e4tzliche Sorgfalts- und Bearbeitungsgeb\u00fchren fallen ebenfalls an und variieren je nach Alter des Antragstellers und der Gr\u00f6\u00dfe seiner Familie.<\/p>\n\n\n\n<h3 class=\"wp-block-heading\">Antigua-Staatsb\u00fcrgerschaft durch Spende - Der Fonds der Universit\u00e4t der Westindischen Inseln<\/h3>\n\n\n\n<p>Der University of the West Indies Fund ist eine alternative Spendenm\u00f6glichkeit, die gr\u00f6\u00dferen Familien mit sechs oder mehr Mitgliedern offensteht. Sechsk\u00f6pfige Familien k\u00f6nnen einen Beitrag zu diesem Fonds von $150.000, zuz\u00fcglich Geb\u00fchren, leisten. Der Fonds leistet einen wichtigen Beitrag zur Finanzierung des vierten Campus der Universit\u00e4t. Die Teilnahme an diesem Programm berechtigt ein Mitglied der Familie zu einem einj\u00e4hrigen Stipendium an der University of the West Indies, das nur die Studiengeb\u00fchren beinhaltet. Die Bewerber haben f\u00fcnf Jahre Zeit, um das Stipendium in Anspruch zu nehmen. Das ist vor allem dann von Vorteil, wenn Ihr Kind noch nicht im Universit\u00e4tsalter ist, Sie aber mit dem Einb\u00fcrgerungsprozess beginnen m\u00f6chten.<\/p>\n\n\n\n<h3 class=\"wp-block-heading\">Antigua Staatsb\u00fcrgerschaft durch Immobilieninvestitionen<\/h3>\n\n\n\n<p>F\u00fcr den Immobilienweg m\u00fcssen die Antragsteller in ein von der Regierung genehmigtes Immobilienprojekt f\u00fcr mindestens $400.000, zuz\u00fcglich Geb\u00fchren, investieren. Diese Investition kann auf $200.000 f\u00fcr Aktieninvestitionen in bestimmte Immobilienprojekte reduziert werden. Die Investition muss mindestens f\u00fcnf Jahre lang gehalten werden, danach kann sie liquidiert werden.<\/p>\n\n\n\n<h3 class=\"wp-block-heading\">Wie lange dauert es, die Staatsb\u00fcrgerschaft durch Investition in Antigua zu erhalten?<\/h3>\n\n\n\n<p>Die Bearbeitung von Antigua-Antr\u00e4gen f\u00fcr das Programm \"Staatsb\u00fcrgerschaft durch Investition\" dauert in der Regel 3-4 Monate ab dem Datum, an dem die Akte des Antragstellers bei Antiguas Citizenship by Investment Unit (CIU) eingereicht wird. Die meisten Antragsteller ben\u00f6tigen durchschnittlich&nbsp;<strong>2-6 Wochen<\/strong>&nbsp;um alle Unterlagen zusammenzustellen. Das hauseigene Bearbeitungsteam von Universal Investment Visa unterst\u00fctzt die Antragsteller bei diesem gesamten Prozess, und der Antrag kann aus der Ferne eingereicht werden, ohne dass eine Reise erforderlich ist.<\/p>\n\n\n\n<p><strong>Universal investment visa ist ein autorisierter Vertreter (Lizenz Nr. AB13092018) f\u00fcr das Programm von Antigua und Barbuda und wir k\u00f6nnen jedem potenziellen Bewerber, der \u00fcber unser Unternehmen arbeiten m\u00f6chte, eine Kopie unserer Ernennungsurkunde von der Regierung vorlegen.<\/strong><\/p>\n\n\n\n<h3 class=\"wp-block-heading\">Wie man die Staatsb\u00fcrgerschaft von Antigua durch Investition erh\u00e4lt<\/h3>\n\n\n\n<p>Stufe1<\/p>\n\n\n\n<hr class=\"wp-block-separator has-alpha-channel-opacity\"\/>\n\n\n\n<p>Buchen Sie ein kostenloses Beratungsgespr\u00e4ch mit dem Expertenteam von Universal Investment Visa, um zu entscheiden, welches Programm und welcher Investitionsweg f\u00fcr Sie und Ihre Familie am besten geeignet ist. Unsere erfahrenen Berater werden Ihnen ein individuelles Angebot unterbreiten, das alle anfallenden Geb\u00fchren abdeckt. Sie werden Sie beraten und Sie durch den gesamten Prozess im Detail f\u00fchren.<\/p>\n\n\n\n<hr class=\"wp-block-separator has-alpha-channel-opacity\"\/>\n\n\n\n<p>Stufe2<\/p>\n\n\n\n<p>Bevor Sie sich festlegen, f\u00fchrt Universal Investment Visa eine Hintergrundpr\u00fcfung durch, um sicherzustellen, dass Ihr Antrag wahrscheinlich erfolgreich ist. Sobald diese Pr\u00fcfung abgeschlossen ist und Sie mit dem weiteren Vorgehen einverstanden sind, k\u00f6nnen Sie das Verfahren offiziell einleiten, indem Sie unsere Vereinbarung mit dem Kundenbetreuer unterzeichnen und die Kaution f\u00fcr den Vorantrag bezahlen.<\/p>\n\n\n\n<hr class=\"wp-block-separator has-alpha-channel-opacity\"\/>\n\n\n\n<p>Stufe 3<\/p>\n\n\n\n<p>Das interne Bearbeitungsteam von Universal Investment Visa wird eng mit Ihnen zusammenarbeiten, um Ihren Antrag vorzubereiten. Sobald Ihr Dossier vollst\u00e4ndig zusammengestellt ist, wird unser Team Ihren Antrag bei Antiguas Citizenship by Investment Unit einreichen. In diesem Stadium werden Regierungsgeb\u00fchren f\u00e4llig. Ab diesem Zeitpunkt dauert die Bearbeitung der Antr\u00e4ge durchschnittlich 60-90 Tage.<\/p>\n\n\n\n<hr class=\"wp-block-separator has-alpha-channel-opacity\"\/>\n\n\n\n<p>Stufe4<\/p>\n\n\n\n<p>Nachdem die Antigua and Barbuda Citizenship Unit Ihren Antrag umfassend gepr\u00fcft und analysiert hat, wird ein Genehmigungsschreiben der Regierung ausgestellt und Sie werden aufgefordert, die letzte Zahlung zu leisten. Der Reisepass wird innerhalb von etwa einem Monat ausgestellt und per Einschreiben an Sie versandt.<\/p>\n\n\n\n<hr class=\"wp-block-separator has-alpha-channel-opacity\"\/>\n\n\n\n<h3 class=\"wp-block-heading\">Vorteile von Antiguas Programm \"Staatsb\u00fcrgerschaft durch Investition<\/h3>\n\n\n\n<p>Sobald Investoren die antiguanische Staatsb\u00fcrgerschaft erhalten haben, wird ihnen ein Reisepass f\u00fcr Antigua und Barbuda ausgestellt. Inhaber eines antiguanischen Reisepasses profitieren von der visafreien Einreise in 161 L\u00e4nder und Gebiete weltweit gem\u00e4\u00df dem Universal Investment Visa's Unique&nbsp;<a href=\"https:\/\/investmentvisacn.com\/de\/programm-fur-hochwertige-wohnheime-in-jersey\/\" data-type=\"page\" data-id=\"515\">Reisepass Investitionsbericht<\/a>. Dies entspricht mehr als einem Drittel des weltweiten BIP und \u00fcber 70% der weltweiten Reiselust. Inhaber eines Antigua-Passes haben visafreien Zugang zur Schengen-Zone der EU, zum Vereinigten K\u00f6nigreich, zu Hongkong, Singapur und anderen L\u00e4ndern.<\/p>\n\n\n\n<p>Lesen Sie mehr in unserem Antigua Passport Investment Report.<\/p>\n\n\n\n<ul class=\"wp-block-list\">\n<li>Sicherheit eines Plan-B-Passes<\/li>\n\n\n\n<li>Visumfreies Reisen in 161 L\u00e4nder und Gebiete weltweit<\/li>\n\n\n\n<li>Leben, Arbeiten und Studieren in Antigua und anderen CARICOM-Staaten<\/li>\n\n\n\n<li>Diversifizieren Sie Ihr Verm\u00f6gen au\u00dferhalb Ihrer derzeitigen Region<\/li>\n\n\n\n<li>Keine Verpflichtung, nach Erhalt der Staatsb\u00fcrgerschaft nach Antigua umzuziehen<\/li>\n\n\n\n<li>Kein Interviewprozess<\/li>\n\n\n\n<li>Steuerfreie Anreize f\u00fcr den Wohnsitz<\/li>\n<\/ul>\n\n\n\n<h4 class=\"wp-block-heading\">Vorteile eines zus\u00e4tzlichen Passes f\u00fcr Antigua und Barbuda<\/h4>\n\n\n\n<p>Wenn Sie in eine zweite Staatsb\u00fcrgerschaft und einen zweiten Reisepass investieren, ist es wichtig, genau zu wissen, wie Ihr bisheriger Reisepass zusammengesetzt ist, um weltweit visumfreien Zugang zu erm\u00f6glichen. Dabei geht es nicht nur um die Anzahl der visumfreien Reiseziele, sondern auch um die Bedeutung und Beliebtheit dieser Reiseziele. Nur Universal investment visa bietet eine solch umfassende Analyse f\u00fcr den Antigua-Pass und f\u00fcr P\u00e4sse anderer L\u00e4nder.&nbsp;<a href=\"https:\/\/investmentvisacn.com\/de\/staatsburgerschaft\/\" data-type=\"page\" data-id=\"375\">Investitionsprogramme f\u00fcr die B\u00fcrgerschaft<\/a>&nbsp;durch den Einsatz ausgefeilter Ma\u00dfnahmen, die f\u00fcr Gesch\u00e4fts- und Urlaubsreisen entwickelt wurden. Kontaktieren Sie uns und sprechen Sie mit einem unserer Berater, um Ihren kostenlosen Bericht zu erhalten, der auf Ihre bestehende Staatsb\u00fcrgerschaft und Ihren Pass zugeschnitten ist.<\/p>\n\n\n\n<h4 class=\"wp-block-heading\">Immobilien kaufen Antigua<\/h4>\n\n\n\n<p>Die in der Karibik gelegenen Inseln Antigua und Barbuda sind ein tropisches Paradies mit herrlichen Str\u00e4nden, kristallklarem blauem Wasser und ganzj\u00e4hrig warmen Temperaturen. Mit seinen vielen Vorteilen f\u00fcr Investoren kann der Kauf von Immobilien auf Antigua eine gute Option f\u00fcr diejenigen sein, die entweder eine langfristige Investition t\u00e4tigen oder einfach ein Ferienhaus kaufen m\u00f6chten. Antigua bietet einige der sch\u00f6nsten Landschaften und Ausblicke in der Karibik, eine florierende Wirtschaft und Zugang zu Annehmlichkeiten wie Golfpl\u00e4tzen, Yachth\u00e4fen und einer Reihe von Luxusresorts. Bitte kontaktieren Sie uns f\u00fcr weitere Details zu den verf\u00fcgbaren Optionen.<\/p>\n\n\n\n<h4 class=\"wp-block-heading\">Warum eine zweite Staatsb\u00fcrgerschaft durch Investition?<\/h4>\n\n\n\n<p>F\u00fcr diejenigen, die mehr Freiheit genie\u00dfen m\u00f6chten, bietet eine zweite Staatsb\u00fcrgerschaft durch Investitionen einen Weg zu einem zweiten Reisepass und mehr visafreien Reisem\u00f6glichkeiten. Diejenigen, die sich um einen zweiten Pass bem\u00fchen, tun dies oft mit dem Ziel, neue Gesch\u00e4ftsm\u00f6glichkeiten, gr\u00f6\u00dfere Mobilit\u00e4t und finanzielle Freiheit zu erlangen, und die Vorteile eines zweiten Passes durch Investitionen k\u00f6nnen zahlreich sein. Dies macht die zweite Staatsb\u00fcrgerschaft durch Investitionen zu einer attraktiven Option f\u00fcr viele Menschen.<\/p>\n\n\n\n<h4 class=\"wp-block-heading\">Zweite Staatsb\u00fcrgerschaft durch Investitionsvorteile<\/h4>\n\n\n\n<ul class=\"wp-block-list\">\n<li>Die zweite Staatsb\u00fcrgerschaft kann den visumfreien Zugang zu zahlreichen L\u00e4ndern erm\u00f6glichen. Je nach dem Land, f\u00fcr das Sie sich entscheiden, k\u00f6nnte dies die M\u00f6glichkeit er\u00f6ffnen, im Ausland zu arbeiten und zu leben, ohne Einschr\u00e4nkungen oder Verz\u00f6gerungen durch langwierige Visumverfahren.<\/li>\n\n\n\n<li>Die doppelte Staatsb\u00fcrgerschaft kann Ihnen bestimmte Steuervorteile, zus\u00e4tzliche wirtschaftliche und politische Freiheiten sowie mehr Sicherheit f\u00fcr Ihre Familienangeh\u00f6rigen bieten.<\/li>\n\n\n\n<li>Staatsb\u00fcrgerschaft durch Investitionen erm\u00f6glicht neue Gesch\u00e4ftsm\u00f6glichkeiten und Entwicklung.<\/li>\n\n\n\n<li>Die zweite Staatsb\u00fcrgerschaft gew\u00e4hrt Ihnen vollen Zugang zu einem neuen Gebiet der Welt und erm\u00f6glicht es Ihnen, in verschiedene Kulturen und Umgebungen einzutauchen.<\/li>\n\n\n\n<li>Einige Programme zeichnen sich durch schnelle Bearbeitungszeiten aus, so dass Sie Ihre zweite Staatsb\u00fcrgerschaft je nach Land in nur 3 Monaten erhalten k\u00f6nnen.<\/li>\n<\/ul>\n\n\n\n<h4 class=\"wp-block-heading\">Staatsb\u00fcrgerschaft durch Immobilieninvestitionen<\/h4>\n\n\n\n<p>Einige L\u00e4nder wie z.B.&nbsp;<a href=\"https:\/\/investmentvisacn.com\/de\/dominica-staatsburgerschaft-durch-investition-programm\/\" data-type=\"post\" data-id=\"254\">Dominica<\/a>&nbsp;und&nbsp;<a href=\"https:\/\/investmentvisacn.com\/de\/staatsangehorigkeit-von-grenada\/\" data-type=\"page\" data-id=\"369\">Grenada<\/a>&nbsp;erlauben Immobilieninvestitionen in staatlich genehmigte Projekte als Option f\u00fcr den Erwerb der Staatsb\u00fcrgerschaft. Nachfolgend finden Sie eine Auswahl der besten Optionen, die angeboten werden.<\/p>\n\n\n\n<h4 class=\"wp-block-heading\">Staatsb\u00fcrgerschaft durch Immobilieninvestitionen<\/h4>\n\n\n\n<p>Die in der Karibik gelegenen Inseln Antigua und Barbuda sind ein tropisches Paradies mit herrlichen Str\u00e4nden, kristallklarem blauem Wasser und ganzj\u00e4hrig warmen Temperaturen. Mit seinen vielen Vorteilen f\u00fcr Investoren kann der Kauf von Immobilien auf Antigua eine gute Option f\u00fcr diejenigen sein, die entweder eine langfristige Investition t\u00e4tigen oder einfach ein Ferienhaus kaufen m\u00f6chten. Antigua bietet einige der sch\u00f6nsten Landschaften und Ausblicke in der Karibik, eine florierende Wirtschaft und Zugang zu Annehmlichkeiten wie Golfpl\u00e4tzen, Yachth\u00e4fen und einer Reihe von Luxusresorts. Bitte kontaktieren Sie uns f\u00fcr weitere Details zu den verf\u00fcgbaren Optionen.<\/p>","protected":false},"excerpt":{"rendered":"<p>Overview of Antigua and Barbuda\u2019s Citizenship by Investment Programme Antigua and Barbuda\u2019s Citizenship by Investment programme was first launched by the government in 2013. The programme helps Antigua attract direct foreign investment to the country, boosting economic growth across the nation and fund key community-focused projects and infrastructure. High-net-worth individuals and their families from all [&hellip;]<\/p>\n","protected":false},"author":1,"featured_media":0,"parent":0,"menu_order":0,"comment_status":"closed","ping_status":"closed","template":"","meta":{"footnotes":""},"class_list":["post-256","page","type-page","status-publish","hentry"],"yoast_head":"<!-- This site is optimized with the Yoast SEO plugin v27.3 - https:\/\/yoast.com\/product\/yoast-seo-wordpress\/ -->\n<title>Antigua and Barbuda Citizenship by Investment - Investment Visa CN<\/title>\n<meta name=\"robots\" content=\"index, follow, max-snippet:-1, max-image-preview:large, max-video-preview:-1\" \/>\n<link rel=\"canonical\" href=\"https:\/\/investmentvisacn.com\/de\/antigua-und-barbuda-staatsburgerschaft-durch-investition\/\" \/>\n<meta property=\"og:locale\" content=\"de_DE\" \/>\n<meta property=\"og:type\" content=\"article\" \/>\n<meta property=\"og:title\" content=\"Antigua and Barbuda Citizenship by Investment - Investment Visa CN\" \/>\n<meta property=\"og:description\" content=\"Overview of Antigua and Barbuda\u2019s Citizenship by Investment Programme Antigua and Barbuda\u2019s Citizenship by Investment programme was first launched by the government in 2013. The programme helps Antigua attract direct foreign investment to the country, boosting economic growth across the nation and fund key community-focused projects and infrastructure. High-net-worth individuals and their families from all [&hellip;]\" \/>\n<meta property=\"og:url\" content=\"https:\/\/investmentvisacn.com\/de\/antigua-und-barbuda-staatsburgerschaft-durch-investition\/\" \/>\n<meta property=\"og:site_name\" content=\"Investment Visa CN\" \/>\n<meta property=\"article:modified_time\" content=\"2024-09-11T14:36:28+00:00\" \/>\n<meta name=\"twitter:card\" content=\"summary_large_image\" \/>\n<meta name=\"twitter:label1\" content=\"Gesch\u00e4tzte Lesezeit\" \/>\n\t<meta name=\"twitter:data1\" content=\"9\u00a0Minuten\" \/>\n<script type=\"application\/ld+json\" class=\"yoast-schema-graph\">{\"@context\":\"https:\\\/\\\/schema.org\",\"@graph\":[{\"@type\":\"WebPage\",\"@id\":\"https:\\\/\\\/investmentvisacn.com\\\/antigua-and-barbuda-citizenship-by-investment\\\/\",\"url\":\"https:\\\/\\\/investmentvisacn.com\\\/antigua-and-barbuda-citizenship-by-investment\\\/\",\"name\":\"Antigua and Barbuda Citizenship by Investment - Investment Visa CN\",\"isPartOf\":{\"@id\":\"https:\\\/\\\/investmentvisacn.com\\\/#website\"},\"datePublished\":\"2024-08-13T21:10:46+00:00\",\"dateModified\":\"2024-09-11T14:36:28+00:00\",\"breadcrumb\":{\"@id\":\"https:\\\/\\\/investmentvisacn.com\\\/antigua-and-barbuda-citizenship-by-investment\\\/#breadcrumb\"},\"inLanguage\":\"de\",\"potentialAction\":[{\"@type\":\"ReadAction\",\"target\":[\"https:\\\/\\\/investmentvisacn.com\\\/antigua-and-barbuda-citizenship-by-investment\\\/\"]}]},{\"@type\":\"BreadcrumbList\",\"@id\":\"https:\\\/\\\/investmentvisacn.com\\\/antigua-and-barbuda-citizenship-by-investment\\\/#breadcrumb\",\"itemListElement\":[{\"@type\":\"ListItem\",\"position\":1,\"name\":\"Home\",\"item\":\"https:\\\/\\\/investmentvisacn.com\\\/\"},{\"@type\":\"ListItem\",\"position\":2,\"name\":\"Antigua and Barbuda Citizenship by Investment\"}]},{\"@type\":\"WebSite\",\"@id\":\"https:\\\/\\\/investmentvisacn.com\\\/#website\",\"url\":\"https:\\\/\\\/investmentvisacn.com\\\/\",\"name\":\"Investment Visa CN\",\"description\":\"Global Investment &amp; Visa Solutions You Can Trust\",\"publisher\":{\"@id\":\"https:\\\/\\\/investmentvisacn.com\\\/#organization\"},\"potentialAction\":[{\"@type\":\"SearchAction\",\"target\":{\"@type\":\"EntryPoint\",\"urlTemplate\":\"https:\\\/\\\/investmentvisacn.com\\\/?s={search_term_string}\"},\"query-input\":{\"@type\":\"PropertyValueSpecification\",\"valueRequired\":true,\"valueName\":\"search_term_string\"}}],\"inLanguage\":\"de\"},{\"@type\":\"Organization\",\"@id\":\"https:\\\/\\\/investmentvisacn.com\\\/#organization\",\"name\":\"Investment Visa CN\",\"url\":\"https:\\\/\\\/investmentvisacn.com\\\/\",\"logo\":{\"@type\":\"ImageObject\",\"inLanguage\":\"de\",\"@id\":\"https:\\\/\\\/investmentvisacn.com\\\/#\\\/schema\\\/logo\\\/image\\\/\",\"url\":\"https:\\\/\\\/investmentvisacn.com\\\/wp-content\\\/uploads\\\/2024\\\/08\\\/universalinvestmentvisa.png\",\"contentUrl\":\"https:\\\/\\\/investmentvisacn.com\\\/wp-content\\\/uploads\\\/2024\\\/08\\\/universalinvestmentvisa.png\",\"width\":180,\"height\":60,\"caption\":\"Investment Visa CN\"},\"image\":{\"@id\":\"https:\\\/\\\/investmentvisacn.com\\\/#\\\/schema\\\/logo\\\/image\\\/\"}}]}<\/script>\n<!-- \/ Yoast SEO plugin. -->","yoast_head_json":{"title":"Antigua und Barbuda Staatsb\u00fcrgerschaft durch Investition - Investitionsvisum CN","robots":{"index":"index","follow":"follow","max-snippet":"max-snippet:-1","max-image-preview":"max-image-preview:large","max-video-preview":"max-video-preview:-1"},"canonical":"https:\/\/investmentvisacn.com\/de\/antigua-und-barbuda-staatsburgerschaft-durch-investition\/","og_locale":"de_DE","og_type":"article","og_title":"Antigua and Barbuda Citizenship by Investment - Investment Visa CN","og_description":"Overview of Antigua and Barbuda\u2019s Citizenship by Investment Programme Antigua and Barbuda\u2019s Citizenship by Investment programme was first launched by the government in 2013. The programme helps Antigua attract direct foreign investment to the country, boosting economic growth across the nation and fund key community-focused projects and infrastructure. High-net-worth individuals and their families from all [&hellip;]","og_url":"https:\/\/investmentvisacn.com\/de\/antigua-und-barbuda-staatsburgerschaft-durch-investition\/","og_site_name":"Investment Visa CN","article_modified_time":"2024-09-11T14:36:28+00:00","twitter_card":"summary_large_image","twitter_misc":{"Gesch\u00e4tzte Lesezeit":"9\u00a0Minuten"},"schema":{"@context":"https:\/\/schema.org","@graph":[{"@type":"WebPage","@id":"https:\/\/investmentvisacn.com\/antigua-and-barbuda-citizenship-by-investment\/","url":"https:\/\/investmentvisacn.com\/antigua-and-barbuda-citizenship-by-investment\/","name":"Antigua und Barbuda Staatsb\u00fcrgerschaft durch Investition - Investitionsvisum CN","isPartOf":{"@id":"https:\/\/investmentvisacn.com\/#website"},"datePublished":"2024-08-13T21:10:46+00:00","dateModified":"2024-09-11T14:36:28+00:00","breadcrumb":{"@id":"https:\/\/investmentvisacn.com\/antigua-and-barbuda-citizenship-by-investment\/#breadcrumb"},"inLanguage":"de","potentialAction":[{"@type":"ReadAction","target":["https:\/\/investmentvisacn.com\/antigua-and-barbuda-citizenship-by-investment\/"]}]},{"@type":"BreadcrumbList","@id":"https:\/\/investmentvisacn.com\/antigua-and-barbuda-citizenship-by-investment\/#breadcrumb","itemListElement":[{"@type":"ListItem","position":1,"name":"Home","item":"https:\/\/investmentvisacn.com\/"},{"@type":"ListItem","position":2,"name":"Antigua and Barbuda Citizenship by Investment"}]},{"@type":"WebSite","@id":"https:\/\/investmentvisacn.com\/#website","url":"https:\/\/investmentvisacn.com\/","name":"Investitionsvisum CN","description":"Globale Investment- und Visa-L\u00f6sungen, denen Sie vertrauen k\u00f6nnen","publisher":{"@id":"https:\/\/investmentvisacn.com\/#organization"},"potentialAction":[{"@type":"SearchAction","target":{"@type":"EntryPoint","urlTemplate":"https:\/\/investmentvisacn.com\/?s={search_term_string}"},"query-input":{"@type":"PropertyValueSpecification","valueRequired":true,"valueName":"search_term_string"}}],"inLanguage":"de"},{"@type":"Organization","@id":"https:\/\/investmentvisacn.com\/#organization","name":"Investitionsvisum CN","url":"https:\/\/investmentvisacn.com\/","logo":{"@type":"ImageObject","inLanguage":"de","@id":"https:\/\/investmentvisacn.com\/#\/schema\/logo\/image\/","url":"https:\/\/investmentvisacn.com\/wp-content\/uploads\/2024\/08\/universalinvestmentvisa.png","contentUrl":"https:\/\/investmentvisacn.com\/wp-content\/uploads\/2024\/08\/universalinvestmentvisa.png","width":180,"height":60,"caption":"Investment Visa CN"},"image":{"@id":"https:\/\/investmentvisacn.com\/#\/schema\/logo\/image\/"}}]}},"_links":{"self":[{"href":"https:\/\/investmentvisacn.com\/de\/wp-json\/wp\/v2\/pages\/256","targetHints":{"allow":["GET"]}}],"collection":[{"href":"https:\/\/investmentvisacn.com\/de\/wp-json\/wp\/v2\/pages"}],"about":[{"href":"https:\/\/investmentvisacn.com\/de\/wp-json\/wp\/v2\/types\/page"}],"author":[{"embeddable":true,"href":"https:\/\/investmentvisacn.com\/de\/wp-json\/wp\/v2\/users\/1"}],"replies":[{"embeddable":true,"href":"https:\/\/investmentvisacn.com\/de\/wp-json\/wp\/v2\/comments?post=256"}],"version-history":[{"count":5,"href":"https:\/\/investmentvisacn.com\/de\/wp-json\/wp\/v2\/pages\/256\/revisions"}],"predecessor-version":[{"id":609,"href":"https:\/\/investmentvisacn.com\/de\/wp-json\/wp\/v2\/pages\/256\/revisions\/609"}],"wp:attachment":[{"href":"https:\/\/investmentvisacn.com\/de\/wp-json\/wp\/v2\/media?parent=256"}],"curies":[{"name":"wp","href":"https:\/\/api.w.org\/{rel}","templated":true}]}}