{"id":250,"date":"2024-08-13T20:35:40","date_gmt":"2024-08-13T20:35:40","guid":{"rendered":"https:\/\/universalinvestmentvisa.com\/?page_id=250"},"modified":"2024-08-24T08:25:01","modified_gmt":"2024-08-24T08:25:01","slug":"griechenland-goldenes-visum","status":"publish","type":"page","link":"https:\/\/investmentvisacn.com\/de\/greece-golden-visa\/","title":{"rendered":"Griechenland Goldenes Visum"},"content":{"rendered":"<h2 class=\"wp-block-heading\">Griechenland Goldenes Visum \u00dcbersicht<\/h2>\n\n\n\n<p>Das im Juli 2013 eingef\u00fchrte griechische Golden Visa-Programm gew\u00e4hrt ein f\u00fcnfj\u00e4hriges Aufenthaltsvisum als Gegenleistung f\u00fcr eine Investition in Immobilien. Es gibt keine Mindestaufenthaltsdauer, und Kinder bis zum Alter von 21 Jahren werden in den Familienantrag einbezogen. Das Visum wird f\u00fcr f\u00fcnf Jahre erteilt und alle f\u00fcnf Jahre verl\u00e4ngert, wenn die Immobilieninvestition beibehalten wird. Es ist nicht erforderlich, im Land zu leben, um das Investorenvisum zu erhalten und zu verl\u00e4ngern. Die Staatsb\u00fcrgerschaft kann jedoch erst nach sieben Jahren Aufenthalt im Land verliehen werden.<\/p>\n\n\n\n<p class=\"has-text-align-center\"><a href=\"https:\/\/investmentvisacn.com\/de\/kontaktieren-sie-uns\/\">Kontakt-Berater<\/a><\/p>\n\n\n\n<h3 class=\"wp-block-heading\">Griechenland Goldenes Visum Vorteile<\/h3>\n\n\n\n<p>Griechenland bietet eines der kosteng\u00fcnstigsten Golden Visa-Programme in Europa an. Der Hauptvorteil des griechischen Golden-Visa-Programms besteht darin, dass Antragsteller nach einer Immobilieninvestition von 250.000 \u20ac innerhalb weniger Monate eine st\u00e4ndige Aufenthaltsgenehmigung f\u00fcr Griechenland erhalten. Eine griechische Aufenthaltsgenehmigung erm\u00f6glicht es dem Inhaber, in Griechenland zu leben, zu arbeiten und zu studieren, wenn er dies w\u00fcnscht, obwohl dies keine Voraussetzung f\u00fcr das Goldene Visum ist. Da Griechenland Teil des Schengen-Raums ist, k\u00f6nnen griechische Staatsangeh\u00f6rige visumfrei in den \u00fcbrigen Schengen-Raum der EU reisen und alle 180 Tage bis zu 90 Tage in anderen Schengen-Staaten verbringen.<\/p>\n\n\n\n<h3 class=\"wp-block-heading\">Wichtigste Vorteile:<\/h3>\n\n\n\n<ul class=\"wp-block-list\">\n<li>Schnelle Bearbeitung der Aufenthaltserlaubnis<\/li>\n\n\n\n<li>Niedrige staatliche Geb\u00fchren<\/li>\n\n\n\n<li>Niedrige Verl\u00e4ngerungsgeb\u00fchren<\/li>\n\n\n\n<li>Griechische Immobilien besitzen - Ihr Verm\u00f6gen diversifizieren<\/li>\n\n\n\n<li>Visumfreies Reisen im gesamten Schengen-Raum der EU<\/li>\n<\/ul>\n\n\n\n<p>Mindestinvestition von 250.000 \u20ac.<br>Sauberes Strafregister<br>Offen f\u00fcr Nicht-EU-Bewerber<\/p>\n\n\n\n<p>Vollst\u00e4ndiger Familienwohnsitz<br>Unterhaltsberechtigte Kinder<br>Unterhaltsberechtigte Familienangeh\u00f6rige<\/p>\n\n\n\n<p>Kein Mindestaufenthalt erforderlich<br>Kein Interview<br>Keine Sprachpr\u00fcfung<\/p>\n\n\n\n<p>Wohnsitz in einem EU-Land<br>Reisen im Schengen-Raum der EU<br>Staatsb\u00fcrgerschaft 7Jahre+ Wohnsitz<\/p>\n\n\n\n<ol class=\"wp-block-list\">\n<li><\/li>\n<\/ol>\n\n\n\n<h4 class=\"wp-block-heading\">Wie viel kostet ein Goldenes Visum f\u00fcr Griechenland?<\/h4>\n\n\n\n<p>Nach einer Investition von 250.000 \u20ac in griechische Immobilien ist das Verfahren zur Erlangung eines griechischen Goldenen Visums relativ einfach und schnell.<\/p>\n\n\n\n<p>Von&nbsp;<strong><em>Mai 2023<\/em><\/strong>, In einigen Gemeinden Griechenlands, wie z. B. Athen, Thessaloniki, Glyfada, Mykonos und Santorin, werden die Immobilienanforderungen von 250.000 \u20ac auf 500.000 \u20ac angehoben. Universal Investment Visum beobachtet die Situation genau und wird weitere Informationen zur Verf\u00fcgung stellen, sobald diese verf\u00fcgbar sind.<\/p>\n\n\n\n<p>Die Beh\u00f6rden-, Notar- und Anwaltskosten f\u00fcr den Immobilienkauf und den Visumsantrag belaufen sich auf etwa 15.000 \u20ac. Hinzu kommt die in Griechenland auf den Immobilienkauf zu entrichtende Mehrwertsteuer.<\/p>\n\n\n\n<h4 class=\"wp-block-heading\">Griechenland Goldenes Visum Anforderungen<\/h4>\n\n\n\n<p>Neben den erforderlichen Immobilieninvestitionen m\u00fcssen die Antragsteller mehrere Voraussetzungen erf\u00fcllen:<\/p>\n\n\n\n<ul class=\"wp-block-list\">\n<li>Ein sauberes Strafregister<\/li>\n\n\n\n<li>Ausreichende finanzielle Mittel und medizinische Versorgung zur Deckung ihres Aufenthalts<\/li>\n\n\n\n<li>Keine vorherige Ablehnung eines Schengen-Visums<\/li>\n\n\n\n<li>Die Antragsteller m\u00fcssen ihren Wohnsitz nicht in der EU haben.<\/li>\n<\/ul>\n\n\n\n<h4 class=\"wp-block-heading\">Ihr kostenloses Angebot<\/h4>\n\n\n\n<hr class=\"wp-block-separator has-alpha-channel-opacity\"\/>\n\n\n\n<h3 class=\"wp-block-heading\">Wie Sie das Goldene Visum in Griechenland beantragen<\/h3>\n\n\n\n<p>Buchen Sie Ihr kostenloses Beratungsgespr\u00e4ch mit dem Visa-Expertenteam von Universal, um zu besprechen und zu entscheiden, welches Programm und welcher Investitionsweg f\u00fcr Sie und Ihre Familie am besten geeignet ist. Unsere erfahrenen Berater werden Sie \u00fcber alle anfallenden Geb\u00fchren beraten und Sie ausf\u00fchrlich durch den gesamten Prozess f\u00fchren.<\/p>\n\n\n\n<p>Sie k\u00f6nnen Ihre Immobilieninvestition aus der Ferne durch unsere vertrauensw\u00fcrdigen Berater ausw\u00e4hlen, oder Sie k\u00f6nnen Griechenland besuchen, um Ihre Investition auszuw\u00e4hlen und einen Anwalt zu beauftragen, der sich in Ihrem Namen um die Eigentums\u00fcbertragung k\u00fcmmert. Durch eine Vollmacht kann der Immobilienkauf in Ihrer Abwesenheit beim Notar abgeschlossen werden.<\/p>\n\n\n\n<p>Sobald die Immobilieninvestition abgeschlossen ist, in der Regel innerhalb von 30 Tagen, k\u00f6nnen Sie das Goldene Visum f\u00fcr Griechenland beantragen. Die Kunden m\u00fcssen einen Termin f\u00fcr die Beantragung wahrnehmen, um ihre biometrischen Daten einzureichen, oder sie k\u00f6nnen dies innerhalb von sechs Monaten nach dem Termin tun.<\/p>\n\n\n\n<p>Sobald Ihr Antrag auf ein goldenes Visum genehmigt wurde, wird Ihnen eine f\u00fcnfj\u00e4hrige griechische Daueraufenthaltsgenehmigung ausgestellt. Diese kann alle f\u00fcnf Jahre verl\u00e4ngert werden, vorausgesetzt, die griechischen Immobilieninvestitionen werden beibehalten.<\/p>\n\n\n\n<ul class=\"wp-block-list\">\n<li>Schritt 1<\/li>\n\n\n\n<li>Schritt 2<\/li>\n\n\n\n<li>Schritt 3<\/li>\n\n\n\n<li>Schritt 4<\/li>\n<\/ul>\n\n\n\n<h4 class=\"wp-block-heading\">Goldenes Visum f\u00fcr Griechenland durch Immobilieninvestitionen<\/h4>\n\n\n\n<p>Immobilieninvestoren in Griechenland m\u00fcssen auch die zus\u00e4tzlichen Steuern auf Immobilien in H\u00f6he von 3% - 24% einplanen. Mit 250.000 \u20ac + Steuern und Geb\u00fchren (insgesamt knapp \u00fcber 300.000 \u20ac) bietet dieses Programm eines der g\u00fcnstigsten Aufenthaltsprogramme in Europa. Das Universal Investment Visa bietet Immobilienoptionen an verschiedenen Standorten in Griechenland. Athen hat sich als einer der beliebtesten Standorte f\u00fcr ausl\u00e4ndische Investoren erwiesen, da es \u00fcber internationale Flugverbindungen verf\u00fcgt und eine hohe Kapitalrendite bietet.<\/p>","protected":false},"excerpt":{"rendered":"<p>Greece Golden Visa Overview Launched in July 2013 the Greek Golden Visa programme grants a five-year residency visa in return for an investment in real estate. There is no minimum stay requirement and children up to the age of 21 are included in the family application. The visa is granted for five years and renewed [&hellip;]<\/p>\n","protected":false},"author":1,"featured_media":0,"parent":0,"menu_order":0,"comment_status":"closed","ping_status":"closed","template":"","meta":{"footnotes":""},"class_list":["post-250","page","type-page","status-publish","hentry"],"yoast_head":"<!-- This site is optimized with the Yoast SEO plugin v27.3 - https:\/\/yoast.com\/product\/yoast-seo-wordpress\/ -->\n<title>Greece Golden Visa - Investment Visa CN<\/title>\n<meta name=\"robots\" content=\"index, follow, max-snippet:-1, max-image-preview:large, max-video-preview:-1\" \/>\n<link rel=\"canonical\" href=\"https:\/\/investmentvisacn.com\/de\/griechenland-goldenes-visum\/\" \/>\n<meta property=\"og:locale\" content=\"de_DE\" \/>\n<meta property=\"og:type\" content=\"article\" \/>\n<meta property=\"og:title\" content=\"Greece Golden Visa - Investment Visa CN\" \/>\n<meta property=\"og:description\" content=\"Greece Golden Visa Overview Launched in July 2013 the Greek Golden Visa programme grants a five-year residency visa in return for an investment in real estate. There is no minimum stay requirement and children up to the age of 21 are included in the family application. The visa is granted for five years and renewed [&hellip;]\" \/>\n<meta property=\"og:url\" content=\"https:\/\/investmentvisacn.com\/de\/griechenland-goldenes-visum\/\" \/>\n<meta property=\"og:site_name\" content=\"Investment Visa CN\" \/>\n<meta property=\"article:modified_time\" content=\"2024-08-24T08:25:01+00:00\" \/>\n<meta name=\"twitter:card\" content=\"summary_large_image\" \/>\n<meta name=\"twitter:label1\" content=\"Gesch\u00e4tzte Lesezeit\" \/>\n\t<meta name=\"twitter:data1\" content=\"3\u00a0Minuten\" \/>\n<script type=\"application\/ld+json\" class=\"yoast-schema-graph\">{\"@context\":\"https:\\\/\\\/schema.org\",\"@graph\":[{\"@type\":\"WebPage\",\"@id\":\"https:\\\/\\\/investmentvisacn.com\\\/greece-golden-visa\\\/\",\"url\":\"https:\\\/\\\/investmentvisacn.com\\\/greece-golden-visa\\\/\",\"name\":\"Greece Golden Visa - Investment Visa CN\",\"isPartOf\":{\"@id\":\"https:\\\/\\\/investmentvisacn.com\\\/#website\"},\"datePublished\":\"2024-08-13T20:35:40+00:00\",\"dateModified\":\"2024-08-24T08:25:01+00:00\",\"breadcrumb\":{\"@id\":\"https:\\\/\\\/investmentvisacn.com\\\/greece-golden-visa\\\/#breadcrumb\"},\"inLanguage\":\"de\",\"potentialAction\":[{\"@type\":\"ReadAction\",\"target\":[\"https:\\\/\\\/investmentvisacn.com\\\/greece-golden-visa\\\/\"]}]},{\"@type\":\"BreadcrumbList\",\"@id\":\"https:\\\/\\\/investmentvisacn.com\\\/greece-golden-visa\\\/#breadcrumb\",\"itemListElement\":[{\"@type\":\"ListItem\",\"position\":1,\"name\":\"Home\",\"item\":\"https:\\\/\\\/investmentvisacn.com\\\/\"},{\"@type\":\"ListItem\",\"position\":2,\"name\":\"Greece Golden Visa\"}]},{\"@type\":\"WebSite\",\"@id\":\"https:\\\/\\\/investmentvisacn.com\\\/#website\",\"url\":\"https:\\\/\\\/investmentvisacn.com\\\/\",\"name\":\"Investment Visa CN\",\"description\":\"Global Investment &amp; Visa Solutions You Can Trust\",\"publisher\":{\"@id\":\"https:\\\/\\\/investmentvisacn.com\\\/#organization\"},\"potentialAction\":[{\"@type\":\"SearchAction\",\"target\":{\"@type\":\"EntryPoint\",\"urlTemplate\":\"https:\\\/\\\/investmentvisacn.com\\\/?s={search_term_string}\"},\"query-input\":{\"@type\":\"PropertyValueSpecification\",\"valueRequired\":true,\"valueName\":\"search_term_string\"}}],\"inLanguage\":\"de\"},{\"@type\":\"Organization\",\"@id\":\"https:\\\/\\\/investmentvisacn.com\\\/#organization\",\"name\":\"Investment Visa CN\",\"url\":\"https:\\\/\\\/investmentvisacn.com\\\/\",\"logo\":{\"@type\":\"ImageObject\",\"inLanguage\":\"de\",\"@id\":\"https:\\\/\\\/investmentvisacn.com\\\/#\\\/schema\\\/logo\\\/image\\\/\",\"url\":\"https:\\\/\\\/investmentvisacn.com\\\/wp-content\\\/uploads\\\/2024\\\/08\\\/universalinvestmentvisa.png\",\"contentUrl\":\"https:\\\/\\\/investmentvisacn.com\\\/wp-content\\\/uploads\\\/2024\\\/08\\\/universalinvestmentvisa.png\",\"width\":180,\"height\":60,\"caption\":\"Investment Visa CN\"},\"image\":{\"@id\":\"https:\\\/\\\/investmentvisacn.com\\\/#\\\/schema\\\/logo\\\/image\\\/\"}}]}<\/script>\n<!-- \/ Yoast SEO plugin. -->","yoast_head_json":{"title":"Griechenland Goldenes Visum - Investitionsvisum CN","robots":{"index":"index","follow":"follow","max-snippet":"max-snippet:-1","max-image-preview":"max-image-preview:large","max-video-preview":"max-video-preview:-1"},"canonical":"https:\/\/investmentvisacn.com\/de\/griechenland-goldenes-visum\/","og_locale":"de_DE","og_type":"article","og_title":"Greece Golden Visa - Investment Visa CN","og_description":"Greece Golden Visa Overview Launched in July 2013 the Greek Golden Visa programme grants a five-year residency visa in return for an investment in real estate. There is no minimum stay requirement and children up to the age of 21 are included in the family application. The visa is granted for five years and renewed [&hellip;]","og_url":"https:\/\/investmentvisacn.com\/de\/griechenland-goldenes-visum\/","og_site_name":"Investment Visa CN","article_modified_time":"2024-08-24T08:25:01+00:00","twitter_card":"summary_large_image","twitter_misc":{"Gesch\u00e4tzte Lesezeit":"3\u00a0Minuten"},"schema":{"@context":"https:\/\/schema.org","@graph":[{"@type":"WebPage","@id":"https:\/\/investmentvisacn.com\/greece-golden-visa\/","url":"https:\/\/investmentvisacn.com\/greece-golden-visa\/","name":"Griechenland Goldenes Visum - Investitionsvisum CN","isPartOf":{"@id":"https:\/\/investmentvisacn.com\/#website"},"datePublished":"2024-08-13T20:35:40+00:00","dateModified":"2024-08-24T08:25:01+00:00","breadcrumb":{"@id":"https:\/\/investmentvisacn.com\/greece-golden-visa\/#breadcrumb"},"inLanguage":"de","potentialAction":[{"@type":"ReadAction","target":["https:\/\/investmentvisacn.com\/greece-golden-visa\/"]}]},{"@type":"BreadcrumbList","@id":"https:\/\/investmentvisacn.com\/greece-golden-visa\/#breadcrumb","itemListElement":[{"@type":"ListItem","position":1,"name":"Home","item":"https:\/\/investmentvisacn.com\/"},{"@type":"ListItem","position":2,"name":"Greece Golden Visa"}]},{"@type":"WebSite","@id":"https:\/\/investmentvisacn.com\/#website","url":"https:\/\/investmentvisacn.com\/","name":"Investitionsvisum CN","description":"Globale Investment- und Visa-L\u00f6sungen, denen Sie vertrauen k\u00f6nnen","publisher":{"@id":"https:\/\/investmentvisacn.com\/#organization"},"potentialAction":[{"@type":"SearchAction","target":{"@type":"EntryPoint","urlTemplate":"https:\/\/investmentvisacn.com\/?s={search_term_string}"},"query-input":{"@type":"PropertyValueSpecification","valueRequired":true,"valueName":"search_term_string"}}],"inLanguage":"de"},{"@type":"Organization","@id":"https:\/\/investmentvisacn.com\/#organization","name":"Investitionsvisum CN","url":"https:\/\/investmentvisacn.com\/","logo":{"@type":"ImageObject","inLanguage":"de","@id":"https:\/\/investmentvisacn.com\/#\/schema\/logo\/image\/","url":"https:\/\/investmentvisacn.com\/wp-content\/uploads\/2024\/08\/universalinvestmentvisa.png","contentUrl":"https:\/\/investmentvisacn.com\/wp-content\/uploads\/2024\/08\/universalinvestmentvisa.png","width":180,"height":60,"caption":"Investment Visa CN"},"image":{"@id":"https:\/\/investmentvisacn.com\/#\/schema\/logo\/image\/"}}]}},"_links":{"self":[{"href":"https:\/\/investmentvisacn.com\/de\/wp-json\/wp\/v2\/pages\/250","targetHints":{"allow":["GET"]}}],"collection":[{"href":"https:\/\/investmentvisacn.com\/de\/wp-json\/wp\/v2\/pages"}],"about":[{"href":"https:\/\/investmentvisacn.com\/de\/wp-json\/wp\/v2\/types\/page"}],"author":[{"embeddable":true,"href":"https:\/\/investmentvisacn.com\/de\/wp-json\/wp\/v2\/users\/1"}],"replies":[{"embeddable":true,"href":"https:\/\/investmentvisacn.com\/de\/wp-json\/wp\/v2\/comments?post=250"}],"version-history":[{"count":3,"href":"https:\/\/investmentvisacn.com\/de\/wp-json\/wp\/v2\/pages\/250\/revisions"}],"predecessor-version":[{"id":476,"href":"https:\/\/investmentvisacn.com\/de\/wp-json\/wp\/v2\/pages\/250\/revisions\/476"}],"wp:attachment":[{"href":"https:\/\/investmentvisacn.com\/de\/wp-json\/wp\/v2\/media?parent=250"}],"curies":[{"name":"wp","href":"https:\/\/api.w.org\/{rel}","templated":true}]}}